{"id":7,"date":"2022-01-26T15:17:38","date_gmt":"2022-01-26T15:17:38","guid":{"rendered":"https:\/\/betriebsunterhalt.ch\/aargau-solothurn\/?page_id=7"},"modified":"2022-05-04T15:18:17","modified_gmt":"2022-05-04T13:18:17","slug":"weiterbildung","status":"publish","type":"page","link":"https:\/\/betriebsunterhalt.ch\/aargau-solothurn\/weiterbildung\/","title":{"rendered":"Weiterbildung"},"content":{"rendered":"<h1>Kurse<\/h1>\n<div>\n<p>Haben Sie schon ein paar Jahre Berufserfahrung im Haus- oder Werkdienst? Bilden Sie Lernende aus? Dann ist das SFB-Weiterbildungsprogramm genau das Richtige f\u00fcr Sie. In den Kursen vertiefen Sie Basiswissen, und Sie lernen Neues kennen. Zudem kn\u00fcpfen Sie wertvolle Kontakte in der Branche.<\/p>\n<\/div>\n<p>\n    <a href=\"https:\/\/betriebsunterhalt.ch\/fbabzm\/weiterbildung\/\">Kurse im FB ABZM<\/a>\n<\/p>\n<p>\n    <a href=\"https:\/\/www.betriebsunterhalt.ch\/kurse\">Kurse aller SFB-Sektionen<\/a>\n<\/p>\n<h2>Mehr Infos<\/h2>\n<ul>\n<li>\n<p><a href=\"https:\/\/www.betriebsunterhalt.ch\/weiterbildung\">Weiterbildungsm\u00f6glichkeiten<\/a><\/p>\n<\/li>\n<li>\n<p><a href=\"https:\/\/www.betriebsunterhalt.ch\/fbabzm\">Ausbildungszentrum Mittelland (FB ABZM)<\/a><\/p>\n<\/li>\n<li>\n<p><a href=\"https:\/\/wbzlenzburg.ch\/index.php?id=1152\">WBZ Lenzburg<\/a><\/p>\n<\/li>\n<li>\n<p><a href=\"https:\/\/bbzsogr.so.ch\/\">BBZ Solothurn-Grenchen<\/a><\/p>\n<\/li>\n<\/ul>\n<p><!--more--><br \/>\n<!-- {\"name\":\"Weiterbildung\",\"type\":\"layout\",\"children\":[{\"name\":\"Header\",\"type\":\"section\",\"props\":{\"style\":\"default\",\"width\":\"\",\"vertical_align\":\"middle\",\"title_position\":\"top-left\",\"title_rotation\":\"left\",\"title_breakpoint\":\"xl\",\"image_position\":\"center-center\",\"padding\":\"large\",\"image\":\"wp-content\\\/uploads\\\/sites\\\/6\\\/2022\\\/02\\\/headerbilder_unterseiten_zentralschweiz_0005__RWE0821.jpg\",\"text_color\":\"light\",\"image_size\":\"cover\",\"image_width\":\"2560\",\"height\":\"expand\"},\"children\":[{\"name\":\"\",\"type\":\"row\",\"children\":[{\"name\":\"\",\"type\":\"column\",\"props\":{\"image_position\":\"center-center\",\"width_medium\":\"1-1\",\"media_overlay_gradient\":\"\",\"position_sticky_breakpoint\":\"m\"},\"children\":[]}]}]},{\"type\":\"section\",\"props\":{\"style\":\"default\",\"width\":\"default\",\"vertical_align\":\"middle\",\"title_position\":\"top-left\",\"title_rotation\":\"left\",\"title_breakpoint\":\"xl\",\"image_position\":\"center-center\"},\"children\":[{\"type\":\"row\",\"children\":[{\"type\":\"column\",\"props\":{\"image_position\":\"center-center\",\"media_overlay_gradient\":\"\",\"position_sticky_breakpoint\":\"m\"},\"children\":[{\"type\":\"headline\",\"props\":{\"title_element\":\"h1\",\"content\":\"Kurse\",\"text_align\":\"center\",\"title_decoration\":\"bullet\"}},{\"type\":\"text\",\"props\":{\"margin\":\"medium\",\"column_breakpoint\":\"m\",\"content\":\"\n\n<p>Haben Sie schon ein paar Jahre Berufserfahrung im Haus- oder Werkdienst? Bilden Sie Lernende aus? Dann ist das SFB-Weiterbildungsprogramm genau das Richtige f\\u00fcr Sie. In den Kursen vertiefen Sie Basiswissen, und Sie lernen Neues kennen. Zudem kn\\u00fcpfen Sie wertvolle Kontakte in der Branche.<\\\/p>\",\"text_style\":\"lead\",\"text_align\":\"center\"}},{\"type\":\"button\",\"props\":{\"grid_column_gap\":\"small\",\"grid_row_gap\":\"small\",\"margin\":\"default\",\"text_align\":\"center\"},\"children\":[{\"type\":\"button_item\",\"props\":{\"button_style\":\"primary\",\"icon_align\":\"left\",\"content\":\"Kurse im FB ABZM\",\"link\":\"https:\\\/\\\/betriebsunterhalt.ch\\\/fbabzm\\\/weiterbildung\\\/\",\"link_title\":\"Kurse im FB ABZM\"}}]},{\"type\":\"button\",\"props\":{\"grid_column_gap\":\"small\",\"grid_row_gap\":\"small\",\"margin\":\"default\",\"text_align\":\"center\"},\"children\":[{\"type\":\"button_item\",\"props\":{\"button_style\":\"primary\",\"icon_align\":\"left\",\"content\":\"Kurse aller SFB-Sektionen\",\"link\":\"https:\\\/\\\/www.betriebsunterhalt.ch\\\/kurse\",\"link_title\":\"Kurse aller SFB-Sektionen\"}}]}]}]}],\"name\":\"Kurse\"},{\"type\":\"section\",\"props\":{\"style\":\"default\",\"width\":\"default\",\"vertical_align\":\"middle\",\"title_position\":\"top-left\",\"title_rotation\":\"left\",\"title_breakpoint\":\"xl\",\"image_position\":\"center-center\"},\"children\":[{\"type\":\"row\",\"children\":[{\"type\":\"column\",\"props\":{\"image_position\":\"center-center\",\"media_overlay_gradient\":\"\",\"position_sticky_breakpoint\":\"m\"},\"children\":[{\"type\":\"headline\",\"props\":{\"title_element\":\"h2\",\"content\":\"Mehr Infos\",\"text_align\":\"left\",\"title_style\":\"h3\"}},{\"type\":\"list\",\"props\":{\"show_image\":true,\"show_link\":true,\"list_element\":\"ul\",\"column_breakpoint\":\"m\",\"image_svg_color\":\"emphasis\",\"image_align\":\"left\",\"image_vertical_align\":true,\"list_marker\":\"disc\",\"list_type\":\"vertical\",\"list_horizontal_separator\":\", \"},\"children\":[{\"type\":\"list_item\",\"props\":{\"content\":\"Weiterbildungsm\\u00f6glichkeiten\",\"link\":\"https:\\\/\\\/www.betriebsunterhalt.ch\\\/weiterbildung\"}},{\"type\":\"list_item\",\"props\":{\"link\":\"https:\\\/\\\/www.betriebsunterhalt.ch\\\/fbabzm\",\"content\":\"Ausbildungszentrum Mittelland (FB ABZM)\"}},{\"type\":\"list_item\",\"props\":{\"content\":\"WBZ Lenzburg\",\"link\":\"https:\\\/\\\/wbzlenzburg.ch\\\/index.php?id=1152\",\"link_target\":true}},{\"type\":\"list_item\",\"props\":{\"content\":\"BBZ Solothurn-Grenchen\",\"icon\":\"\",\"link\":\"https:\\\/\\\/bbzsogr.so.ch\\\/\",\"link_target\":true}}]}]}]}],\"name\":\"Mehr Infos\"}],\"version\":\"2.7.16\",\"yooessentialsVersion\":\"1.5.12\"} --><\/p>\n","protected":false},"excerpt":{"rendered":"<p>Kurse Haben Sie schon ein paar Jahre Berufserfahrung im Haus- oder Werkdienst? Bilden Sie Lernende aus? Dann ist das SFB-Weiterbildungsprogramm genau das Richtige f\u00fcr Sie. In den Kursen vertiefen Sie Basiswissen, und Sie lernen Neues kennen. Zudem kn\u00fcpfen Sie wertvolle Kontakte in der Branche. Kurse im FB ABZM Kurse aller SFB-Sektionen Mehr Infos Weiterbildungsm\u00f6glichkeiten Ausbildungszentrum [&hellip;]<\/p>\n","protected":false},"author":2,"featured_media":0,"parent":0,"menu_order":0,"comment_status":"closed","ping_status":"closed","template":"","meta":{"_acf_changed":false,"footnotes":""},"class_list":["post-7","page","type-page","status-publish","hentry"],"acf":[],"_links":{"self":[{"href":"https:\/\/betriebsunterhalt.ch\/aargau-solothurn\/wp-json\/wp\/v2\/pages\/7","targetHints":{"allow":["GET"]}}],"collection":[{"href":"https:\/\/betriebsunterhalt.ch\/aargau-solothurn\/wp-json\/wp\/v2\/pages"}],"about":[{"href":"https:\/\/betriebsunterhalt.ch\/aargau-solothurn\/wp-json\/wp\/v2\/types\/page"}],"author":[{"embeddable":true,"href":"https:\/\/betriebsunterhalt.ch\/aargau-solothurn\/wp-json\/wp\/v2\/users\/2"}],"replies":[{"embeddable":true,"href":"https:\/\/betriebsunterhalt.ch\/aargau-solothurn\/wp-json\/wp\/v2\/comments?post=7"}],"version-history":[{"count":0,"href":"https:\/\/betriebsunterhalt.ch\/aargau-solothurn\/wp-json\/wp\/v2\/pages\/7\/revisions"}],"wp:attachment":[{"href":"https:\/\/betriebsunterhalt.ch\/aargau-solothurn\/wp-json\/wp\/v2\/media?parent=7"}],"curies":[{"name":"wp","href":"https:\/\/api.w.org\/{rel}","templated":true}]}}