{"id":11,"date":"2022-01-26T15:32:24","date_gmt":"2022-01-26T15:32:24","guid":{"rendered":"https:\/\/betriebsunterhalt.ch\/beider-basel\/?page_id=11"},"modified":"2024-11-18T10:10:29","modified_gmt":"2024-11-18T09:10:29","slug":"lehre","status":"publish","type":"page","link":"https:\/\/betriebsunterhalt.ch\/basel\/lehre\/","title":{"rendered":"Lehre"},"content":{"rendered":"<h1>Schule \/ \u00fcK \/ QV<\/h1>\n<div>\n<p>Die Ausbildung als Fachfrau\/Fachmann Betriebsunterhalt EFZ oder Unterhaltspraktikerin\/Unterhaltspraktiker EBA absolvierst du in deinem Lehrbetrieb. In der Berufsschule sowie in den \u00fcberbetrieblichen Kursen (\u00fcK) lernst du die theoretischen Grundlagen deines Berufs.<\/p>\n<\/div>\n<h3>Berufsschule<\/h3>\n<div>\n<h3>Berufsbildungszentrum Baselland | Standort Liestal<\/h3>\n<div>\n<p>Auf der Webseite vom BBZ Baselland findest du Stunden-, Ferien- und Lehrpl\u00e4ne.\u00a0<\/p>\n<\/div>\n<p><a href=\"https:\/\/www.bbzbl.ch\/\">Webseite BBZ Baselland<\/a><\/p>\n<\/div>\n<h3>\u00fcK | \u00fcberbetriebliche Kurse<\/h3>\n<div>\n<h3>Kursort<\/h3>\n<div>\n<p><span>Die \u00fcberbetrieblichen Kurse f\u00fcr alle Lernenden unserer Sektionen finden im Ausbildungszentrum Mittelland (FB ABZM), Keramikweg 3, 6252 Dagmersellen statt.\u00a0<\/span><span>Einzelne Spezialkurse finden weiterhin auf dem Areal Campus Sursee statt. Die Infos (Daten, Inhalt und Standort) erh\u00e4ltst du jeweils ein paar Wochen vor Kursbeginn.<\/span><\/p>\n<\/div>\n<p><a href=\"https:\/\/betriebsunterhalt.ch\/fbabzm\/\">Webseite FB ABZM<\/a><\/p>\n<\/div>\n<h3>QV | Qualifikationsverfahren<\/h3>\n<div>\n<h3>Pr\u00fcfungsort<\/h3>\n<div>\n<p><span>Das Qualifikationsverfahren findet im Ausbildungszentrum Mittelland (FB ABZM) in Dagmersellen statt.<\/span><\/p>\n<\/div>\n<p><a href=\"https:\/\/betriebsunterhalt.ch\/fbabzm\/\">Webseite FB ABZM<\/a><\/p>\n<\/div>\n<h4>FB ABZM | Ausbildungszentrum Mittelland: Keramikweg 3, 6252 Dagmersellen<\/h4>\n<div>\n<p>47.2100,7.9835<\/p>\n<div>\n<div jstcache=\"24\" class=\"place-name\" jsan=\"7.place-name\"><b>FB ABZM\u00a0<\/b><\/div>\n<div jstcache=\"25\" class=\"address\" jsan=\"7.address\">Keramikweg 3\u00a0<\/div>\n<div jstcache=\"25\" class=\"address\" jsan=\"7.address\">6252 Dagmersellen\u00a0<\/div>\n<\/div>\n<\/div>\n<h1>Digitale Lernmedien<\/h1>\n<div>\n<p>Lizenzen f\u00fcr den Lehreintritt 2025 k\u00f6nnen im Fr\u00fchling 2025 bestellt werden.<\/p>\n<p>Achtung: Der Best\u00e4tigungslink f\u00fcr die Er\u00f6ffnung des Accounts kann auch im Spam-Ordner landen. Bitte pr\u00fcfen Sie diesen Eingang in dieser Zeit.\u00a0<\/p>\n<\/div>\n<h4>Schulungsangebote f\u00fcr Berufsbildner \/ innen<\/h4>\n<div>\n<h3>von der Sektion beider Basel<\/h3>\n<div>\n<p><span>Weitere Informationen zu aktuellen Konvink Schulungen finden Sie auf dieser Webseite unter &#8222;Weiterbildung&#8220;.\u00a0<\/span><\/p>\n<\/div>\n<p><a href=\"https:\/\/betriebsunterhalt.ch\/basel\/weiterbildung\/\">Mehr Informationen<\/a><\/p>\n<\/div>\n<div>\n<p><img decoding=\"async\" src=\"\/basel\/wp-content\/uploads\/2023\/11\/Produkte-Icon.svg\" alt=\"\"><\/p>\n<h3>Konvink: <br \/>Neue Tutorials f\u00fcr Lernende und Berufsbildende<\/h3>\n<div>\n<p>Die kurzen und pr\u00e4gnanten Tutorials f\u00fchren Schritt f\u00fcr Schritt in die zentralen Aufgaben an den verschiedenen Lernorten ein. Sie beantworten wichtige Fragen und helfen so, Lernenden, Lehrpersonen und Berufsbildner\/innen ihre Aufgaben erfolgreich und mit Freude umzusetzen.<\/p>\n<\/div>\n<p><a href=\"https:\/\/www.konvink.ch\/tutorials\/\">Zu den Tutorials<\/a><\/p>\n<\/div>\n<h1>Mehr Informationen<\/h1>\n<ul>\n<li>\n<p><a href=\"https:\/\/www.betriebsunterhalt.ch\/berufsbild\"><\/p>\n<p>Berufsbild: Deine Arbeit<\/p>\n<p><\/a><\/p>\n<\/li>\n<li>\n<p><a href=\"https:\/\/www.betriebsunterhalt.ch\/weiterbildung\"><\/p>\n<p>Weiterbildungsm\u00f6glichkeiten: Deine Karriere-Chancen<\/p>\n<p><\/a><\/p>\n<\/li>\n<li>\n<p><a href=\"\/basel\/wp-content\/uploads\/sites\/10\/2023\/03\/SFB_Lepo_2022_vd0822_web2sneu.pdf\"><\/p>\n<p>Berufsinfo-Flyer<\/p>\n<p><\/a><\/p>\n<\/li>\n<\/ul>\n<p><!--more--><br \/>\n<!-- {\"name\":\"Lehre\",\"type\":\"layout\",\"children\":[{\"name\":\"Header\",\"type\":\"section\",\"props\":{\"height\":\"page\",\"image\":\"wp-content\\\/uploads\\\/sites\\\/7\\\/2022\\\/02\\\/header_unterseiten_zentral_0007__RWE0776.jpg\",\"image_position\":\"center-center\",\"image_size\":\"cover\",\"image_width\":\"2560\",\"padding\":\"large\",\"style\":\"default\",\"text_color\":\"light\",\"title_breakpoint\":\"xl\",\"title_position\":\"top-left\",\"title_rotation\":\"left\",\"vertical_align\":\"\",\"width\":\"\"},\"children\":[{\"type\":\"row\",\"children\":[{\"type\":\"column\",\"props\":{\"image_position\":\"center-center\",\"position_sticky_breakpoint\":\"m\",\"width_medium\":\"1-1\"}}]}]},{\"type\":\"section\",\"props\":{\"image_position\":\"center-center\",\"style\":\"default\",\"title_breakpoint\":\"xl\",\"title_position\":\"top-left\",\"title_rotation\":\"left\",\"vertical_align\":\"\",\"width\":\"default\"},\"children\":[{\"type\":\"row\",\"children\":[{\"type\":\"column\",\"props\":{\"image_position\":\"center-center\",\"position_sticky_breakpoint\":\"m\"},\"children\":[{\"type\":\"headline\",\"props\":{\"content\":\"Schule \\\/ \\u00fcK \\\/ QV\",\"text_align\":\"center\",\"title_decoration\":\"bullet\",\"title_element\":\"h1\"}},{\"type\":\"text\",\"props\":{\"column_breakpoint\":\"m\",\"content\":\"\n\n<p>Die Ausbildung als Fachfrau\\\/Fachmann Betriebsunterhalt EFZ oder Unterhaltspraktikerin\\\/Unterhaltspraktiker EBA absolvierst du in deinem Lehrbetrieb. In der Berufsschule sowie in den \\u00fcberbetrieblichen Kursen (\\u00fcK) lernst du die theoretischen Grundlagen deines Berufs.<\\\/p>\",\"margin\":\"medium\",\"text_align\":\"center\",\"text_style\":\"lead\"}},{\"type\":\"headline\",\"props\":{\"content\":\"Berufsschule\",\"title_element\":\"h3\"}},{\"type\":\"accordion\",\"props\":{\"collapsible\":true,\"content_column_breakpoint\":\"m\",\"image_align\":\"top\",\"image_grid_breakpoint\":\"m\",\"image_grid_width\":\"1-2\",\"image_svg_color\":\"emphasis\",\"link_style\":\"secondary\",\"link_text\":\"Read more\",\"show_image\":true,\"show_link\":true},\"children\":[{\"type\":\"accordion_item\",\"props\":{\"content\":\"\n\n<p>Auf der Webseite vom BBZ Baselland findest du Stunden-, Ferien- und Lehrpl\\u00e4ne.\\u00a0<\\\/p>\",\"link\":\"https:\\\/\\\/www.bbzbl.ch\\\/\",\"link_text\":\"Webseite BBZ Baselland\",\"title\":\"Berufsbildungszentrum Baselland | Standort Liestal\"}}]},{\"type\":\"headline\",\"props\":{\"content\":\"\\u00fcK | \\u00fcberbetriebliche Kurse\",\"title_element\":\"h3\"}},{\"type\":\"accordion\",\"props\":{\"collapsible\":true,\"content_column_breakpoint\":\"m\",\"image_align\":\"top\",\"image_grid_breakpoint\":\"m\",\"image_grid_width\":\"1-2\",\"image_svg_color\":\"emphasis\",\"link_style\":\"secondary\",\"link_text\":\"Read more\",\"show_image\":true,\"show_link\":true},\"children\":[{\"type\":\"accordion_item\",\"props\":{\"content\":\"\n\n<p><span>Die \\u00fcberbetrieblichen Kurse f\\u00fcr alle Lernenden unserer Sektionen finden im Ausbildungszentrum Mittelland (FB ABZM), Keramikweg 3, 6252 Dagmersellen statt.\\u00a0<\\\/span><span>Einzelne Spezialkurse finden weiterhin auf dem Areal Campus Sursee statt. Die Infos (Daten, Inhalt und Standort) erh\\u00e4ltst du jeweils ein paar Wochen vor Kursbeginn.<\\\/span><\\\/p>\",\"link\":\"https:\\\/\\\/betriebsunterhalt.ch\\\/fbabzm\\\/\",\"link_text\":\"Webseite FB ABZM\",\"title\":\"Kursort\"}}]},{\"type\":\"headline\",\"props\":{\"content\":\"QV | Qualifikationsverfahren\",\"title_element\":\"h3\"}},{\"type\":\"accordion\",\"props\":{\"collapsible\":true,\"content_column_breakpoint\":\"m\",\"image_align\":\"top\",\"image_grid_breakpoint\":\"m\",\"image_grid_width\":\"1-2\",\"image_svg_color\":\"emphasis\",\"link_style\":\"secondary\",\"link_text\":\"Read more\",\"show_image\":true,\"show_link\":true},\"children\":[{\"type\":\"accordion_item\",\"props\":{\"content\":\"\n\n<p><span>Das Qualifikationsverfahren findet im Ausbildungszentrum Mittelland (FB ABZM) in Dagmersellen statt.<\\\/span><\\\/p>\",\"link\":\"https:\\\/\\\/betriebsunterhalt.ch\\\/fbabzm\\\/\",\"link_text\":\"Webseite FB ABZM\",\"title\":\"Pr\\u00fcfungsort\"}}]},{\"type\":\"headline\",\"props\":{\"content\":\"FB ABZM | Ausbildungszentrum Mittelland: Keramikweg 3, 6252 Dagmersellen\",\"title_element\":\"h4\"}},{\"type\":\"map\",\"props\":{\"controls\":true,\"dragging\":false,\"image_svg_color\":\"emphasis\",\"link_style\":\"default\",\"link_text\":\"Read more\",\"margin\":\"default\",\"max_zoom\":18,\"meta_align\":\"below-title\",\"meta_element\":\"div\",\"meta_style\":\"text-meta\",\"min_zoom\":0,\"poi\":false,\"show_content\":true,\"show_image\":true,\"show_link\":true,\"show_meta\":true,\"show_title\":true,\"title_element\":\"h3\",\"title_hover_style\":\"reset\",\"type\":\"roadmap\",\"zoom\":10,\"zooming\":false},\"children\":[{\"type\":\"map_item\",\"props\":{\"content\":\"\n\n<div jstcache=\\\"24\\\" class=\\\"place-name\\\" jsan=\\\"7.place-name\\\"><b>FB ABZM\\u00a0<\\\/b><\\\/div>\\n\n\n<div jstcache=\\\"25\\\" class=\\\"address\\\" jsan=\\\"7.address\\\">Keramikweg 3\\u00a0<\\\/div>\\n\n\n<div jstcache=\\\"25\\\" class=\\\"address\\\" jsan=\\\"7.address\\\">6252 Dagmersellen\\u00a0<\\\/div>\",\"location\":\"47.2100,7.9835\",\"show_popup\":true}}]}]}]}],\"name\":\"Schule \\\/ \\u00fcK \\\/ QV\"},{\"type\":\"section\",\"props\":{\"image_position\":\"center-center\",\"style\":\"default\",\"title_breakpoint\":\"xl\",\"title_position\":\"top-left\",\"title_rotation\":\"left\",\"vertical_align\":\"middle\",\"width\":\"default\"},\"children\":[{\"type\":\"row\",\"children\":[{\"type\":\"column\",\"props\":{\"image_position\":\"center-center\",\"position_sticky_breakpoint\":\"m\"},\"children\":[{\"type\":\"headline\",\"props\":{\"content\":\"Digitale Lernmedien\",\"text_align\":\"center\",\"title_decoration\":\"bullet\",\"title_element\":\"h1\"}},{\"type\":\"text\",\"props\":{\"column_breakpoint\":\"m\",\"content\":\"\n\n<p>Lizenzen f\\u00fcr den Lehreintritt 2025 k\\u00f6nnen im Fr\\u00fchling 2025 bestellt werden.<\\\/p>\\n\n\n<p>Achtung: Der Best\\u00e4tigungslink f\\u00fcr die Er\\u00f6ffnung des Accounts kann auch im Spam-Ordner landen. Bitte pr\\u00fcfen Sie diesen Eingang in dieser Zeit.\\u00a0<\\\/p>\",\"margin\":\"medium\",\"text_align\":\"center\",\"text_style\":\"lead\"}},{\"type\":\"headline\",\"props\":{\"content\":\"Schulungsangebote f\\u00fcr Berufsbildner \\\/ innen\",\"title_element\":\"h4\",\"title_style\":\"h3\"}},{\"type\":\"accordion\",\"props\":{\"collapsible\":true,\"content_column_breakpoint\":\"m\",\"image_align\":\"top\",\"image_grid_breakpoint\":\"m\",\"image_grid_width\":\"1-2\",\"image_svg_color\":\"emphasis\",\"link_style\":\"secondary\",\"link_text\":\"Read more\",\"show_image\":true,\"show_link\":true},\"children\":[{\"type\":\"accordion_item\",\"props\":{\"content\":\"\n\n<p><span>Weitere Informationen zu aktuellen Konvink Schulungen finden Sie auf dieser Webseite unter \\\"Weiterbildung\\\".\\u00a0<\\\/span><\\\/p>\",\"link\":\"https:\\\/\\\/betriebsunterhalt.ch\\\/basel\\\/weiterbildung\\\/\",\"link_text\":\"Mehr Informationen\",\"title\":\"von der Sektion beider Basel\"}}]},{\"type\":\"grid\",\"props\":{\"content_column_breakpoint\":\"m\",\"filter_align\":\"left\",\"filter_all\":true,\"filter_grid_breakpoint\":\"m\",\"filter_grid_width\":\"auto\",\"filter_position\":\"top\",\"filter_style\":\"tab\",\"grid_default\":\"1\",\"grid_medium\":\"1\",\"icon_width\":80,\"image_align\":\"left\",\"image_grid_breakpoint\":\"m\",\"image_grid_column_gap\":\"large\",\"image_grid_width\":\"1-3\",\"image_height\":\"500\",\"image_link\":true,\"image_svg_color\":\"emphasis\",\"image_vertical_align\":true,\"image_width\":\"500\",\"item_animation\":true,\"link_style\":\"secondary\",\"link_target\":true,\"link_text\":\"\",\"margin\":\"medium\",\"meta_align\":\"below-title\",\"meta_element\":\"div\",\"meta_margin\":\"small\",\"meta_style\":\"text-meta\",\"panel_link\":true,\"panel_padding\":\"default\",\"show_content\":true,\"show_image\":true,\"show_link\":true,\"show_meta\":true,\"show_title\":true,\"title_align\":\"top\",\"title_element\":\"h3\",\"title_grid_breakpoint\":\"m\",\"title_grid_width\":\"1-2\",\"title_hover_style\":\"reset\"},\"children\":[{\"type\":\"grid_item\",\"props\":{\"content\":\"\n\n<p>Die kurzen und pr\\u00e4gnanten Tutorials f\\u00fchren Schritt f\\u00fcr Schritt in die zentralen Aufgaben an den verschiedenen Lernorten ein. Sie beantworten wichtige Fragen und helfen so, Lernenden, Lehrpersonen und Berufsbildner\\\/innen ihre Aufgaben erfolgreich und mit Freude umzusetzen.<\\\/p>\",\"image\":\"wp-content\\\/uploads\\\/2023\\\/11\\\/Produkte-Icon.svg\",\"link\":\"https:\\\/\\\/www.konvink.ch\\\/tutorials\\\/\",\"link_text\":\"Zu den Tutorials\",\"panel_style\":\"card-default\",\"title\":\"Konvink: <br \/>Neue Tutorials f\\u00fcr Lernende und Berufsbildende\"}}]}]}]}]},{\"type\":\"section\",\"props\":{\"image_position\":\"center-center\",\"style\":\"default\",\"title_breakpoint\":\"xl\",\"title_position\":\"top-left\",\"title_rotation\":\"left\",\"vertical_align\":\"\",\"width\":\"default\"},\"children\":[{\"type\":\"row\",\"children\":[{\"type\":\"column\",\"props\":{\"image_position\":\"center-center\",\"position_sticky_breakpoint\":\"m\"},\"children\":[{\"type\":\"headline\",\"props\":{\"content\":\"Mehr Informationen\",\"text_align\":\"center\",\"title_decoration\":\"bullet\",\"title_element\":\"h1\"}},{\"type\":\"list\",\"props\":{\"column_breakpoint\":\"m\",\"image_align\":\"left\",\"image_svg_color\":\"emphasis\",\"image_vertical_align\":true,\"list_element\":\"ul\",\"list_horizontal_separator\":\", \",\"list_marker\":\"disc\",\"list_type\":\"vertical\",\"show_image\":true,\"show_link\":true},\"children\":[{\"type\":\"list_item\",\"props\":{\"content\":\"\n\n<p>Lehrmittel: Bestellung<\\\/p>\",\"link\":\"https:\\\/\\\/www.betriebsunterhalt.ch\\\/berufsbildung\",\"status\":\"disabled\"}},{\"type\":\"list_item\",\"props\":{\"content\":\"\n\n<p>Berufsbild: Deine Arbeit<\\\/p>\",\"link\":\"https:\\\/\\\/www.betriebsunterhalt.ch\\\/berufsbild\"}},{\"type\":\"list_item\",\"props\":{\"content\":\"\n\n<p>Weiterbildungsm\\u00f6glichkeiten: Deine Karriere-Chancen<\\\/p>\",\"link\":\"https:\\\/\\\/www.betriebsunterhalt.ch\\\/weiterbildung\"}},{\"type\":\"list_item\",\"props\":{\"content\":\"\n\n<p>Berufsinfo-Flyer<\\\/p>\",\"icon\":\"file-pdf\",\"link\":\"wp-content\\\/uploads\\\/sites\\\/10\\\/2023\\\/03\\\/SFB_Lepo_2022_vd0822_web2sneu.pdf\"}}]}]}]}],\"name\":\"Mehr Infos\"}],\"version\":\"4.4.12\",\"yooessentialsVersion\":\"2.2.23\"} --><\/p>\n","protected":false},"excerpt":{"rendered":"<p>Schule \/ \u00fcK \/ QV Die Ausbildung als Fachfrau\/Fachmann Betriebsunterhalt EFZ oder Unterhaltspraktikerin\/Unterhaltspraktiker EBA absolvierst du in deinem Lehrbetrieb. In der Berufsschule sowie in den \u00fcberbetrieblichen Kursen (\u00fcK) lernst du die theoretischen Grundlagen deines Berufs. Berufsschule Berufsbildungszentrum Baselland | Standort Liestal Auf der Webseite vom BBZ Baselland findest du Stunden-, Ferien- und Lehrpl\u00e4ne.\u00a0 Webseite BBZ [&hellip;]<\/p>\n","protected":false},"author":2,"featured_media":0,"parent":0,"menu_order":0,"comment_status":"closed","ping_status":"closed","template":"","meta":{"_acf_changed":false,"footnotes":""},"class_list":["post-11","page","type-page","status-publish","hentry"],"acf":[],"_links":{"self":[{"href":"https:\/\/betriebsunterhalt.ch\/basel\/wp-json\/wp\/v2\/pages\/11","targetHints":{"allow":["GET"]}}],"collection":[{"href":"https:\/\/betriebsunterhalt.ch\/basel\/wp-json\/wp\/v2\/pages"}],"about":[{"href":"https:\/\/betriebsunterhalt.ch\/basel\/wp-json\/wp\/v2\/types\/page"}],"author":[{"embeddable":true,"href":"https:\/\/betriebsunterhalt.ch\/basel\/wp-json\/wp\/v2\/users\/2"}],"replies":[{"embeddable":true,"href":"https:\/\/betriebsunterhalt.ch\/basel\/wp-json\/wp\/v2\/comments?post=11"}],"version-history":[{"count":0,"href":"https:\/\/betriebsunterhalt.ch\/basel\/wp-json\/wp\/v2\/pages\/11\/revisions"}],"wp:attachment":[{"href":"https:\/\/betriebsunterhalt.ch\/basel\/wp-json\/wp\/v2\/media?parent=11"}],"curies":[{"name":"wp","href":"https:\/\/api.w.org\/{rel}","templated":true}]}}