{"id":12,"date":"2022-01-26T15:32:24","date_gmt":"2022-01-26T15:32:24","guid":{"rendered":"https:\/\/betriebsunterhalt.ch\/beider-basel\/?page_id=12"},"modified":"2025-10-21T14:06:37","modified_gmt":"2025-10-21T12:06:37","slug":"weiterbildung","status":"publish","type":"page","link":"https:\/\/betriebsunterhalt.ch\/basel\/weiterbildung\/","title":{"rendered":"Weiterbildung"},"content":{"rendered":"<h1>Kurse<\/h1>\n<div>\n<p>Maschinen, Technik, Hilfsmittel und Vorschriften: Unsere Arbeitswelt ver\u00e4ndert sich laufend. Mit dem SFB-Weiterbildungsprogramm sind Sie stets bestens \u00fcber die Neuerungen informiert. Unsere Experten vermitteln Ihnen Wissen kompakt in Theorie und Praxis. Nutzen Sie die M\u00f6glichkeiten!<\/p>\n<\/div>\n<div>\n<h3>Aktuell keine Kurse ausgeschrieben<\/h3>\n<div>\n<p>Keine Ausschreibungen<\/p>\n<\/div>\n<\/div>\n<p><p>\n        <a href=\"https:\/\/betriebsunterhalt.ch\/fbabzm\/weiterbildung\/\">Kurse im FB ABZM<\/a>\n    <\/p>\n<\/p>\n<p><p>\n        <a href=\"https:\/\/www.betriebsunterhalt.ch\/kurse\">Kurse aller SFB-Sektionen<\/a>\n    <\/p>\n<\/p>\n<div>\n<p><span>Informationen zu den Weiterbildungsm\u00f6glichkeiten in den Bereichen Haus- und Werkdienst erhalten Sie <\/span><a href=\"https:\/\/www.betriebsunterhalt.ch\/weiterbildung\" title=\"SFB Schweiz \u2013 Weiterbildung\">hier.<\/a><\/p>\n<\/div>\n<p><!--more--><br \/>\n<!-- {\"name\":\"Weiterbildung\",\"type\":\"layout\",\"children\":[{\"name\":\"Header\",\"type\":\"section\",\"props\":{\"height\":\"page\",\"image\":\"wp-content\\\/uploads\\\/sites\\\/7\\\/2022\\\/02\\\/header_unterseiten_zentral_0004__RWE1011.jpg\",\"image_position\":\"center-center\",\"image_size\":\"cover\",\"image_width\":\"2560\",\"padding\":\"large\",\"style\":\"default\",\"text_color\":\"light\",\"title_breakpoint\":\"xl\",\"title_position\":\"top-left\",\"title_rotation\":\"left\",\"vertical_align\":\"\",\"width\":\"\"},\"children\":[{\"type\":\"row\",\"children\":[{\"type\":\"column\",\"props\":{\"image_position\":\"center-center\",\"position_sticky_breakpoint\":\"m\",\"width_medium\":\"1-1\"}}]}]},{\"type\":\"section\",\"props\":{\"image_position\":\"center-center\",\"style\":\"default\",\"title_breakpoint\":\"xl\",\"title_position\":\"top-left\",\"title_rotation\":\"left\",\"vertical_align\":\"\",\"width\":\"default\"},\"children\":[{\"type\":\"row\",\"children\":[{\"type\":\"column\",\"props\":{\"image_position\":\"center-center\",\"position_sticky_breakpoint\":\"m\"},\"children\":[{\"type\":\"headline\",\"props\":{\"content\":\"Kurse\",\"text_align\":\"center\",\"title_decoration\":\"bullet\",\"title_element\":\"h1\"}},{\"type\":\"text\",\"props\":{\"column_breakpoint\":\"m\",\"content\":\"\n\n<p>Maschinen, Technik, Hilfsmittel und Vorschriften: Unsere Arbeitswelt ver\\u00e4ndert sich laufend. Mit dem SFB-Weiterbildungsprogramm sind Sie stets bestens \\u00fcber die Neuerungen informiert. Unsere Experten vermitteln Ihnen Wissen kompakt in Theorie und Praxis. Nutzen Sie die M\\u00f6glichkeiten!<\\\/p>\",\"margin\":\"medium\",\"text_align\":\"center\",\"text_style\":\"lead\"}},{\"type\":\"accordion\",\"props\":{\"collapsible\":true,\"content_column_breakpoint\":\"m\",\"image_align\":\"top\",\"image_grid_breakpoint\":\"m\",\"image_grid_width\":\"1-2\",\"image_svg_color\":\"emphasis\",\"link_style\":\"default\",\"link_text\":\"Read more\",\"show_image\":true,\"show_link\":true},\"children\":[{\"type\":\"accordion_item\",\"props\":{\"content\":\"\n\n<p>Keine Ausschreibungen<\\\/p>\",\"link_text\":\"Ausschreibung & Anmeldung\",\"title\":\"Aktuell keine Kurse ausgeschrieben\"}}]},{\"type\":\"button\",\"props\":{\"grid_column_gap\":\"small\",\"grid_row_gap\":\"small\",\"margin\":\"default\",\"text_align\":\"center\"},\"children\":[{\"type\":\"button_item\",\"props\":{\"button_style\":\"primary\",\"content\":\"Kurse im FB ABZM\",\"dialog_layout\":\"modal\",\"dialog_offcanvas_flip\":true,\"icon_align\":\"left\",\"link\":\"https:\\\/\\\/betriebsunterhalt.ch\\\/fbabzm\\\/weiterbildung\\\/\",\"link_title\":\"Kurse im FB ABZM\"}}]},{\"type\":\"button\",\"props\":{\"grid_column_gap\":\"small\",\"grid_row_gap\":\"small\",\"margin\":\"default\",\"text_align\":\"center\"},\"children\":[{\"type\":\"button_item\",\"props\":{\"button_style\":\"primary\",\"content\":\"Kurse aller SFB-Sektionen\",\"dialog_layout\":\"modal\",\"dialog_offcanvas_flip\":true,\"icon_align\":\"left\",\"link\":\"https:\\\/\\\/www.betriebsunterhalt.ch\\\/kurse\",\"link_title\":\"Kurse aller SFB-Sektionen\"}}]},{\"type\":\"text\",\"props\":{\"column_breakpoint\":\"m\",\"content\":\"\n\n<p><span>Informationen zu den Weiterbildungsm\\u00f6glichkeiten in den Bereichen Haus- und Werkdienst erhalten Sie <\\\/span><a href=\\\"https:\\\/\\\/www.betriebsunterhalt.ch\\\/weiterbildung\\\" title=\\\"SFB Schweiz \\u2013 Weiterbildung\\\">hier.<\\\/a><\\\/p>\",\"margin\":\"medium\",\"text_align\":\"center\",\"text_style\":\"lead\"}}]}]}],\"name\":\"Kurse\"}],\"version\":\"4.5.28\",\"yooessentialsVersion\":\"2.4.7\"} --><\/p>\n","protected":false},"excerpt":{"rendered":"<p>Kurse Maschinen, Technik, Hilfsmittel und Vorschriften: Unsere Arbeitswelt ver\u00e4ndert sich laufend. Mit dem SFB-Weiterbildungsprogramm sind Sie stets bestens \u00fcber die Neuerungen informiert. Unsere Experten vermitteln Ihnen Wissen kompakt in Theorie und Praxis. Nutzen Sie die M\u00f6glichkeiten! Aktuell keine Kurse ausgeschrieben Keine Ausschreibungen Kurse im FB ABZM Kurse aller SFB-Sektionen Informationen zu den Weiterbildungsm\u00f6glichkeiten in den [&hellip;]<\/p>\n","protected":false},"author":2,"featured_media":0,"parent":0,"menu_order":0,"comment_status":"closed","ping_status":"closed","template":"","meta":{"_acf_changed":false,"footnotes":""},"class_list":["post-12","page","type-page","status-publish","hentry"],"acf":[],"_links":{"self":[{"href":"https:\/\/betriebsunterhalt.ch\/basel\/wp-json\/wp\/v2\/pages\/12","targetHints":{"allow":["GET"]}}],"collection":[{"href":"https:\/\/betriebsunterhalt.ch\/basel\/wp-json\/wp\/v2\/pages"}],"about":[{"href":"https:\/\/betriebsunterhalt.ch\/basel\/wp-json\/wp\/v2\/types\/page"}],"author":[{"embeddable":true,"href":"https:\/\/betriebsunterhalt.ch\/basel\/wp-json\/wp\/v2\/users\/2"}],"replies":[{"embeddable":true,"href":"https:\/\/betriebsunterhalt.ch\/basel\/wp-json\/wp\/v2\/comments?post=12"}],"version-history":[{"count":1,"href":"https:\/\/betriebsunterhalt.ch\/basel\/wp-json\/wp\/v2\/pages\/12\/revisions"}],"predecessor-version":[{"id":637,"href":"https:\/\/betriebsunterhalt.ch\/basel\/wp-json\/wp\/v2\/pages\/12\/revisions\/637"}],"wp:attachment":[{"href":"https:\/\/betriebsunterhalt.ch\/basel\/wp-json\/wp\/v2\/media?parent=12"}],"curies":[{"name":"wp","href":"https:\/\/api.w.org\/{rel}","templated":true}]}}