{"id":11,"date":"2021-11-30T13:24:04","date_gmt":"2021-11-30T13:24:04","guid":{"rendered":"https:\/\/betriebsunterhalt.ch\/bern\/?page_id=11"},"modified":"2026-04-07T07:56:56","modified_gmt":"2026-04-07T05:56:56","slug":"lehre","status":"publish","type":"page","link":"https:\/\/betriebsunterhalt.ch\/bern\/lehre\/","title":{"rendered":"Lehre"},"content":{"rendered":"<div>\n<p>Wollen Sie unser Berufsbild nach der neuen Bildungsverordnung vorstellen oder pr\u00e4sentieren? Nutzen Sie dazu das Image-Video.<\/p>\n<\/div>\n<h1>Imagefilm<\/h1>\n<p><iframe src=\"https:\/\/youtu.be\/J3j-tXkXRxE\"><\/iframe><\/p>\n<h1>Betriebe und Berufsschule<\/h1>\n<div>\n<p>Die Ausbildung als Fachfrau\/Fachmann Betriebsunterhalt EFZ oder Unterhaltspraktikerin\/Unterhaltspraktiker EBA absolvierst du in deinem Lehrbetrieb. In der Berufsschule sowie in den \u00fcberbetrieblichen Kursen (\u00fcK) lernst du die theoretischen Grundlagen deines Berufs. Auf dieser Seite stellen wir Informationen f\u00fcr die Betriebe wie auch f\u00fcr die Lernenden zur Verf\u00fcgung und stellen die Lernkooperationsstandorte der Sektion Bern genauer vor.<\/p>\n<\/div>\n<h1>Informationen f\u00fcr Lehrbetriebe<\/h1>\n<ul>\n<li>\n<h3>Lohnempfehlungen EFZ und EBA<\/h3>\n<div>\n<p><strong>Lehre EFZ<\/strong><\/p>\n<p>1. Lehrjahr: CHF 650.\u2013 bis 750.\u2013<br \/>2. Lehrjahr: CHF 850.\u2013 bis 950.\u2013<br \/>3. Lehrjahr: CHF 1100.\u2013 bis 1300.\u2013<\/p>\n<p><strong>Lehre EBA<\/strong><\/p>\n<p>1. Lehrjahr: CHF 650.\u2013<br \/>2. Lehrjahr: CHF 850.\u2013<\/p>\n<p><strong>Lohn nach der Lehre<\/strong><\/p>\n<p>EFZ: Brutto 56\u2019000 inkl. 13. Monatslohn<br \/>EBA: Brutto 47\u2019000 inkl. 13. Monatslohn<\/p>\n<\/div>\n<p><a href=\"\/bern\/wp-content\/uploads\/sites\/2\/2022\/02\/Lohnempfehlung_Sektion_Bern.pdf\">Lohnempfehlungen zum Ausdrucken<\/a><\/p>\n<\/li>\n<li>\n<h3>Lehrkosten mit neuer BIVO 2023<\/h3>\n<p><a href=\"\/bern\/wp-content\/uploads\/sites\/2\/2026\/04\/Lehrkosten-EFZ-und-EBA_BIVO-2023-Stand-2026-1.pdf\">Lehrkosten zum Ausdrucken<\/a><\/p>\n<\/li>\n<li>\n<h3>Checkliste f\u00fcr Lehrbetriebe<\/h3>\n<p><a href=\"\/bern\/wp-content\/uploads\/sites\/2\/2023\/02\/Checkliste-Betriebe-FABU-neue-BIVO.pdf\">Checkliste f\u00fcr Lehrbetriebe<\/a><\/p>\n<\/li>\n<li>\n<h3>Jugendschutz in der Ausbildung<\/h3>\n<p><a href=\"\/bern\/wp-content\/uploads\/sites\/2\/2024\/10\/Jugendschutz_SFBBern_finale_Version.pdf\">Bestimmungen<\/a><\/p>\n<\/li>\n<\/ul>\n<ul>\n<li>\n<h3>Information EFZ Sportanlagen<\/h3>\n<div>\n<p>Haben Sie Interesse einen Lernenden im Schwerpunkt Sportanlagen auszubilden? Im Info-Blatt entnehmen Sie zus\u00e4tzliche Informationen dazu.<\/p>\n<\/div>\n<p><a href=\"\/bern\/wp-content\/uploads\/sites\/2\/2023\/07\/Final_SchwerpunktSportanlagen.pdf\">Info Sportanlagen<\/a><\/p>\n<\/li>\n<li>\n<h3>Information EFZ und EBA<\/h3>\n<div>\n<p>Haben Sie Interesse einen Lernenden im Schwerpunkt Hausdienst, Werkdienst oder als Unterhaltspraktiker\/in\u00a0 auszubilden? Im Info-Blatt entnehmen Sie zus\u00e4tzliche Informationen dazu.<\/p>\n<\/div>\n<p><a href=\"\/bern\/wp-content\/uploads\/sites\/2\/2023\/07\/Final_DM_Betriebe_Lehrstellen-fu%CC%88r-Schwerpunkte-Werkdienst-Hausdienst.pdf\">Info HD WD EBA<\/a><\/p>\n<\/li>\n<li>\n<h3>Leporello<\/h3>\n<div>\n<p>Haben Sie Interesse einen Lernenden auszubilden? In unserem Leporello zum selber ausdrucken entnehmen Sie mehr Informationen dazu.<\/p>\n<\/div>\n<p><a href=\"\/bern\/wp-content\/uploads\/sites\/2\/2023\/07\/SFB_Lepo_2022_Druckversion.pdf\">Leporello<\/a><\/p>\n<\/li>\n<\/ul>\n<div>\n<p>Schulanlage Schlossmatte &#8211; M\u00fcnsingen<\/p>\n<\/div>\n<p><iframe src=\"https:\/\/youtu.be\/n3nRmjvVBfc\"><\/iframe><\/p>\n<div>\n<p><span>Zentrum Artos &#8211; Interlaken<\/span><\/p>\n<\/div>\n<p><iframe src=\"https:\/\/youtu.be\/NXACsiutvvQ\"><\/iframe><\/p>\n<div>\n<p class=\"style-scope ytd-watch-metadata\"><yt-formatted-string force-default-style=\"\" class=\"style-scope ytd-watch-metadata\">Tertianum Residenz Bellevue-Park Thun<\/yt-formatted-string><\/p>\n<\/div>\n<p><iframe src=\"https:\/\/youtu.be\/ek53IXUYwdQ?si=mJo4cROWc7uUPxHp\"><\/iframe><\/p>\n<div>\n<p>Werkhof Wilderswil<\/p>\n<\/div>\n<p><iframe src=\"https:\/\/youtu.be\/5RImTvFuRRY\"><\/iframe><\/p>\n<div>\n<p><span>Werkhof Grindelwald<\/span><\/p>\n<\/div>\n<p><iframe src=\"https:\/\/youtu.be\/-zWmiy6-hKM\"><\/iframe><\/p>\n<div>\n<p><span>Stadt Bern &#8211; Schulanalge Br\u00fcnnen<\/span><\/p>\n<\/div>\n<p><iframe src=\"https:\/\/youtu.be\/QmqreCfzQtg\"><\/iframe><\/p>\n<div>\n<p><span>Ehemalige Lernende Gebr\u00fcder H\u00e4nni<\/span><\/p>\n<\/div>\n<p><iframe src=\"https:\/\/youtu.be\/rJLW5y1hERs?si=mSYJVZyBh3zN-Vjk\"><\/iframe><\/p>\n<div>\n<p><span>Siloah Gruppe G\u00fcmligen<\/span><\/p>\n<\/div>\n<p><iframe src=\"https:\/\/youtu.be\/t5pG_sBOK4g\"><\/iframe><\/p>\n<div>\n<p>Gemeinde Seeberg<\/p>\n<\/div>\n<p><iframe src=\"https:\/\/youtu.be\/6U4SLLL1Zn8\"><\/iframe><\/p>\n<div>\n<p>Gemeinde K\u00f6niz<\/p>\n<\/div>\n<p><iframe src=\"https:\/\/youtu.be\/7nILwFiWKF0\"><\/iframe><\/p>\n<div>\n<p>Stadt Langenthal<\/p>\n<\/div>\n<p><iframe src=\"https:\/\/youtu.be\/EEox9U63lVg\"><\/iframe><\/p>\n<div>\n<p>Gemeinde Ostermundigen<\/p>\n<\/div>\n<p><iframe src=\"https:\/\/youtu.be\/A0qYgKnL4P0\"><\/iframe><\/p>\n<h2>Berufsschulen<\/h2>\n<div>\n<p>Wo wohnst du? Hier findest du Stunden-, Ferien- und Lehrpl\u00e4ne deiner Berufsschule.<\/p>\n<\/div>\n<ul>\n<li>\n<p>        <img decoding=\"async\" src=\"\/bern\/wp-content\/uploads\/sites\/2\/2022\/01\/berne.png\" alt=\"\"><\/p>\n<h3>Kanton Bern<\/h3>\n<p><a href=\"https:\/\/www.idm.ch\/\">IDM Thun<\/a><\/p>\n<\/li>\n<li>\n<p>        <img decoding=\"async\" src=\"\/bern\/wp-content\/uploads\/sites\/2\/2022\/01\/berne.png\" alt=\"\"><\/p>\n<h3>Kanton Bern<\/h3>\n<p><a href=\"https:\/\/www.bzemme.ch\/\">BZ Emme<\/a><\/p>\n<\/li>\n<li>\n<p>        <img decoding=\"async\" src=\"\/bern\/wp-content\/uploads\/sites\/2\/2022\/01\/valais.png\" alt=\"\"><\/p>\n<h3>Kanton Wallis<\/h3>\n<p><a href=\"https:\/\/www.berufsbildung-vs.ch\/\">Berufsfachschule Oberwallis<\/a><\/p>\n<\/li>\n<\/ul>\n<p><!--more--><br \/>\n<!-- {\"name\":\"Home\",\"type\":\"layout\",\"children\":[{\"name\":\"Header\",\"type\":\"section\",\"props\":{\"height\":\"page\",\"image\":\"wp-content\/uploads\/sites\/2\/2022\/01\/header_unterseite_0008_170262_1779.jpeg\",\"image_position\":\"center-center\",\"image_size\":\"cover\",\"image_width\":\"2560\",\"padding_bottom\":\"large\",\"padding_top\":\"large\",\"style\":\"default\",\"text_color\":\"light\",\"title_breakpoint\":\"xl\",\"title_position\":\"top-left\",\"title_rotation\":\"left\",\"vertical_align\":\"\",\"width\":\"\"},\"children\":[{\"type\":\"row\",\"children\":[{\"type\":\"column\",\"props\":{\"image_position\":\"center-center\",\"position_sticky_breakpoint\":\"m\",\"width_medium\":\"1-1\"}}]}]},{\"type\":\"section\",\"props\":{\"image_position\":\"center-center\",\"style\":\"default\",\"title_breakpoint\":\"xl\",\"title_position\":\"top-left\",\"title_rotation\":\"left\",\"vertical_align\":\"\",\"width\":\"default\"},\"children\":[{\"type\":\"row\",\"children\":[{\"type\":\"column\",\"props\":{\"image_position\":\"center-center\",\"position_sticky_breakpoint\":\"m\"},\"children\":[{\"type\":\"text\",\"props\":{\"column_breakpoint\":\"m\",\"content\":\"\n\n<p>Wollen Sie unser Berufsbild nach der neuen Bildungsverordnung vorstellen oder pr\u00e4sentieren? Nutzen Sie dazu das Image-Video.<\/p>\n\n\",\"margin_bottom\":\"medium\",\"margin_top\":\"medium\",\"text_align\":\"center\",\"text_style\":\"lead\"}},{\"type\":\"headline\",\"props\":{\"content\":\"Imagefilm\",\"image_align\":\"left\",\"image_margin\":\"xsmall\",\"text_align\":\"center\",\"title_decoration\":\"bullet\",\"title_element\":\"h1\"}},{\"type\":\"video\",\"props\":{\"margin_bottom\":\"default\",\"margin_top\":\"default\",\"text_align\":\"center\",\"video\":\"https:\/\/youtu.be\/J3j-tXkXRxE\",\"video_controls\":true,\"video_loading\":\"lazy\",\"video_width\":\"500\"}}]}]}],\"name\":\"Schule \/ \u00fcK \/ QV\"},{\"type\":\"section\",\"props\":{\"image_position\":\"center-center\",\"style\":\"default\",\"title_breakpoint\":\"xl\",\"title_position\":\"top-left\",\"title_rotation\":\"left\",\"vertical_align\":\"\",\"width\":\"default\"},\"children\":[{\"type\":\"row\",\"children\":[{\"type\":\"column\",\"props\":{\"image_position\":\"center-center\",\"position_sticky_breakpoint\":\"m\"},\"children\":[{\"type\":\"headline\",\"props\":{\"content\":\"Betriebe und Berufsschule\",\"image_align\":\"left\",\"image_margin\":\"xsmall\",\"text_align\":\"center\",\"title_decoration\":\"bullet\",\"title_element\":\"h1\"}},{\"type\":\"text\",\"props\":{\"column_breakpoint\":\"m\",\"content\":\"\n\n<p>Die Ausbildung als Fachfrau\/Fachmann Betriebsunterhalt EFZ oder Unterhaltspraktikerin\/Unterhaltspraktiker EBA absolvierst du in deinem Lehrbetrieb. In der Berufsschule sowie in den \u00fcberbetrieblichen Kursen (\u00fcK) lernst du die theoretischen Grundlagen deines Berufs. Auf dieser Seite stellen wir Informationen f\u00fcr die Betriebe wie auch f\u00fcr die Lernenden zur Verf\u00fcgung und stellen die Lernkooperationsstandorte der Sektion Bern genauer vor.<\/p>\n\n\",\"margin_bottom\":\"medium\",\"margin_top\":\"medium\",\"text_align\":\"center\",\"text_style\":\"lead\"}},{\"type\":\"headline\",\"props\":{\"content\":\"Informationen f\u00fcr Lehrbetriebe\",\"image_align\":\"left\",\"image_margin\":\"xsmall\",\"text_align\":\"center\",\"title_decoration\":\"bullet\",\"title_element\":\"h1\"}},{\"type\":\"accordion\",\"props\":{\"collapsible\":true,\"content_column_breakpoint\":\"m\",\"image_align\":\"top\",\"image_grid_breakpoint\":\"m\",\"image_grid_width\":\"1-2\",\"image_svg_color\":\"emphasis\",\"link_style\":\"default\",\"link_text\":\"Read more\",\"show_image\":true,\"show_link\":true},\"children\":[{\"type\":\"accordion_item\",\"props\":{\"content\":\"\n\n<p><strong>Lehre EFZ<\/strong><\/p>\n\n\\n\n\n<p>1. Lehrjahr: CHF 650.\u2013 bis 750.\u2013<br \/>2. Lehrjahr: CHF 850.\u2013 bis 950.\u2013<br \/>3. Lehrjahr: CHF 1100.\u2013 bis 1300.\u2013<\/p>\n\n\\n\n\n<p><strong>Lehre EBA<\/strong><\/p>\n\n\\n\n\n<p>1. Lehrjahr: CHF 650.\u2013<br \/>2. Lehrjahr: CHF 850.\u2013<\/p>\n\n\\n\n\n<p><strong>Lohn nach der Lehre<\/strong><\/p>\n\n\\n\n\n<p>EFZ: Brutto 56\u2019000 inkl. 13. Monatslohn<br \/>EBA: Brutto 47\u2019000 inkl. 13. Monatslohn<\/p>\n\n\",\"link\":\"wp-content\/uploads\/sites\/2\/2022\/02\/Lohnempfehlung_Sektion_Bern.pdf\",\"link_text\":\"Lohnempfehlungen zum Ausdrucken\",\"title\":\"Lohnempfehlungen EFZ und EBA\"}},{\"type\":\"accordion_item\",\"props\":{\"content\":\"\",\"link\":\"wp-content\/uploads\/sites\/2\/2026\/04\/Lehrkosten-EFZ-und-EBA_BIVO-2023-Stand-2026-1.pdf\",\"link_text\":\"Lehrkosten zum Ausdrucken\",\"title\":\"Lehrkosten mit neuer BIVO 2023\"}},{\"type\":\"accordion_item\",\"props\":{\"content\":\"\",\"link\":\"wp-content\/uploads\/sites\/2\/2023\/02\/Checkliste-Betriebe-FABU-neue-BIVO.pdf\",\"link_text\":\"Checkliste f\u00fcr Lehrbetriebe\",\"title\":\"Checkliste f\u00fcr Lehrbetriebe\"}},{\"type\":\"accordion_item\",\"props\":{\"content\":\"\",\"link\":\"wp-content\/uploads\/sites\/2\/2024\/10\/Jugendschutz_SFBBern_finale_Version.pdf\",\"link_text\":\"Bestimmungen\",\"title\":\"Jugendschutz in der Ausbildung\"}}]},{\"type\":\"grid\",\"props\":{\"content_column_breakpoint\":\"m\",\"filter_align\":\"left\",\"filter_all\":true,\"filter_grid_breakpoint\":\"m\",\"filter_grid_width\":\"auto\",\"filter_position\":\"top\",\"filter_style\":\"tab\",\"grid_default\":\"1\",\"grid_medium\":\"3\",\"image_align\":\"top\",\"image_grid_breakpoint\":\"m\",\"image_grid_width\":\"1-2\",\"image_svg_color\":\"emphasis\",\"item_animation\":true,\"lightbox_bg_close\":true,\"link_style\":\"default\",\"link_text\":\"Read more\",\"margin_bottom\":\"default\",\"margin_top\":\"default\",\"meta_align\":\"below-title\",\"meta_element\":\"div\",\"meta_style\":\"text-meta\",\"show_content\":true,\"show_hover_image\":true,\"show_hover_video\":true,\"show_image\":true,\"show_link\":true,\"show_meta\":true,\"show_title\":true,\"show_video\":true,\"title_align\":\"top\",\"title_element\":\"h3\",\"title_grid_breakpoint\":\"m\",\"title_grid_width\":\"1-2\",\"title_hover_style\":\"reset\"},\"children\":[{\"type\":\"grid_item\",\"props\":{\"content\":\"\n\n<p>Haben Sie Interesse einen Lernenden im Schwerpunkt Sportanlagen auszubilden? Im Info-Blatt entnehmen Sie zus\u00e4tzliche Informationen dazu.<\/p>\n\n\",\"link\":\"wp-content\/uploads\/sites\/2\/2023\/07\/Final_SchwerpunktSportanlagen.pdf\",\"link_text\":\"Info Sportanlagen\",\"title\":\"Information EFZ Sportanlagen\"}},{\"type\":\"grid_item\",\"props\":{\"content\":\"\n\n<p>Haben Sie Interesse einen Lernenden im Schwerpunkt Hausdienst, Werkdienst oder als Unterhaltspraktiker\/in\u00a0 auszubilden? Im Info-Blatt entnehmen Sie zus\u00e4tzliche Informationen dazu.<\/p>\n\n\",\"link\":\"wp-content\/uploads\/sites\/2\/2023\/07\/Final_DM_Betriebe_Lehrstellen-fu\u0308r-Schwerpunkte-Werkdienst-Hausdienst.pdf\",\"link_text\":\"Info HD WD EBA\",\"title\":\"Information EFZ und EBA\"}},{\"type\":\"grid_item\",\"props\":{\"content\":\"\n\n<p>Haben Sie Interesse einen Lernenden auszubilden? In unserem Leporello zum selber ausdrucken entnehmen Sie mehr Informationen dazu.<\/p>\n\n\",\"link\":\"wp-content\/uploads\/sites\/2\/2023\/07\/SFB_Lepo_2022_Druckversion.pdf\",\"link_text\":\"Leporello\",\"title\":\"Leporello\"}}]}]}]}]},{\"type\":\"section\",\"props\":{\"image_position\":\"center-center\",\"style\":\"default\",\"title_breakpoint\":\"xl\",\"title_position\":\"top-left\",\"title_rotation\":\"left\",\"vertical_align\":\"\",\"width\":\"default\"},\"children\":[{\"type\":\"row\",\"children\":[{\"type\":\"column\",\"props\":{\"image_position\":\"center-center\",\"position_sticky_breakpoint\":\"m\"}}],\"props\":{\"margin_bottom\":\"large\",\"margin_top\":\"large\"}},{\"type\":\"row\",\"props\":{\"column_gap\":\"small\",\"layout\":\"1-3,1-3,1-3\",\"row_gap\":\"small\"},\"children\":[{\"type\":\"column\",\"props\":{\"image_position\":\"center-center\",\"position_sticky_breakpoint\":\"m\",\"width_medium\":\"1-3\"},\"children\":[{\"type\":\"text\",\"props\":{\"column_breakpoint\":\"m\",\"content\":\"\n\n<p>Schulanlage Schlossmatte - M\u00fcnsingen<\/p>\n\n\",\"margin_bottom\":\"remove\",\"margin_top\":\"medium\",\"text_align\":\"center\",\"text_style\":\"lead\"}},{\"type\":\"video\",\"props\":{\"margin_bottom\":\"default\",\"margin_top\":\"default\",\"text_align\":\"center\",\"video\":\"https:\/\/youtu.be\/n3nRmjvVBfc\",\"video_controls\":true,\"video_loading\":\"lazy\",\"video_width\":\"1000\"}}]},{\"type\":\"column\",\"props\":{\"image_position\":\"center-center\",\"position_sticky_breakpoint\":\"m\",\"width_medium\":\"1-3\"},\"children\":[{\"type\":\"text\",\"props\":{\"column_breakpoint\":\"m\",\"content\":\"\n\n<p><span>Zentrum Artos - Interlaken<\/span><\/p>\n\n\",\"margin_bottom\":\"small\",\"margin_top\":\"small\",\"text_align\":\"center\",\"text_style\":\"lead\"}},{\"type\":\"video\",\"props\":{\"margin_bottom\":\"default\",\"margin_top\":\"default\",\"text_align\":\"center\",\"video\":\"https:\/\/youtu.be\/NXACsiutvvQ\",\"video_controls\":true,\"video_loading\":\"lazy\",\"video_width\":\"1000\"}}]},{\"type\":\"column\",\"props\":{\"image_position\":\"center-center\",\"position_sticky_breakpoint\":\"m\",\"width_medium\":\"1-3\"},\"children\":[{\"type\":\"text\",\"props\":{\"column_breakpoint\":\"m\",\"content\":\"\n\n<p class=\\\"style-scope ytd-watch-metadata\\\"><yt-formatted-string force-default-style=\\\"\\\" class=\\\"style-scope ytd-watch-metadata\\\">Tertianum Residenz Bellevue-Park Thun<\/yt-formatted-string><\/p>\n\n\",\"margin_bottom\":\"small\",\"margin_top\":\"small\",\"text_align\":\"center\",\"text_style\":\"lead\"}},{\"type\":\"video\",\"props\":{\"margin_bottom\":\"default\",\"margin_top\":\"default\",\"text_align\":\"center\",\"video\":\"https:\/\/youtu.be\/ek53IXUYwdQ?si=mJo4cROWc7uUPxHp\",\"video_controls\":true,\"video_loading\":\"lazy\",\"video_width\":\"1000\"}}]}]},{\"type\":\"row\",\"props\":{\"column_gap\":\"small\",\"layout\":\"1-3,1-3,1-3\"},\"children\":[{\"type\":\"column\",\"props\":{\"image_position\":\"center-center\",\"position_sticky_breakpoint\":\"m\",\"width_medium\":\"1-3\"},\"children\":[{\"type\":\"text\",\"props\":{\"column_breakpoint\":\"m\",\"content\":\"\n\n<p>Werkhof Wilderswil<\/p>\n\n\",\"margin_bottom\":\"small\",\"margin_top\":\"small\",\"text_align\":\"center\",\"text_style\":\"lead\"}},{\"type\":\"video\",\"props\":{\"margin_bottom\":\"default\",\"margin_top\":\"default\",\"text_align\":\"center\",\"video\":\"https:\/\/youtu.be\/5RImTvFuRRY\",\"video_controls\":true,\"video_loading\":\"lazy\",\"video_width\":\"1000\"}}]},{\"type\":\"column\",\"props\":{\"image_position\":\"center-center\",\"position_sticky_breakpoint\":\"m\",\"width_medium\":\"1-3\"},\"children\":[{\"type\":\"text\",\"props\":{\"column_breakpoint\":\"m\",\"content\":\"\n\n<p><span>Werkhof Grindelwald<\/span><\/p>\n\n\",\"margin_bottom\":\"small\",\"margin_top\":\"small\",\"text_align\":\"center\",\"text_style\":\"lead\"}},{\"type\":\"video\",\"props\":{\"margin_bottom\":\"default\",\"margin_top\":\"default\",\"text_align\":\"center\",\"video\":\"https:\/\/youtu.be\/-zWmiy6-hKM\",\"video_controls\":true,\"video_loading\":\"lazy\",\"video_width\":\"1000\"}}]},{\"type\":\"column\",\"props\":{\"image_position\":\"center-center\",\"position_sticky_breakpoint\":\"m\",\"width_medium\":\"1-3\"},\"children\":[{\"type\":\"text\",\"props\":{\"column_breakpoint\":\"m\",\"content\":\"\n\n<p><span>Stadt Bern - Schulanalge Br\u00fcnnen<\/span><\/p>\n\n\",\"margin_bottom\":\"small\",\"margin_top\":\"small\",\"text_align\":\"center\",\"text_style\":\"lead\"}},{\"type\":\"video\",\"props\":{\"margin_bottom\":\"default\",\"margin_top\":\"default\",\"text_align\":\"center\",\"video\":\"https:\/\/youtu.be\/QmqreCfzQtg\",\"video_controls\":true,\"video_loading\":\"lazy\",\"video_width\":\"1000\"}}]}]},{\"type\":\"row\",\"props\":{\"column_gap\":\"small\",\"layout\":\"1-3,1-3,1-3\"},\"children\":[{\"type\":\"column\",\"props\":{\"image_position\":\"center-center\",\"position_sticky_breakpoint\":\"m\",\"width_medium\":\"1-3\"},\"children\":[{\"type\":\"text\",\"props\":{\"column_breakpoint\":\"m\",\"content\":\"\n\n<p><span>Ehemalige Lernende Gebr\u00fcder H\u00e4nni<\/span><\/p>\n\n\",\"margin_bottom\":\"small\",\"margin_top\":\"small\",\"text_align\":\"center\",\"text_style\":\"lead\"}},{\"type\":\"video\",\"props\":{\"margin_bottom\":\"default\",\"margin_top\":\"default\",\"text_align\":\"center\",\"video\":\"https:\/\/youtu.be\/rJLW5y1hERs?si=mSYJVZyBh3zN-Vjk\",\"video_controls\":true,\"video_loading\":\"lazy\",\"video_width\":\"1000\"}}]},{\"type\":\"column\",\"props\":{\"image_position\":\"center-center\",\"position_sticky_breakpoint\":\"m\",\"width_medium\":\"1-3\"},\"children\":[{\"type\":\"text\",\"props\":{\"column_breakpoint\":\"m\",\"content\":\"\n\n<p><span>Siloah Gruppe G\u00fcmligen<\/span><\/p>\n\n\",\"margin_bottom\":\"small\",\"margin_top\":\"small\",\"text_align\":\"center\",\"text_style\":\"lead\"}},{\"type\":\"video\",\"props\":{\"margin_bottom\":\"default\",\"margin_top\":\"default\",\"text_align\":\"center\",\"video\":\"https:\/\/youtu.be\/t5pG_sBOK4g\",\"video_controls\":true,\"video_loading\":\"lazy\",\"video_width\":\"1000\"}}]},{\"type\":\"column\",\"props\":{\"image_position\":\"center-center\",\"position_sticky_breakpoint\":\"m\",\"width_medium\":\"1-3\"},\"children\":[{\"type\":\"text\",\"props\":{\"column_breakpoint\":\"m\",\"content\":\"\n\n<p>Gemeinde Seeberg<\/p>\n\n\",\"margin_bottom\":\"small\",\"margin_top\":\"small\",\"text_align\":\"center\",\"text_style\":\"lead\"}},{\"type\":\"video\",\"props\":{\"margin_bottom\":\"default\",\"margin_top\":\"default\",\"text_align\":\"center\",\"video\":\"https:\/\/youtu.be\/6U4SLLL1Zn8\",\"video_controls\":true,\"video_loading\":\"lazy\",\"video_width\":\"1000\"}}]}]},{\"type\":\"row\",\"props\":{\"column_gap\":\"small\",\"layout\":\"1-3,1-3,1-3\"},\"children\":[{\"type\":\"column\",\"props\":{\"image_position\":\"center-center\",\"position_sticky_breakpoint\":\"m\",\"width_medium\":\"1-3\"},\"children\":[{\"type\":\"text\",\"props\":{\"column_breakpoint\":\"m\",\"content\":\"\n\n<p>Gemeinde K\u00f6niz<\/p>\n\n\",\"margin_bottom\":\"small\",\"margin_top\":\"small\",\"text_align\":\"center\",\"text_style\":\"lead\"}},{\"type\":\"video\",\"props\":{\"margin_bottom\":\"default\",\"margin_top\":\"default\",\"text_align\":\"center\",\"video\":\"https:\/\/youtu.be\/7nILwFiWKF0\",\"video_controls\":true,\"video_loading\":\"lazy\",\"video_width\":\"1000\"}}]},{\"type\":\"column\",\"props\":{\"image_position\":\"center-center\",\"position_sticky_breakpoint\":\"m\",\"width_medium\":\"1-3\"},\"children\":[{\"type\":\"text\",\"props\":{\"column_breakpoint\":\"m\",\"content\":\"\n\n<p>Stadt Langenthal<\/p>\n\n\",\"margin_bottom\":\"small\",\"margin_top\":\"small\",\"text_align\":\"center\",\"text_style\":\"lead\"}},{\"type\":\"video\",\"props\":{\"margin_bottom\":\"default\",\"margin_top\":\"default\",\"text_align\":\"center\",\"video\":\"https:\/\/youtu.be\/EEox9U63lVg\",\"video_controls\":true,\"video_loading\":\"lazy\",\"video_width\":\"1000\"}}]},{\"type\":\"column\",\"props\":{\"image_position\":\"center-center\",\"position_sticky_breakpoint\":\"m\",\"width_medium\":\"1-3\"},\"children\":[{\"type\":\"text\",\"props\":{\"column_breakpoint\":\"m\",\"content\":\"\n\n<p>Gemeinde Ostermundigen<\/p>\n\n\",\"margin_bottom\":\"small\",\"margin_top\":\"small\",\"text_align\":\"center\",\"text_style\":\"lead\"}},{\"type\":\"video\",\"props\":{\"margin_bottom\":\"default\",\"margin_top\":\"default\",\"text_align\":\"center\",\"video\":\"https:\/\/youtu.be\/A0qYgKnL4P0\",\"video_controls\":true,\"video_loading\":\"lazy\",\"video_width\":\"1000\"}}]}]},{\"type\":\"row\",\"props\":{\"layout\":\"1-3,1-3,1-3\"},\"children\":[{\"type\":\"column\",\"props\":{\"image_position\":\"center-center\",\"position_sticky_breakpoint\":\"m\",\"width_medium\":\"1-3\"}},{\"type\":\"column\",\"props\":{\"image_position\":\"center-center\",\"position_sticky_breakpoint\":\"m\",\"width_medium\":\"1-3\"}},{\"type\":\"column\",\"props\":{\"image_position\":\"center-center\",\"position_sticky_breakpoint\":\"m\",\"width_medium\":\"1-3\"}}]}]},{\"type\":\"section\",\"props\":{\"image_position\":\"center-center\",\"style\":\"default\",\"title_breakpoint\":\"xl\",\"title_position\":\"top-left\",\"title_rotation\":\"left\",\"vertical_align\":\"\",\"width\":\"default\"},\"children\":[{\"type\":\"row\",\"children\":[{\"type\":\"column\",\"props\":{\"image_position\":\"center-center\",\"position_sticky_breakpoint\":\"m\"},\"children\":[{\"type\":\"headline\",\"props\":{\"content\":\"Berufsschulen\",\"image_align\":\"left\",\"image_margin\":\"xsmall\",\"text_align\":\"center\",\"title_decoration\":\"bullet\",\"title_element\":\"h2\"}},{\"type\":\"text\",\"props\":{\"column_breakpoint\":\"m\",\"content\":\"\n\n<p>Wo wohnst du? Hier findest du Stunden-, Ferien- und Lehrpl\u00e4ne deiner Berufsschule.<\/p>\n\n\",\"margin_bottom\":\"medium\",\"margin_top\":\"medium\",\"text_align\":\"center\"}},{\"type\":\"grid\",\"props\":{\"content_column_breakpoint\":\"m\",\"content_margin\":\"remove\",\"css\":\".el-image {\\n    position: absolute;\\n    top: -28px;\\n    margin-left: -25px;}\\n.el-item > * {border-top: 4px solid rgba(50, 145, 209, 1);}\",\"filter_align\":\"left\",\"filter_all\":true,\"filter_grid_breakpoint\":\"m\",\"filter_grid_width\":\"auto\",\"filter_position\":\"top\",\"filter_style\":\"tab\",\"grid_default\":\"1\",\"grid_medium\":\"2\",\"image_align\":\"top\",\"image_grid_breakpoint\":\"m\",\"image_grid_width\":\"1-2\",\"image_svg_color\":\"emphasis\",\"image_width\":\"50\",\"item_animation\":true,\"lightbox_bg_close\":true,\"link_fullwidth\":false,\"link_style\":\"\",\"link_target\":true,\"link_text\":\"Read more\",\"margin_bottom\":\"large\",\"margin_top\":\"large\",\"meta_align\":\"below-title\",\"meta_element\":\"div\",\"meta_style\":\"text-meta\",\"panel_link\":true,\"panel_link_hover\":\"true\",\"panel_padding\":\"default\",\"panel_style\":\"card-primary\",\"parallax_easing\":\"1\",\"show_content\":true,\"show_hover_image\":true,\"show_hover_video\":true,\"show_image\":true,\"show_link\":true,\"show_meta\":true,\"show_title\":true,\"show_video\":true,\"text_align\":\"center\",\"title_align\":\"top\",\"title_element\":\"h3\",\"title_grid_breakpoint\":\"m\",\"title_grid_width\":\"1-2\",\"title_hover_style\":\"reset\",\"title_margin\":\"remove\"},\"children\":[{\"type\":\"grid_item\",\"props\":{\"image\":\"wp-content\/uploads\/sites\/2\/2022\/01\/berne.png\",\"link\":\"https:\/\/www.idm.ch\/\",\"link_text\":\"IDM Thun\",\"title\":\"Kanton Bern\"}},{\"type\":\"grid_item\",\"props\":{\"image\":\"wp-content\/uploads\/sites\/2\/2022\/01\/berne.png\",\"link\":\"https:\/\/www.bzemme.ch\/\",\"link_text\":\"BZ Emme\",\"title\":\"Kanton Bern\"}},{\"type\":\"grid_item\",\"props\":{\"image\":\"wp-content\/uploads\/sites\/2\/2022\/01\/valais.png\",\"link\":\"https:\/\/www.berufsbildung-vs.ch\/\",\"link_text\":\"Berufsfachschule Oberwallis\",\"title\":\"Kanton Wallis\"}}]}]}]}],\"name\":\"Berufsschulen\"}],\"version\":\"5.0.28\",\"yooessentialsVersion\":\"3.0.3\"} --><\/p>\n","protected":false},"excerpt":{"rendered":"<p>Wollen Sie unser Berufsbild nach der neuen Bildungsverordnung vorstellen oder pr\u00e4sentieren? Nutzen Sie dazu das Image-Video. Imagefilm Betriebe und Berufsschule Die Ausbildung als Fachfrau\/Fachmann Betriebsunterhalt EFZ oder Unterhaltspraktikerin\/Unterhaltspraktiker EBA absolvierst du in deinem Lehrbetrieb. In der Berufsschule sowie in den \u00fcberbetrieblichen Kursen (\u00fcK) lernst du die theoretischen Grundlagen deines Berufs. Auf dieser Seite stellen wir [&hellip;]<\/p>\n","protected":false},"author":2,"featured_media":0,"parent":0,"menu_order":0,"comment_status":"closed","ping_status":"closed","template":"","meta":{"_acf_changed":false,"footnotes":""},"class_list":["post-11","page","type-page","status-publish","hentry"],"acf":[],"_links":{"self":[{"href":"https:\/\/betriebsunterhalt.ch\/bern\/wp-json\/wp\/v2\/pages\/11","targetHints":{"allow":["GET"]}}],"collection":[{"href":"https:\/\/betriebsunterhalt.ch\/bern\/wp-json\/wp\/v2\/pages"}],"about":[{"href":"https:\/\/betriebsunterhalt.ch\/bern\/wp-json\/wp\/v2\/types\/page"}],"author":[{"embeddable":true,"href":"https:\/\/betriebsunterhalt.ch\/bern\/wp-json\/wp\/v2\/users\/2"}],"replies":[{"embeddable":true,"href":"https:\/\/betriebsunterhalt.ch\/bern\/wp-json\/wp\/v2\/comments?post=11"}],"version-history":[{"count":3,"href":"https:\/\/betriebsunterhalt.ch\/bern\/wp-json\/wp\/v2\/pages\/11\/revisions"}],"predecessor-version":[{"id":4271,"href":"https:\/\/betriebsunterhalt.ch\/bern\/wp-json\/wp\/v2\/pages\/11\/revisions\/4271"}],"wp:attachment":[{"href":"https:\/\/betriebsunterhalt.ch\/bern\/wp-json\/wp\/v2\/media?parent=11"}],"curies":[{"name":"wp","href":"https:\/\/api.w.org\/{rel}","templated":true}]}}