{"id":2482,"date":"2024-08-26T09:07:36","date_gmt":"2024-08-26T07:07:36","guid":{"rendered":"https:\/\/betriebsunterhalt.ch\/bern\/?page_id=2482"},"modified":"2024-08-26T09:36:32","modified_gmt":"2024-08-26T07:36:32","slug":"teilnahmebedingungen","status":"publish","type":"page","link":"https:\/\/betriebsunterhalt.ch\/bern\/teilnahmebedingungen\/","title":{"rendered":"Teilnahmebedingungen"},"content":{"rendered":"<h1>Teilnahmebedingungen<\/h1>\n<div>\n<p>Nachfolgend finden Sie die Teilnahmebedingungen f\u00fcr Wettbewerbe. Abweichende Bestimmungen bei einzelnen Wettbewerben bleiben vorbehalten. Es gelten jeweils die Bestimmungen des ausgeschriebenen Wettbewerbes.<\/p>\n<\/p>\n<h4><strong>Wettbewerbsveranstalter:<\/strong><\/h4>\n<p>SFB Sektion Bern (Schweizerischer Fachverband Betriebsunterhalt Sektion Bern)<\/p>\n<h4><strong>Teilnahmeberechtigung:<br \/><\/strong><\/h4>\n<p>Teilnahmeberechtigt sind alle Personen mit Wohnsitz in der Schweiz, welche das 14. Altersjahr vollendet haben. Von der Teilnahme ausgeschlossen sind die Mitarbeitenden des SFB Sektion Bern, der am Wettbewerb beteiligten Partner, der zust\u00e4ndigen Werbeagentur und des Wettbewerbsveranstalters sowie Gewinnspielvereine, automatisierte Dienste und weitere professionalisierte\/gewerbliche Teilnehmende.<\/p>\n<h4><strong>Ablauf des Wettbewerbs:<\/strong><\/h4>\n<p>Durch die Teilnahme am jeweils ausgeschriebenen Wettbewerb stimmen Sie den Teilnahme\u00adbedingungen zu. Die Details zu den Wettbewerbsbedingungen werden im Rahmen der Ausschreibung bekannt gegeben. Unter allen Teilnehmenden werden die Gewinner*innen nach Einsendeschluss durch Zufallsverlosung ermittelt. Die Gewinner*innen werden schriftlich benachrichtigt.<\/p>\n<h4><strong>Gratisteilnahme:<\/strong><\/h4>\n<p>Mit der Teilnahme am Wettbewerb ist <strong>kein Kaufzwang<\/strong> verbunden.<\/p>\n<h4><strong>Preise:<\/strong><\/h4>\n<p>Preise, die von den Gewinner*innen nicht bis sp\u00e4testens sechs Monate nach Benachrichtigung abgeholt wurden, verfallen ersatzlos. Die Preise werden nicht bar ausbezahlt. Kleine Preise\/Trostpreise werden minderj\u00e4hrigen Gewinner*innen direkt ausgeh\u00e4ndigt. Bei gr\u00f6sseren Gewinnen von minderj\u00e4hrigen Gewinner*innen findet die Gewinn\u00fcbergabe nur unter Anwesenheit eines Erziehungsberechtigten statt.<\/p>\n<p><strong>Publikation der Gewinner*innen: Der Wettbewerbsveranstalter weist darauf hin, und Sie nehmen zur Kenntnis, dass im Falle eines Gewinnes Ihr Vorname und der erste Buchstabe Ihres Nachnamens gem\u00e4ss der jeweiligen Wettbewerbsaus\u00adschreibung ver\u00f6ffentlicht werden kann.<\/strong><\/p>\n<h4><strong>Weitere Bestimmungen:<\/strong><\/h4>\n<p>Der Rechtsweg ist ausgeschlossen. \u00dcber den Wettbewerb wird \u2013 ausser mit den Gewinner*innen \u2013 keine Korrespondenz gef\u00fchrt.<\/p>\n<p>Die entgeltliche Weitergabe von Wettbewerbsgewinnen ist untersagt. Der Wettbewerbsveranstalter beh\u00e4lt sich vor, entsprechende Wettbewerbsgewinne, sofern m\u00f6glich, sperren zu lassen.<\/p>\n<p>Pro Person ist nur eine Wettbewerbsteilnahme m\u00f6glich. Dabei sind die pers\u00f6nlichen Angaben korrekt und vollst\u00e4ndig anzugeben.<\/p>\n<p>Der Wettbewerbsveranstalter beh\u00e4lt sich weiter vor, Teilnehmende vom Wettbewerb auszuschliessen, wenn Missbrauch und\/oder Verst\u00f6sse gegen diese Teilnahmebedingungen vermutet\/festgestellt werden oder andere wichtige Gr\u00fcnde vorliegen. Er ist berechtigt, jederzeit Anpassungen am Wettbewerbsmodus vorzunehmen sowie beim Vorliegen wichtiger Gr\u00fcnde den Wettbewerb auszusetzen, abzubrechen oder vorzeitig zu beenden.<\/p>\n<p>Sie nehmen zur Kenntnis, dass Preise mit einem Wert von \u00fcber CHF 1\u2018000.- der Verrechnungssteuer unterliegen und der Wettbewerbsveranstalter im Falle der Steuerpflicht je nach Art des Gewinns die Preise und Gewinner der Eidgen\u00f6ssischen Steuerverwaltung meldet oder die Verrechnungssteuer von 35% zur\u00fcckbeh\u00e4lt und der Eidgen\u00f6ssischen Steuerverwaltung entrichtet. Der Wettbewerbsveranstalter ist berechtigt, mit der Zustellung der Preise zu warten, bis die vom Gewinner zu \u00fcbermittelnde aktuelle Wohnsitzbest\u00e4tigung und allf\u00e4llige weitere steuerrechtlich notwendigen Unterlagen bei ihm eingetroffen sind.<\/p>\n<\/p>\n<p>Die Bearbeitung von Personendaten erfolgt gem\u00e4ss Datenschutzerkl\u00e4rung des Wettbewerbsveranstalters, abrufbar unter unseren Datenschutzbestimmungen.<\/p>\n<p>Gerichtsstand ist der Sitz des Wettbewerbsveranstalters. Es gilt Schweizer Recht.<\/p>\n<\/div>\n<p><!--more--><br \/>\n<!-- {\"type\":\"layout\",\"children\":[{\"type\":\"section\",\"props\":{\"image_position\":\"center-center\",\"padding\":\"xlarge\",\"style\":\"default\",\"title_breakpoint\":\"xl\",\"title_position\":\"top-left\",\"title_rotation\":\"left\",\"vertical_align\":\"\",\"width\":\"default\"},\"children\":[{\"type\":\"row\",\"children\":[{\"type\":\"column\",\"props\":{\"image_position\":\"center-center\",\"position_sticky_breakpoint\":\"m\"},\"children\":[{\"type\":\"headline\",\"props\":{\"block_align\":\"center\",\"content\":\"Teilnahmebedingungen\",\"maxwidth\":\"2xlarge\",\"text_align\":\"left\",\"title_decoration\":\"bullet\",\"title_element\":\"h1\"}}]}]},{\"type\":\"row\",\"children\":[{\"type\":\"column\",\"props\":{\"image_position\":\"center-center\",\"position_sticky_breakpoint\":\"m\"},\"children\":[{\"type\":\"text\",\"props\":{\"block_align\":\"center\",\"column_breakpoint\":\"m\",\"content\":\"\n\n<p>Nachfolgend finden Sie die Teilnahmebedingungen f\\u00fcr Wettbewerbe. Abweichende Bestimmungen bei einzelnen Wettbewerben bleiben vorbehalten. Es gelten jeweils die Bestimmungen des ausgeschriebenen Wettbewerbes.<\\\/p>\\n\n\n<p><\\\/p>\\n\n\n<h4><strong>Wettbewerbsveranstalter:<\\\/strong><\\\/h4>\\n\n\n<p>SFB Sektion Bern (Schweizerischer Fachverband Betriebsunterhalt Sektion Bern)<\\\/p>\\n\n\n<h4><strong>Teilnahmeberechtigung:<br \\\/><\\\/strong><\\\/h4>\\n\n\n<p>Teilnahmeberechtigt sind alle Personen mit Wohnsitz in der Schweiz, welche das 14. Altersjahr vollendet haben. Von der Teilnahme ausgeschlossen sind die Mitarbeitenden des SFB Sektion Bern, der am Wettbewerb beteiligten Partner, der zust\\u00e4ndigen Werbeagentur und des Wettbewerbsveranstalters sowie Gewinnspielvereine, automatisierte Dienste und weitere professionalisierte\\\/gewerbliche Teilnehmende.<\\\/p>\\n\n\n<h4><strong>Ablauf des Wettbewerbs:<\\\/strong><\\\/h4>\\n\n\n<p>Durch die Teilnahme am jeweils ausgeschriebenen Wettbewerb stimmen Sie den Teilnahme\\u00adbedingungen zu. Die Details zu den Wettbewerbsbedingungen werden im Rahmen der Ausschreibung bekannt gegeben. Unter allen Teilnehmenden werden die Gewinner*innen nach Einsendeschluss durch Zufallsverlosung ermittelt. Die Gewinner*innen werden schriftlich benachrichtigt.<\\\/p>\\n\n\n<h4><strong>Gratisteilnahme:<\\\/strong><\\\/h4>\\n\n\n<p>Mit der Teilnahme am Wettbewerb ist <strong>kein Kaufzwang<\\\/strong> verbunden.<\\\/p>\\n\n\n<h4><strong>Preise:<\\\/strong><\\\/h4>\\n\n\n<p>Preise, die von den Gewinner*innen nicht bis sp\\u00e4testens sechs Monate nach Benachrichtigung abgeholt wurden, verfallen ersatzlos. Die Preise werden nicht bar ausbezahlt. Kleine Preise\\\/Trostpreise werden minderj\\u00e4hrigen Gewinner*innen direkt ausgeh\\u00e4ndigt. Bei gr\\u00f6sseren Gewinnen von minderj\\u00e4hrigen Gewinner*innen findet die Gewinn\\u00fcbergabe nur unter Anwesenheit eines Erziehungsberechtigten statt.<\\\/p>\\n\n\n<p><strong>Publikation der Gewinner*innen: Der Wettbewerbsveranstalter weist darauf hin, und Sie nehmen zur Kenntnis, dass im Falle eines Gewinnes Ihr Vorname und der erste Buchstabe Ihres Nachnamens gem\\u00e4ss der jeweiligen Wettbewerbsaus\\u00adschreibung ver\\u00f6ffentlicht werden kann.<\\\/strong><\\\/p>\\n\n\n<h4><strong>Weitere Bestimmungen:<\\\/strong><\\\/h4>\\n\n\n<p>Der Rechtsweg ist ausgeschlossen. \\u00dcber den Wettbewerb wird \\u2013 ausser mit den Gewinner*innen \\u2013 keine Korrespondenz gef\\u00fchrt.<\\\/p>\\n\n\n<p>Die entgeltliche Weitergabe von Wettbewerbsgewinnen ist untersagt. Der Wettbewerbsveranstalter beh\\u00e4lt sich vor, entsprechende Wettbewerbsgewinne, sofern m\\u00f6glich, sperren zu lassen.<\\\/p>\\n\n\n<p>Pro Person ist nur eine Wettbewerbsteilnahme m\\u00f6glich. Dabei sind die pers\\u00f6nlichen Angaben korrekt und vollst\\u00e4ndig anzugeben.<\\\/p>\\n\n\n<p>Der Wettbewerbsveranstalter beh\\u00e4lt sich weiter vor, Teilnehmende vom Wettbewerb auszuschliessen, wenn Missbrauch und\\\/oder Verst\\u00f6sse gegen diese Teilnahmebedingungen vermutet\\\/festgestellt werden oder andere wichtige Gr\\u00fcnde vorliegen. Er ist berechtigt, jederzeit Anpassungen am Wettbewerbsmodus vorzunehmen sowie beim Vorliegen wichtiger Gr\\u00fcnde den Wettbewerb auszusetzen, abzubrechen oder vorzeitig zu beenden.<\\\/p>\\n\n\n<p>Sie nehmen zur Kenntnis, dass Preise mit einem Wert von \\u00fcber CHF 1\\u2018000.- der Verrechnungssteuer unterliegen und der Wettbewerbsveranstalter im Falle der Steuerpflicht je nach Art des Gewinns die Preise und Gewinner der Eidgen\\u00f6ssischen Steuerverwaltung meldet oder die Verrechnungssteuer von 35% zur\\u00fcckbeh\\u00e4lt und der Eidgen\\u00f6ssischen Steuerverwaltung entrichtet. Der Wettbewerbsveranstalter ist berechtigt, mit der Zustellung der Preise zu warten, bis die vom Gewinner zu \\u00fcbermittelnde aktuelle Wohnsitzbest\\u00e4tigung und allf\\u00e4llige weitere steuerrechtlich notwendigen Unterlagen bei ihm eingetroffen sind.<\\\/p>\\n\n\n<p><\\\/p>\\n\n\n<p>Die Bearbeitung von Personendaten erfolgt gem\\u00e4ss Datenschutzerkl\\u00e4rung des Wettbewerbsveranstalters, abrufbar unter unseren Datenschutzbestimmungen.<\\\/p>\\n\n\n<p>Gerichtsstand ist der Sitz des Wettbewerbsveranstalters. Es gilt Schweizer Recht.<\\\/p>\",\"margin\":\"default\",\"maxwidth\":\"2xlarge\"},\"modified\":\"2021-06-17T10:35:42.067Z\",\"name\":\"Teilnahmebedingungen\"}]}]}],\"name\":\"f\\u00fcr Kim f\\u00fcr Teilnahmebedingungen\"}],\"version\":\"4.4.7\",\"yooessentialsVersion\":\"2.2.15\"} --><\/p>\n","protected":false},"excerpt":{"rendered":"<p>Teilnahmebedingungen Nachfolgend finden Sie die Teilnahmebedingungen f\u00fcr Wettbewerbe. Abweichende Bestimmungen bei einzelnen Wettbewerben bleiben vorbehalten. Es gelten jeweils die Bestimmungen des ausgeschriebenen Wettbewerbes. Wettbewerbsveranstalter: SFB Sektion Bern (Schweizerischer Fachverband Betriebsunterhalt Sektion Bern) Teilnahmeberechtigung: Teilnahmeberechtigt sind alle Personen mit Wohnsitz in der Schweiz, welche das 14. Altersjahr vollendet haben. Von der Teilnahme ausgeschlossen sind die Mitarbeitenden [&hellip;]<\/p>\n","protected":false},"author":2,"featured_media":0,"parent":0,"menu_order":0,"comment_status":"closed","ping_status":"closed","template":"","meta":{"_acf_changed":false,"footnotes":""},"class_list":["post-2482","page","type-page","status-publish","hentry"],"acf":[],"_links":{"self":[{"href":"https:\/\/betriebsunterhalt.ch\/bern\/wp-json\/wp\/v2\/pages\/2482","targetHints":{"allow":["GET"]}}],"collection":[{"href":"https:\/\/betriebsunterhalt.ch\/bern\/wp-json\/wp\/v2\/pages"}],"about":[{"href":"https:\/\/betriebsunterhalt.ch\/bern\/wp-json\/wp\/v2\/types\/page"}],"author":[{"embeddable":true,"href":"https:\/\/betriebsunterhalt.ch\/bern\/wp-json\/wp\/v2\/users\/2"}],"replies":[{"embeddable":true,"href":"https:\/\/betriebsunterhalt.ch\/bern\/wp-json\/wp\/v2\/comments?post=2482"}],"version-history":[{"count":0,"href":"https:\/\/betriebsunterhalt.ch\/bern\/wp-json\/wp\/v2\/pages\/2482\/revisions"}],"wp:attachment":[{"href":"https:\/\/betriebsunterhalt.ch\/bern\/wp-json\/wp\/v2\/media?parent=2482"}],"curies":[{"name":"wp","href":"https:\/\/api.w.org\/{rel}","templated":true}]}}