{"id":12,"date":"2022-02-10T15:02:58","date_gmt":"2022-02-10T15:02:58","guid":{"rendered":"https:\/\/betriebsunterhalt.ch\/fbabzm\/?page_id=12"},"modified":"2025-11-14T08:26:36","modified_gmt":"2025-11-14T07:26:36","slug":"lehre","status":"publish","type":"page","link":"https:\/\/betriebsunterhalt.ch\/fbabzm\/lehre\/","title":{"rendered":"Lehre"},"content":{"rendered":"<h1>\u00fcK \/ QV<\/h1>\n<div>\n<p>Die Lernenden unserer drei Mitglieds-Sektionen besuchen die kantonalen Berufsschulen. Die fachliche Ausbildung mit den \u00fcK sowie das QV absolvieren sie bei uns. Ob fachliche Ausk\u00fcnfte, didaktische oder organisatorische Fragen \u2013 wir betreuen die Lernenden von A bis Z.<\/p>\n<\/div>\n<h1>\u00fcK | \u00fcberbetriebliche Kurse<\/h1>\n<div>\n<h3>Kursort<\/h3>\n<div>\n<p><span>Die \u00fcberbetrieblichen Kurse f\u00fcr alle Lernenden der\u00a0 drei Sektionen (SFB Zentralschweiz, SFB Aargau\/Solothurn und SFB beider Basel) finden im Ausbildungszentrum Mittelland FB ABZM, Keramikweg 3, 6252 Dagmersellen statt.<\/span><\/p>\n<p><span> Teilweise finden Spezialkurse am Standort Campus, Leidenbergstrasse, 6210 Sursee statt.<\/span><\/p>\n<\/div>\n<\/div>\n<h1>QV | Qualifikationsverfahren<\/h1>\n<div>\n<h3>Pr\u00fcfungsort<\/h3>\n<div>\n<p><span>Das Qualifikationsverfahren praktische Arbeit findet im <\/span><span>FB ABZM, Keramikweg 3, 6252 Dagmersellen statt.<\/span><\/p>\n<\/div>\n<\/div>\n<h1>QV | <strong>Wir suchen Verst\u00e4rkung in unserem Expertenteam!<\/strong><\/h1>\n<ul>\n<li>\n<h3>Anmeldung<\/h3>\n<div>\n<p>Bei Interesse finden Sie hier das Pflichtenheft und das Bewerbungsformular: Bitte studieren Sie das Profil und f\u00fcllen das Formular aus.\u00a0<\/p>\n<p>Bitte senden Sie uns \u00a0<a href=\"mailto:fbabzm@betriebsunterhalt.ch\">fbabzm@betriebsunterhalt.ch<\/a> folgendes retour:\u00a0<\/p>\n<ul>\n<li>Ausgef\u00fclltes Formular\u00a0<\/li>\n<li>Ihren aktuellen Lebenslauf<\/li>\n<li>Kopien ihrer Diplome und Zertifikate (elektronisch)\u00a0\u00a0<\/li>\n<\/ul>\n<\/div>\n<\/li>\n<li>\n<h3>Bewerbungsformular<\/h3>\n<div>\n<p>Hier finden Sie das Bewerbungsformular.<\/p>\n<\/div>\n<p><a href=\"\/fbabzm\/wp-content\/uploads\/sites\/10\/2025\/02\/FO_2021.02-Bewerbung-Mitwirkende-QV_V2_neu.xlsx\">Formular<\/a><\/p>\n<\/li>\n<li>\n<h3>Pflichtenheft<\/h3>\n<div>\n<p>Hier finden Sie das Pflichtenheft vom Kanton Luzern.<\/p>\n<\/div>\n<p><a href=\"\/fbabzm\/wp-content\/uploads\/sites\/10\/2025\/02\/2023-Pflichtenheft-PEX.pdf\">download<\/a><\/p>\n<\/li>\n<\/ul>\n<h1>FB ABZM | Ausbildungszentrum Mittelland: Keramikweg 3, 6252 Dagmersellen<\/h1>\n<div>\n<p>47.2100,7.9835<\/p>\n<div>\n<p style=\"text-align: left;\">FB ABZM<br \/>Keramikweg 3<br \/>6252 Dagmersellen\u00a0<\/p>\n<\/div>\n<\/div>\n<h3>\u00fcK Kurs\u00fcbersicht<\/h3>\n<ul>\n<li>\n<p>\n        <a href=\"\/fbabzm\/wp-content\/uploads\/sites\/10\/2024\/05\/SFB_ueK_Kursuebersicht_EFZ.pdf\">Lektionen\u00fcbersicht EFZ<\/a>\n    <\/p>\n<\/li>\n<li>\n<p>\n        <a href=\"\/fbabzm\/wp-content\/uploads\/sites\/10\/2024\/05\/SFB_ueK_Kursuebersicht_EBA.pdf\">Lektionen\u00fcbersicht EBA <\/a>\n    <\/p>\n<\/li>\n<\/ul>\n<p><p>\n        <a href=\"\/fbabzm\/wp-content\/uploads\/sites\/10\/2024\/05\/Ablauf-Kursanmeldung_05.2024.pdf\">Ablauf \u00fcK-Anmeldung<\/a>\n    <\/p>\n<\/p>\n<ul>\n<li>\n<p>\n        <a href=\"\/fbabzm\/wp-content\/uploads\/sites\/10\/2024\/05\/Info-Lehrbetriebe_Sportanlagen_2024.pdf\">Information f\u00fcr Lehrbetriebe zum Schwerpunkt Sportanlagen<\/a>\n    <\/p>\n<\/li>\n<li>\n<p>\n        folgt FAQ    <\/p>\n<\/li>\n<\/ul>\n<h3>Kurskosten<\/h3>\n<p><p>\n        <a href=\"\/fbabzm\/wp-content\/uploads\/sites\/10\/2025\/05\/Kurskostenuebersicht-ab-01.08.2025.pdf\">Kurskosten\u00fcbersicht ab SJ 2025_2026<\/a>\n    <\/p>\n<\/p>\n<h1>Digitale Lernmedien<\/h1>\n<div>\n<p>Lizenzen f\u00fcr den Lehreintritt 2025 k\u00f6nnen im Fr\u00fchling 2025 bestellt werden.\u00a0<\/p>\n<p>Achtung: Der Best\u00e4tigungslink f\u00fcr die Er\u00f6ffnung des Accounts kann auch im Spam Ordner landen. Bitte pr\u00fcfen Sie diesen Eingang in dieser Zeit.\u00a0<\/p>\n<\/div>\n<h4>Schulungsangebote f\u00fcr Berufsbildner\/innen<\/h4>\n<div>\n<h3>von der Sektion Zentralschweiz<\/h3>\n<div>\n<p>Weitere Informationen zu den Konvink Schulungen finden Sie auf der Webseite von der Sektion Zentralschweiz.\u00a0<\/p>\n<\/div>\n<p><a href=\"https:\/\/betriebsunterhalt.ch\/zentralschweiz\/weiterbildung\/\">Webseite Sektion Zentralschweiz<\/a><\/p>\n<\/div>\n<div>\n<p>    <img decoding=\"async\" src=\"\/fbabzm\/wp-content\/uploads\/2023\/11\/Produkte-Icon.svg\" alt=\"\"><\/p>\n<h3>Konvink: <br \/>Neue Tutorials f\u00fcr Lernende und Berufsbildende<\/h3>\n<div>\n<p>Die kurzen und pr\u00e4gnanten Tutorials f\u00fchren Schritt f\u00fcr Schritt in die zentralen Aufgaben an den verschiedenen Lernorten ein. Sie beantworten wichtige Fragen und helfen so, Lernenden, Lehrpersonen und Berufsbildner\/innen ihre Aufgaben erfolgreich und mit Freude umzusetzen.<\/p>\n<\/div>\n<p><a href=\"https:\/\/www.konvink.ch\/tutorials\/\">Zu den Tutorials<\/a><\/p>\n<\/div>\n<h1>Mehr Informationen<\/h1>\n<ul>\n<li>\n<p><a href=\"https:\/\/www.betriebsunterhalt.ch\/berufsbild\">Berufsbild: Deine Arbeit<\/a><\/p>\n<\/li>\n<li>\n<p><a href=\"https:\/\/www.betriebsunterhalt.ch\/weiterbildung\">Weiterbildungsm\u00f6glichkeiten: Deine Karriere-Chancen<\/a><\/p>\n<\/li>\n<li>\n<p><a href=\"\/fbabzm\/wp-content\/uploads\/sites\/10\/2023\/03\/SFB_Lepo_2022_vd0822_web2sneu.pdf\">Berufsinfo-Flyer<\/a><\/p>\n<\/li>\n<\/ul>\n<p><!--more--><br \/>\n<!-- {\"name\":\"Lehre\",\"type\":\"layout\",\"children\":[{\"name\":\"Header\",\"type\":\"section\",\"props\":{\"height\":\"page\",\"image\":\"wp-content\\\/uploads\\\/sites\\\/2\\\/2022\\\/01\\\/header_unterseite_0008_170262_1779.jpeg\",\"image_position\":\"center-center\",\"image_size\":\"cover\",\"image_width\":\"2560\",\"padding\":\"large\",\"style\":\"default\",\"text_color\":\"light\",\"title_breakpoint\":\"xl\",\"title_position\":\"top-left\",\"title_rotation\":\"left\",\"vertical_align\":\"\",\"width\":\"\"},\"children\":[{\"type\":\"row\",\"children\":[{\"type\":\"column\",\"props\":{\"image_position\":\"center-center\",\"position_sticky_breakpoint\":\"m\"}}]}]},{\"type\":\"section\",\"props\":{\"image_position\":\"center-center\",\"style\":\"default\",\"title_breakpoint\":\"xl\",\"title_position\":\"top-left\",\"title_rotation\":\"left\",\"vertical_align\":\"\",\"width\":\"default\"},\"children\":[{\"type\":\"row\",\"children\":[{\"type\":\"column\",\"props\":{\"image_position\":\"center-center\",\"position_sticky_breakpoint\":\"m\"},\"children\":[{\"type\":\"headline\",\"props\":{\"content\":\"\\u00fcK \\\/ QV\",\"text_align\":\"center\",\"title_decoration\":\"bullet\",\"title_element\":\"h1\"}},{\"type\":\"text\",\"props\":{\"column_breakpoint\":\"m\",\"content\":\"\n\n<p>Die Lernenden unserer drei Mitglieds-Sektionen besuchen die kantonalen Berufsschulen. Die fachliche Ausbildung mit den \\u00fcK sowie das QV absolvieren sie bei uns. Ob fachliche Ausk\\u00fcnfte, didaktische oder organisatorische Fragen \\u2013 wir betreuen die Lernenden von A bis Z.<\\\/p>\",\"margin\":\"medium\",\"text_align\":\"center\",\"text_style\":\"lead\"}},{\"type\":\"headline\",\"props\":{\"content\":\"\\u00fcK | \\u00fcberbetriebliche Kurse\",\"title_element\":\"h1\",\"title_style\":\"h3\"}},{\"type\":\"accordion\",\"props\":{\"collapsible\":true,\"content_column_breakpoint\":\"m\",\"image_align\":\"top\",\"image_grid_breakpoint\":\"m\",\"image_grid_width\":\"1-2\",\"image_svg_color\":\"emphasis\",\"link_style\":\"default\",\"link_text\":\"Read more\",\"multiple\":false,\"show_image\":true,\"show_link\":true,\"yooessentials_access_conditions\":[],\"yooessentials_access_mode\":\"AND\"},\"children\":[{\"type\":\"accordion_item\",\"props\":{\"content\":\"\n\n<p><span>Die \\u00fcberbetrieblichen Kurse f\\u00fcr alle Lernenden der\\u00a0 drei Sektionen (SFB Zentralschweiz, SFB Aargau\\\/Solothurn und SFB beider Basel) finden im Ausbildungszentrum Mittelland FB ABZM, Keramikweg 3, 6252 Dagmersellen statt.<\\\/span><\\\/p>\\n\n\n<p><span> Teilweise finden Spezialkurse am Standort Campus, Leidenbergstrasse, 6210 Sursee statt.<\\\/span><\\\/p>\",\"title\":\"Kursort\"}}]},{\"type\":\"headline\",\"props\":{\"content\":\"QV | Qualifikationsverfahren\",\"title_element\":\"h1\",\"title_style\":\"h3\"}},{\"type\":\"accordion\",\"props\":{\"collapsible\":true,\"content_column_breakpoint\":\"m\",\"image_align\":\"top\",\"image_grid_breakpoint\":\"m\",\"image_grid_width\":\"1-2\",\"image_svg_color\":\"emphasis\",\"link_style\":\"default\",\"link_text\":\"Read more\",\"multiple\":false,\"show_image\":true,\"show_link\":true,\"yooessentials_access_conditions\":[],\"yooessentials_access_mode\":\"AND\"},\"children\":[{\"type\":\"accordion_item\",\"props\":{\"content\":\"\n\n<p><span>Das Qualifikationsverfahren praktische Arbeit findet im <\\\/span><span>FB ABZM, Keramikweg 3, 6252 Dagmersellen statt.<\\\/span><\\\/p>\",\"title\":\"Pr\\u00fcfungsort\"}},{\"type\":\"accordion_item\",\"props\":{\"content\":\"\n\n<p>Praktische Arbeit<\\\/p>\\n\n\n<p><strong>EBA:<\\\/strong> 05.04.2025 - 11.04.2025\\u00a0<\\\/p>\\n\n\n<p><strong>EFZ:<\\\/strong> 12.04.2025 - 02.05.2025<\\\/p>\\n\n\n<p>An Sonntagen, am Karrfreitag und am Ostermontag finden keine Pr\\u00fcfungen statt.\\u00a0<\\\/p>\",\"status\":\"disabled\",\"title\":\"Pr\\u00fcfungsdaten\"}}]},{\"type\":\"headline\",\"props\":{\"content\":\"QV | <strong>Wir suchen Verst\\u00e4rkung in unserem Expertenteam!<\\\/strong>\",\"title_element\":\"h1\",\"title_style\":\"h3\"}},{\"type\":\"accordion\",\"props\":{\"collapsible\":true,\"content_column_breakpoint\":\"m\",\"image_align\":\"top\",\"image_grid_breakpoint\":\"m\",\"image_grid_width\":\"1-2\",\"image_svg_color\":\"emphasis\",\"link_style\":\"default\",\"link_text\":\"Read more\",\"multiple\":false,\"show_image\":true,\"show_link\":true,\"yooessentials_access_conditions\":[],\"yooessentials_access_mode\":\"AND\"},\"children\":[{\"type\":\"accordion_item\",\"props\":{\"content\":\"\n\n<p>Bei Interesse finden Sie hier das Pflichtenheft und das Bewerbungsformular: Bitte studieren Sie das Profil und f\\u00fcllen das Formular aus.\\u00a0<\\\/p>\\n\n\n<p>Bitte senden Sie uns \\u00a0<a href=\\\"mailto:fbabzm@betriebsunterhalt.ch\\\">fbabzm@betriebsunterhalt.ch<\\\/a> folgendes retour:\\u00a0<\\\/p>\\n\n\n<ul>\\n\n\n<li>Ausgef\\u00fclltes Formular\\u00a0<\\\/li>\\n\n\n<li>Ihren aktuellen Lebenslauf<\\\/li>\\n\n\n<li>Kopien ihrer Diplome und Zertifikate (elektronisch)\\u00a0\\u00a0<\\\/li>\\n<\\\/ul>\",\"title\":\"Anmeldung\"}},{\"type\":\"accordion_item\",\"props\":{\"content\":\"\n\n<p>Hier finden Sie das Bewerbungsformular.<\\\/p>\",\"link\":\"wp-content\\\/uploads\\\/sites\\\/10\\\/2025\\\/02\\\/FO_2021.02-Bewerbung-Mitwirkende-QV_V2_neu.xlsx\",\"link_text\":\"Formular\",\"title\":\"Bewerbungsformular\"}},{\"type\":\"accordion_item\",\"props\":{\"content\":\"\n\n<p>Hier finden Sie das Pflichtenheft vom Kanton Luzern.<\\\/p>\",\"link\":\"wp-content\\\/uploads\\\/sites\\\/10\\\/2025\\\/02\\\/2023-Pflichtenheft-PEX.pdf\",\"link_text\":\"download\",\"title\":\"Pflichtenheft\"}}]},{\"type\":\"headline\",\"props\":{\"content\":\"FB ABZM | Ausbildungszentrum Mittelland: Keramikweg 3, 6252 Dagmersellen\",\"title_element\":\"h1\",\"title_style\":\"h4\"}},{\"type\":\"map\",\"props\":{\"controls\":true,\"dragging\":false,\"image_svg_color\":\"emphasis\",\"link_style\":\"default\",\"link_text\":\"Read more\",\"margin\":\"default\",\"max_zoom\":18,\"meta_align\":\"below-title\",\"meta_element\":\"div\",\"meta_style\":\"text-meta\",\"min_zoom\":0,\"poi\":false,\"show_content\":true,\"show_image\":true,\"show_link\":true,\"show_meta\":true,\"show_title\":true,\"title_element\":\"h3\",\"title_hover_style\":\"reset\",\"type\":\"roadmap\",\"zoom\":10,\"zooming\":false},\"children\":[{\"type\":\"map_item\",\"props\":{\"content\":\"\n\n<p style=\\\"text-align: left;\\\">FB ABZM<br \\\/>Keramikweg 3<br \\\/>6252 Dagmersellen\\u00a0<\\\/p>\",\"hide\":false,\"location\":\"47.2100,7.9835\",\"show_popup\":true}}]},{\"type\":\"headline\",\"props\":{\"content\":\"\\u00fcK Kurs\\u00fcbersicht\",\"text_align\":\"left\",\"title_element\":\"h3\"}},{\"type\":\"button\",\"props\":{\"fullwidth\":false,\"grid_column_gap\":\"small\",\"grid_row_gap\":\"small\",\"margin\":\"default\"},\"children\":[{\"type\":\"button_item\",\"props\":{\"button_style\":\"secondary\",\"content\":\"Lektionen\\u00fcbersicht EFZ\",\"dialog_layout\":\"modal\",\"dialog_offcanvas_flip\":true,\"icon\":\"file-pdf\",\"icon_align\":\"left\",\"link\":\"wp-content\\\/uploads\\\/sites\\\/10\\\/2024\\\/05\\\/SFB_ueK_Kursuebersicht_EFZ.pdf\",\"link_target\":\"blank\",\"link_title\":\"Lektionenuebersicht_ab_SJ1718_EFZ\"}},{\"type\":\"button_item\",\"props\":{\"button_style\":\"secondary\",\"content\":\"Lektionen\\u00fcbersicht EBA \",\"dialog_layout\":\"modal\",\"dialog_offcanvas_flip\":true,\"icon\":\"file-pdf\",\"icon_align\":\"left\",\"link\":\"wp-content\\\/uploads\\\/sites\\\/10\\\/2024\\\/05\\\/SFB_ueK_Kursuebersicht_EBA.pdf\",\"link_target\":\"blank\",\"link_title\":\"Lektionenuebersicht_ab_SJ1718_EBA\"}}]},{\"type\":\"button\",\"props\":{\"fullwidth\":false,\"grid_column_gap\":\"small\",\"grid_row_gap\":\"small\",\"margin\":\"default\"},\"children\":[{\"type\":\"button_item\",\"props\":{\"button_style\":\"secondary\",\"content\":\"\\u00fcK Kurs\\u00fcbersicht (neue Bivo ab 2023)\",\"dialog_layout\":\"modal\",\"dialog_offcanvas_flip\":true,\"icon\":\"file-pdf\",\"icon_align\":\"left\",\"link\":\"wp-content\\\/uploads\\\/sites\\\/10\\\/2023\\\/07\\\/Kursuebersicht-ueK_BUH_UP-ab-SJ-2023.pdf\",\"link_target\":\"blank\",\"link_title\":\"Kurs\\u00fcbersicht \\u00fcK_BUH_UP ab SJ 2023\",\"status\":\"disabled\"}},{\"type\":\"button_item\",\"props\":{\"button_style\":\"secondary\",\"content\":\"Ablauf \\u00fcK-Anmeldung\",\"dialog_layout\":\"modal\",\"dialog_offcanvas_flip\":true,\"icon\":\"file-pdf\",\"icon_align\":\"left\",\"link\":\"wp-content\\\/uploads\\\/sites\\\/10\\\/2024\\\/05\\\/Ablauf-Kursanmeldung_05.2024.pdf\",\"link_target\":\"blank\",\"link_title\":\"Ablauf Anmeldung\"}}]},{\"type\":\"button\",\"props\":{\"fullwidth\":false,\"grid_column_gap\":\"small\",\"grid_row_gap\":\"small\",\"margin\":\"default\"},\"children\":[{\"type\":\"button_item\",\"props\":{\"button_style\":\"secondary\",\"content\":\"Information f\\u00fcr Lehrbetriebe zum Schwerpunkt Sportanlagen\",\"dialog_layout\":\"modal\",\"dialog_offcanvas_flip\":true,\"icon\":\"file-pdf\",\"icon_align\":\"left\",\"link\":\"wp-content\\\/uploads\\\/sites\\\/10\\\/2024\\\/05\\\/Info-Lehrbetriebe_Sportanlagen_2024.pdf\",\"link_target\":\"blank\",\"link_title\":\"Information zum Schwerpunkt Sportanlagen\"}},{\"type\":\"button_item\",\"props\":{\"button_style\":\"secondary\",\"content\":\"folgt FAQ\",\"dialog_layout\":\"modal\",\"dialog_offcanvas_flip\":true,\"icon\":\"file-pdf\",\"icon_align\":\"left\",\"link\":\"\",\"link_target\":\"blank\",\"link_title\":\"FAQ\"}}]},{\"type\":\"headline\",\"props\":{\"content\":\"Kurskosten\",\"text_align\":\"left\",\"title_element\":\"h3\"}},{\"type\":\"button\",\"props\":{\"blend\":false,\"fullwidth\":false,\"grid_column_gap\":\"small\",\"grid_row_gap\":\"small\",\"margin\":\"default\"},\"children\":[{\"type\":\"button_item\",\"props\":{\"button_style\":\"secondary\",\"content\":\"Kurskosten\\u00fcbersicht ab SJ 2025_2026\",\"dialog_layout\":\"modal\",\"dialog_offcanvas_flip\":true,\"icon_align\":\"left\",\"link\":\"wp-content\\\/uploads\\\/sites\\\/10\\\/2025\\\/05\\\/Kurskostenuebersicht-ab-01.08.2025.pdf\",\"link_title\":\"Kurskosten\\u00fcbersicht ab SJ 2025_2026\"}}]}]}]}],\"name\":\"Schule \\\/ \\u00fcK \\\/ QV\"},{\"type\":\"section\",\"props\":{\"image_position\":\"center-center\",\"style\":\"default\",\"title_breakpoint\":\"xl\",\"title_position\":\"top-left\",\"title_rotation\":\"left\",\"vertical_align\":\"\",\"width\":\"default\"},\"children\":[{\"type\":\"row\",\"children\":[{\"type\":\"column\",\"props\":{\"image_position\":\"center-center\",\"position_sticky_breakpoint\":\"m\"},\"children\":[{\"type\":\"headline\",\"props\":{\"content\":\"Digitale Lernmedien\",\"text_align\":\"center\",\"title_decoration\":\"bullet\",\"title_element\":\"h1\"}},{\"type\":\"text\",\"props\":{\"column_breakpoint\":\"m\",\"content\":\"\n\n<p>Lizenzen f\\u00fcr den Lehreintritt 2025 k\\u00f6nnen im Fr\\u00fchling 2025 bestellt werden.\\u00a0<\\\/p>\\n\n\n<p>Achtung: Der Best\\u00e4tigungslink f\\u00fcr die Er\\u00f6ffnung des Accounts kann auch im Spam Ordner landen. Bitte pr\\u00fcfen Sie diesen Eingang in dieser Zeit.\\u00a0<\\\/p>\",\"margin\":\"medium\",\"text_align\":\"center\",\"text_style\":\"lead\"}},{\"type\":\"headline\",\"props\":{\"content\":\"Schulungsangebote f\\u00fcr Berufsbildner\\\/innen\",\"text_align\":\"left\",\"title_element\":\"h4\",\"title_style\":\"h3\"}},{\"type\":\"accordion\",\"props\":{\"collapsible\":true,\"content_column_breakpoint\":\"m\",\"image_align\":\"top\",\"image_grid_breakpoint\":\"m\",\"image_grid_width\":\"1-2\",\"image_svg_color\":\"emphasis\",\"link_style\":\"default\",\"link_text\":\"Read more\",\"multiple\":false,\"show_image\":true,\"show_link\":true,\"yooessentials_access_conditions\":[],\"yooessentials_access_mode\":\"AND\"},\"children\":[{\"type\":\"accordion_item\",\"props\":{\"content\":\"\n\n<p>Weitere Informationen zu den Konvink Schulungen finden Sie auf der Webseite von der Sektion Zentralschweiz.\\u00a0<\\\/p>\",\"link\":\"https:\\\/\\\/betriebsunterhalt.ch\\\/zentralschweiz\\\/weiterbildung\\\/\",\"link_text\":\"Webseite Sektion Zentralschweiz\",\"title\":\"von der Sektion Zentralschweiz\"}}]},{\"type\":\"grid\",\"props\":{\"content_column_breakpoint\":\"m\",\"filter_align\":\"left\",\"filter_all\":true,\"filter_grid_breakpoint\":\"m\",\"filter_grid_width\":\"auto\",\"filter_position\":\"top\",\"filter_style\":\"tab\",\"grid_default\":\"1\",\"grid_medium\":\"1\",\"icon_width\":80,\"image_align\":\"left\",\"image_grid_breakpoint\":\"m\",\"image_grid_column_gap\":\"large\",\"image_grid_width\":\"1-3\",\"image_link\":true,\"image_svg_color\":\"emphasis\",\"image_vertical_align\":true,\"image_width\":\"500\",\"item_animation\":true,\"lightbox_bg_close\":true,\"link_style\":\"secondary\",\"link_target\":true,\"link_text\":\"\",\"margin\":\"medium\",\"meta_align\":\"below-title\",\"meta_element\":\"div\",\"meta_margin\":\"small\",\"meta_style\":\"text-meta\",\"panel_image_no_padding\":false,\"panel_link\":true,\"panel_padding\":\"default\",\"parallax_easing\":\"1\",\"show_content\":true,\"show_hover_image\":true,\"show_hover_video\":true,\"show_image\":true,\"show_link\":true,\"show_meta\":true,\"show_title\":true,\"show_video\":true,\"title_align\":\"top\",\"title_element\":\"h3\",\"title_grid_breakpoint\":\"m\",\"title_grid_width\":\"1-2\",\"title_hover_style\":\"reset\"},\"children\":[{\"type\":\"grid_item\",\"props\":{\"content\":\"\n\n<p>Die kurzen und pr\\u00e4gnanten Tutorials f\\u00fchren Schritt f\\u00fcr Schritt in die zentralen Aufgaben an den verschiedenen Lernorten ein. Sie beantworten wichtige Fragen und helfen so, Lernenden, Lehrpersonen und Berufsbildner\\\/innen ihre Aufgaben erfolgreich und mit Freude umzusetzen.<\\\/p>\",\"image\":\"wp-content\\\/uploads\\\/2023\\\/11\\\/Produkte-Icon.svg\",\"link\":\"https:\\\/\\\/www.konvink.ch\\\/tutorials\\\/\",\"link_text\":\"Zu den Tutorials\",\"meta\":\"\",\"panel_style\":\"card-default\",\"title\":\"Konvink: <br \/>Neue Tutorials f\\u00fcr Lernende und Berufsbildende\"}}],\"name\":\"Konvink-Tutorials\"}]}]}],\"name\":\"Digitale Lernmedien\"},{\"type\":\"section\",\"props\":{\"image_position\":\"center-center\",\"style\":\"default\",\"title_breakpoint\":\"xl\",\"title_position\":\"top-left\",\"title_rotation\":\"left\",\"vertical_align\":\"middle\",\"width\":\"default\"},\"children\":[{\"type\":\"row\",\"children\":[{\"type\":\"column\",\"props\":{\"image_position\":\"center-center\",\"position_sticky_breakpoint\":\"m\"},\"children\":[{\"type\":\"headline\",\"props\":{\"content\":\"Mehr Informationen\",\"text_align\":\"center\",\"title_decoration\":\"bullet\",\"title_element\":\"h1\"}},{\"type\":\"list\",\"props\":{\"column_breakpoint\":\"m\",\"image_align\":\"left\",\"image_svg_color\":\"emphasis\",\"image_vertical_align\":true,\"list_element\":\"ul\",\"list_horizontal_separator\":\", \",\"list_marker\":\"disc\",\"list_type\":\"vertical\",\"show_image\":true,\"show_link\":true},\"children\":[{\"type\":\"list_item\",\"props\":{\"content\":\"Berufsbild: Deine Arbeit\",\"link\":\"https:\\\/\\\/www.betriebsunterhalt.ch\\\/berufsbild\",\"link_target\":true}},{\"type\":\"list_item\",\"props\":{\"content\":\"Weiterbildungsm\\u00f6glichkeiten: Deine Karriere-Chancen\",\"link\":\"https:\\\/\\\/www.betriebsunterhalt.ch\\\/weiterbildung\",\"link_target\":true}},{\"type\":\"list_item\",\"props\":{\"content\":\"Berufsinfo-Flyer\",\"icon\":\"file-pdf\",\"link\":\"wp-content\\\/uploads\\\/sites\\\/10\\\/2023\\\/03\\\/SFB_Lepo_2022_vd0822_web2sneu.pdf\",\"link_target\":true}}]}]}]}]}],\"version\":\"4.5.28\",\"yooessentialsVersion\":\"2.4.7\"} --><\/p>\n","protected":false},"excerpt":{"rendered":"<p>\u00fcK \/ QV Die Lernenden unserer drei Mitglieds-Sektionen besuchen die kantonalen Berufsschulen. Die fachliche Ausbildung mit den \u00fcK sowie das QV absolvieren sie bei uns. Ob fachliche Ausk\u00fcnfte, didaktische oder organisatorische Fragen \u2013 wir betreuen die Lernenden von A bis Z. \u00fcK | \u00fcberbetriebliche Kurse Kursort Die \u00fcberbetrieblichen Kurse f\u00fcr alle Lernenden der\u00a0 drei Sektionen [&hellip;]<\/p>\n","protected":false},"author":2,"featured_media":0,"parent":0,"menu_order":0,"comment_status":"closed","ping_status":"closed","template":"","meta":{"_acf_changed":false,"footnotes":""},"class_list":["post-12","page","type-page","status-publish","hentry"],"acf":[],"_links":{"self":[{"href":"https:\/\/betriebsunterhalt.ch\/fbabzm\/wp-json\/wp\/v2\/pages\/12","targetHints":{"allow":["GET"]}}],"collection":[{"href":"https:\/\/betriebsunterhalt.ch\/fbabzm\/wp-json\/wp\/v2\/pages"}],"about":[{"href":"https:\/\/betriebsunterhalt.ch\/fbabzm\/wp-json\/wp\/v2\/types\/page"}],"author":[{"embeddable":true,"href":"https:\/\/betriebsunterhalt.ch\/fbabzm\/wp-json\/wp\/v2\/users\/2"}],"replies":[{"embeddable":true,"href":"https:\/\/betriebsunterhalt.ch\/fbabzm\/wp-json\/wp\/v2\/comments?post=12"}],"version-history":[{"count":3,"href":"https:\/\/betriebsunterhalt.ch\/fbabzm\/wp-json\/wp\/v2\/pages\/12\/revisions"}],"predecessor-version":[{"id":1327,"href":"https:\/\/betriebsunterhalt.ch\/fbabzm\/wp-json\/wp\/v2\/pages\/12\/revisions\/1327"}],"wp:attachment":[{"href":"https:\/\/betriebsunterhalt.ch\/fbabzm\/wp-json\/wp\/v2\/media?parent=12"}],"curies":[{"name":"wp","href":"https:\/\/api.w.org\/{rel}","templated":true}]}}