{"id":13,"date":"2022-02-10T15:02:58","date_gmt":"2022-02-10T15:02:58","guid":{"rendered":"https:\/\/betriebsunterhalt.ch\/fbabzm\/?page_id=13"},"modified":"2026-03-27T11:32:58","modified_gmt":"2026-03-27T10:32:58","slug":"weiterbildung","status":"publish","type":"page","link":"https:\/\/betriebsunterhalt.ch\/fbabzm\/weiterbildung\/","title":{"rendered":"Weiterbildung"},"content":{"rendered":"<h1>WBS | Weiterbildungsseminare<\/h1>\n<div>\n<p>WBS f\u00fcr Berufsbildner\/innen Betriebsunterhalt sowie Mitarbeiter\/innen im Haus- und Werkdienst.<\/p>\n<\/div>\n<table>\n<tbody>\n<tr>\n<\/tr>\n<\/tbody>\n<\/table>\n<ul>\n<li>\n<h3>WBS Nr. 10 | Handhabungskurs Motors\u00e4ge &#8211; Suva anerkannt<\/h3>\n<div>\n<p><strong>Zielgruppe<\/strong><\/p>\n<p>Berufsbildner Betriebsunterhalt, Mitarbeiter im Haus- und Werkdienst, Hauswarte<\/p>\n<p><strong>\u00a0<\/strong><\/p>\n<p><strong>Ziel der Weiterbildung <\/strong><\/p>\n<p>Die Kursteilnehmer<\/p>\n<ul>\n<li>kennen und wenden die Regeln der Arbeitssicherheit und des Gesundheitsschutzes an.<\/li>\n<li>k\u00f6nnen die Motors\u00e4ge bei einfachen Arbeiten an liegenden B\u00e4umen, sowie zum Abs\u00e4gen von stehenden B\u00e4umchen und \u00c4sten bis zu einem Durchmesser von ca. 10 cm sicher einsetzen.<\/li>\n<li>k\u00f6nnen einfache Unterhaltsarbeiten an der Motors\u00e4ge fachgerecht ausf\u00fchren.<\/li>\n<\/ul>\n<\/div>\n<p><a href=\"\/fbabzm\/wp-content\/uploads\/sites\/10\/2026\/03\/Ausschreibung_Nr.-10-Handhabungskurs-Motorsaege_2026.pdf\">\u2192 Ausschreibung und Anmeldung <\/a><\/p>\n<\/li>\n<li>\n<h3>WBS Nr. 11.1 | Fachkurs Sanit\u00e4rtechnik 1<\/h3>\n<div>\n<p><strong>Zielgruppe<\/strong><\/p>\n<p>Berufsbildner Betriebsunterhalt, Mitarbeiter im Haus- und Werkdienst, Hauswarte und Personen, die Sanit\u00e4re Anlagen unterhalten<\/p>\n<\/p>\n<p><strong>Ziel der Weiterbildung<\/strong><\/p>\n<p>An diesem Kurs vermitteln wir Ihnen an einem Tag die Grundlagen, den Aufbau, die Funktion und den Unterhalt diverser Sanit\u00e4ranlagen. Mit dem umfangreichen Anschauungsmaterial werden Funktionen demonstriert und Manipulationen an verschiedenen Anlageteilen durch den Kursteilnehmer selbst durchgef\u00fchrt.<\/p>\n<p>Sie erfahren, wie eine Sanit\u00e4ranlage grunds\u00e4tzlich aufgebaut ist, diese fachgerecht betrieben wird und dadurch hohe Reparatur- und Betriebskosten vermieden werden k\u00f6nnen. Sie lernen die richtige Funktion und Einstellung von AP- und UP-Sp\u00fclkasten sowie den korrekten Unterhalt von Geberit Sp\u00fclkastensystemen. Sie lernen kleinere Reparaturen an Wasser- und Ablaufrohren selbst\u00e4ndig zu beheben.<\/p>\n<\/div>\n<p><a href=\"\/fbabzm\/wp-content\/uploads\/sites\/10\/2026\/03\/Ausschreibung_Nr.-11.1-Fachkurs-Sanitaertechnik-1_2026.pdf\">\u2192 Ausschreibung und Anmeldung <\/a><\/p>\n<\/li>\n<li>\n<h3>WBS Nr. 11.2 | Fachkurs Sanit\u00e4rtechnik 2<\/h3>\n<div>\n<p><strong>Zielgruppe<\/strong><\/p>\n<p>Berufsbildner Betriebsunterhalt, Mitarbeiter im Haus- und Werkdienst, Hauswarte, Personen die Sanit\u00e4re Anlagen unterhalten<\/p>\n<\/p>\n<p><strong>Ziel der Weiterbildung<\/strong><\/p>\n<p>Vertiefungskurs Unterhalt und Reparaturen von sanit\u00e4rtechnischen Anlagen. Die Grundlagen aus dem Fachkurs Sanit\u00e4rtechnik 1 werden aufgefrischt, gefestigt und vertieft.<\/p>\n<p>Mit dem umfangreichen Anschauungsmaterial werden Funktionen demonstriert und Manipulationen an verschiedenen Anlageteilen durch den Kursteilnehmer selbst durchgef\u00fchrt.<\/p>\n<p>Sie lernen einen Brauchwasserspeicher korrekt zu entkalken. Sie erarbeiten sich das Wissen, einfache Service- und Unterhaltsarbeiten an Armaturen fachgerecht durchzuf\u00fchren und erlangen wichtige Kenntnisse f\u00fcr die Apparate- und Armaturenmontage von neu (Ersatz) Installationen. Sie lernen defekte Isolationen fachgerecht zu reparieren und Silikonfugen im Sanit\u00e4rbereich korrekt zu erneuern. Sie erfahren, wie Sicherheitsarmaturen aufgebaut sind und k\u00f6nnen diese auf Fehler kontrollieren und\/oder ersetzen.<\/p>\n<\/div>\n<p><a href=\"\/fbabzm\/wp-content\/uploads\/sites\/10\/2026\/03\/Ausschreibung_Nr.-11.2-Fachkurs-Sanitaertechnik-2_2026.pdf\">\u2192 Ausschreibung und Anmeldung <\/a><\/p>\n<\/li>\n<li>\n<h3>WBS Nr. 15 | Unterhalt von Gew\u00e4ssern<\/h3>\n<div>\n<p><strong>Zielgruppe<\/strong><\/p>\n<p>Berufsbildner Betriebsunterhalt, Werkhofleitende und Angestellte.<\/p>\n<p><strong>\u00a0<\/strong><\/p>\n<p><strong>Ziel der Weiterbildung <\/strong><\/p>\n<p>Die Kursteilnehmer<\/p>\n<ul>\n<li>kennen ihren Handlungsspielraum und die wichtigsten Ziele und Instrumente der Gew\u00e4sserpflege und des Gew\u00e4sserunterhalts.<\/li>\n<li>wissen, wie sie ihre Gew\u00e4sser \u00f6kologisch und naturnah pflegen und wann sie welche Arbeiten ausf\u00fchren.<\/li>\n<li>k\u00f6nnen kleinere Unterhalt,- und Reparaturarbeiten an Gew\u00e4sser im \u00f6ffentlichen und privaten Raum ausf\u00fchren.<\/li>\n<\/ul>\n<\/div>\n<p><a href=\"\/fbabzm\/wp-content\/uploads\/sites\/10\/2026\/03\/Ausschreibung_Nr.-15_Unterhalt-von-Gewaessern_2026.pdf\">\u2192 Ausschreibung und Anmeldung <\/a><\/p>\n<\/li>\n<li>\n<h3>WBS Nr. 16 | Elektrokurs f\u00fcr &#8222;Nichtelektriker&#8220; inkl. Ger\u00e4tepr\u00fcfung<\/h3>\n<div>\n<p><strong>Zielgruppe<\/strong><\/p>\n<p>Berufsbildner Betriebsunterhalt, Mitarbeiter im Haus- und Werkdienst, Hauswarte<\/p>\n<p><strong>\u00a0<\/strong><\/p>\n<p><strong>Ziel der Weiterbildung <\/strong><\/p>\n<p>Die Kursteilnehmer<\/p>\n<ul>\n<li>kennt die Grundlagen der Elektrizit\u00e4t (ohmsches Gesetz)<\/li>\n<li>kann einfache Berechnungen durchf\u00fchren<\/li>\n<li>kennt typisches Elektromaterial und die Instandhaltung<\/li>\n<li>kann mit Elektrizit\u00e4t sicher umgehen<\/li>\n<li>kennt die wichtigsten Artikel der NIV<\/li>\n<li>kann einen Stecker wechseln, pr\u00fcfen und dokumentieren<\/li>\n<\/ul>\n<\/div>\n<p><a href=\"\/fbabzm\/wp-content\/uploads\/sites\/10\/2026\/03\/Ausschreibung_Nr.-16_Elektrokurs-fuer-Nichtelektriker-inkl.-Geraetepruefung_2026.pdf\">\u2192 Ausschreibung und Anmeldung <\/a><\/p>\n<\/li>\n<\/ul>\n<p><p>\n        <a href=\"https:\/\/www.betriebsunterhalt.ch\/weiterbildung#kurse\">Weiterbildungen aller SFB-Sektionen<\/a>\n    <\/p>\n<\/p>\n<p><!--more--><br \/>\n<!-- {\"name\":\"Weiterbildung\",\"type\":\"layout\",\"children\":[{\"name\":\"Header\",\"type\":\"section\",\"props\":{\"height\":\"page\",\"image\":\"wp-content\\\/uploads\\\/sites\\\/2\\\/2022\\\/01\\\/header_unterseite_0003_170262_2101.jpeg\",\"image_position\":\"center-center\",\"image_size\":\"cover\",\"image_width\":\"2560\",\"padding\":\"large\",\"style\":\"default\",\"text_color\":\"light\",\"title_breakpoint\":\"xl\",\"title_position\":\"top-left\",\"title_rotation\":\"left\",\"vertical_align\":\"\",\"width\":\"\"},\"children\":[{\"type\":\"row\",\"children\":[{\"type\":\"column\",\"props\":{\"image_position\":\"center-center\",\"position_sticky_breakpoint\":\"m\",\"width_medium\":\"1-1\"}}]}]},{\"type\":\"section\",\"props\":{\"image_position\":\"center-center\",\"style\":\"default\",\"title_breakpoint\":\"xl\",\"title_position\":\"top-left\",\"title_rotation\":\"left\",\"vertical_align\":\"\",\"width\":\"default\"},\"children\":[{\"type\":\"row\",\"children\":[{\"type\":\"column\",\"props\":{\"image_position\":\"center-center\",\"position_sticky_breakpoint\":\"m\"},\"children\":[{\"type\":\"headline\",\"props\":{\"content\":\"WBS | Weiterbildungsseminare\",\"text_align\":\"center\",\"title_decoration\":\"bullet\",\"title_element\":\"h1\"}},{\"type\":\"text\",\"props\":{\"column_breakpoint\":\"m\",\"content\":\"\n\n<p>WBS f\\u00fcr Berufsbildner\\\/innen Betriebsunterhalt sowie Mitarbeiter\\\/innen im Haus- und Werkdienst.<\\\/p>\",\"margin\":\"medium\",\"text_align\":\"center\",\"text_style\":\"lead\"}},{\"type\":\"fs_table\",\"props\":{\"description_limit_length\":\"80\",\"description_margin\":\"remove\",\"description_style\":\"small\",\"enable_datatables\":false,\"image_height\":\"60\",\"image_svg_color\":\"emphasis\",\"image_width\":\"60\",\"link_fullwidth\":false,\"link_size\":\"small\",\"link_style\":\"secondary\",\"link_text\":\"\",\"show_checkbox\":false,\"show_description\":false,\"show_image\":false,\"show_link\":true,\"show_table_content\":false,\"show_table_meta\":false,\"show_table_title\":false,\"show_text_1\":true,\"show_text_2\":true,\"show_text_3\":true,\"show_text_4\":true,\"show_text_5\":true,\"show_text_6\":true,\"show_text_7\":true,\"show_text_8\":true,\"show_text_9\":true,\"show_title\":false,\"table_content\":\"\n\n<p>ddfwerferf<\\\/p>\",\"table_content_column_breakpoint\":\"m\",\"table_content_limit_length\":\"80\",\"table_content_margin\":\"small\",\"table_content_style\":\"small\",\"table_datatables_info\":true,\"table_datatables_lengthChange\":true,\"table_datatables_pageLength\":\"10\",\"table_datatables_paging\":true,\"table_datatables_save_state\":false,\"table_datatables_search\":true,\"table_datatables_sorting\":true,\"table_datatables_sorting_title\":true,\"table_datatables_translation_info\":\"Showing page _PAGE_ of _PAGES_\",\"table_datatables_translation_infoEmpty\":\"No records available\",\"table_datatables_translation_infoFiltered\":\"(filtered from _MAX_ total records)\",\"table_datatables_translation_lengthMenu\":\"Display _MENU_ records per page\",\"table_datatables_translation_pagination_next\":\"Next\",\"table_datatables_translation_pagination_previous\":\"Previous\",\"table_datatables_translation_search\":\"Search\",\"table_datatables_translation_zeroRecords\":\"Nothing found - sorry\",\"table_head_image\":\"Image\",\"table_head_link\":\"\",\"table_head_text_1\":\"Datum\",\"table_head_text_2\":\"Kurs\",\"table_head_text_3\":\"Ort\",\"table_head_text_4\":\"Text 4\",\"table_head_text_5\":\"Text 5\",\"table_head_text_6\":\"Text 6\",\"table_head_text_7\":\"Text 7\",\"table_head_text_8\":\"Text 8\",\"table_head_text_9\":\"Text 9\",\"table_head_title\":\"Kurs\",\"table_justify\":false,\"table_last_align\":\"center\",\"table_meta_align\":\"below-table-title\",\"table_meta_color\":\"primary\",\"table_meta_decoration\":\"divider\",\"table_meta_element\":\"div\",\"table_meta_limit_length\":\"80\",\"table_meta_margin\":\"remove\",\"table_meta_style\":\"h3\",\"table_order\":\"4\",\"table_responsive\":\"overflow\",\"table_size\":\"\",\"table_style\":\"striped\",\"table_title\":\"dfwrfwf\",\"table_title_align\":\"top\",\"table_title_element\":\"h2\",\"table_title_grid_breakpoint\":\"m\",\"table_title_grid_width\":\"1-2\",\"table_title_limit_length\":\"80\",\"table_vertical_align\":true,\"table_width_image\":\"shrink\",\"table_width_image_custom\":\"100\",\"table_width_link\":\"shrink\",\"table_width_link_custom\":\"100\",\"table_width_text_1\":\"shrink\",\"table_width_text_1_custom\":\"100\",\"table_width_text_2\":\"\",\"table_width_text_2_custom\":\"100\",\"table_width_text_3\":\"shrink\",\"table_width_text_3_custom\":\"100\",\"table_width_text_4\":\"shrink\",\"table_width_text_4_custom\":\"100\",\"table_width_text_5\":\"shrink\",\"table_width_text_5_custom\":\"100\",\"table_width_text_6\":\"shrink\",\"table_width_text_6_custom\":\"100\",\"table_width_text_7\":\"shrink\",\"table_width_text_7_custom\":\"100\",\"table_width_text_8\":\"shrink\",\"table_width_text_8_custom\":\"100\",\"table_width_text_9\":\"shrink\",\"table_width_text_9_custom\":\"100\",\"table_width_title\":\"\",\"table_width_title_custom\":\"100\",\"text_1_align\":\"left\",\"text_1_limit_length\":\"80\",\"text_1_style\":\"\",\"text_2_align\":\"left\",\"text_2_color\":\"emphasis\",\"text_2_limit\":true,\"text_2_limit_length\":\"80\",\"text_2_link\":true,\"text_2_style\":\"\",\"text_3_align\":\"left\",\"text_3_limit_length\":\"80\",\"text_3_style\":\"\",\"text_4_align\":\"center\",\"text_4_limit_length\":\"80\",\"text_4_style\":\"h5\",\"text_5_align\":\"center\",\"text_5_limit_length\":\"80\",\"text_5_style\":\"h5\",\"text_6_align\":\"center\",\"text_6_limit_length\":\"80\",\"text_6_style\":\"h5\",\"text_7_align\":\"center\",\"text_7_limit_length\":\"80\",\"text_7_style\":\"h5\",\"text_8_align\":\"center\",\"text_8_limit_length\":\"80\",\"text_8_style\":\"h5\",\"text_9_align\":\"center\",\"text_9_limit_length\":\"80\",\"text_9_style\":\"h5\",\"title_color\":\"emphasis\",\"title_limit_length\":\"80\",\"title_style\":\"h5\"},\"children\":[{\"type\":\"fs_table_item\",\"props\":{\"label_custom_color\":\"#000000\",\"show_checkbox\":false},\"source\":{\"query\":{\"name\":\"sfbCoursess.customSfbCoursess\",\"arguments\":{\"terms\":[],\"sfb_course_cat_operator\":\"IN\",\"users\":[],\"users_operator\":\"IN\",\"offset\":0,\"limit\":100,\"order\":\"field:course_start_date\",\"order_direction\":\"ASC\"}},\"props\":{\"text_1\":{\"filters\":{\"search\":\"\",\"date\":\"\"},\"name\":\"field.course_start_date\"},\"text_3\":{\"filters\":{\"search\":\"\"},\"name\":\"field.sfb_city\"},\"text_2\":{\"filters\":{\"search\":\"\"},\"name\":\"title\"},\"link\":{\"filters\":{\"search\":\"\"},\"name\":\"link\"}}}}],\"name\":\"Kurse\"},{\"type\":\"accordion\",\"props\":{\"collapsible\":true,\"content_column_breakpoint\":\"m\",\"image_align\":\"top\",\"image_grid_breakpoint\":\"m\",\"image_grid_width\":\"1-2\",\"image_svg_color\":\"emphasis\",\"link_style\":\"default\",\"link_text\":\"Read more\",\"show_image\":true,\"show_link\":true},\"children\":[{\"type\":\"accordion_item\",\"props\":{\"content\":\"\n\n<p><strong>Zielgruppe<\\\/strong><\\\/p>\\n\n\n<p>Berufsbildner Betriebsunterhalt, Mitarbeiter im Haus- und Werkdienst, Hauswarte<\\\/p>\\n\n\n<p><strong>\\u00a0<\\\/strong><\\\/p>\\n\n\n<p><strong>Ziel der Weiterbildung <\\\/strong><\\\/p>\\n\n\n<p>Die Kursteilnehmer<\\\/p>\\n\n\n<ul>\\n\n\n<li>kennen und wenden die Regeln der Arbeitssicherheit und des Gesundheitsschutzes an.<\\\/li>\\n\n\n<li>k\\u00f6nnen die Motors\\u00e4ge bei einfachen Arbeiten an liegenden B\\u00e4umen, sowie zum Abs\\u00e4gen von stehenden B\\u00e4umchen und \\u00c4sten bis zu einem Durchmesser von ca. 10 cm sicher einsetzen.<\\\/li>\\n\n\n<li>k\\u00f6nnen einfache Unterhaltsarbeiten an der Motors\\u00e4ge fachgerecht ausf\\u00fchren.<\\\/li>\\n<\\\/ul>\",\"link\":\"wp-content\\\/uploads\\\/sites\\\/10\\\/2026\\\/03\\\/Ausschreibung_Nr.-10-Handhabungskurs-Motorsaege_2026.pdf\",\"link_text\":\"\\u2192 Ausschreibung und Anmeldung \",\"title\":\"WBS Nr. 10 | Handhabungskurs Motors\\u00e4ge - Suva anerkannt\"}},{\"type\":\"accordion_item\",\"props\":{\"content\":\"\n\n<p><strong>Zielgruppe<\\\/strong><\\\/p>\\n\n\n<p>Berufsbildner Betriebsunterhalt, Mitarbeiter im Haus- und Werkdienst, Hauswarte und Personen, die Sanit\\u00e4re Anlagen unterhalten<\\\/p>\\n\n\n<p><\\\/p>\\n\n\n<p><strong>Ziel der Weiterbildung<\\\/strong><\\\/p>\\n\n\n<p>An diesem Kurs vermitteln wir Ihnen an einem Tag die Grundlagen, den Aufbau, die Funktion und den Unterhalt diverser Sanit\\u00e4ranlagen. Mit dem umfangreichen Anschauungsmaterial werden Funktionen demonstriert und Manipulationen an verschiedenen Anlageteilen durch den Kursteilnehmer selbst durchgef\\u00fchrt.<\\\/p>\\n\n\n<p>Sie erfahren, wie eine Sanit\\u00e4ranlage grunds\\u00e4tzlich aufgebaut ist, diese fachgerecht betrieben wird und dadurch hohe Reparatur- und Betriebskosten vermieden werden k\\u00f6nnen. Sie lernen die richtige Funktion und Einstellung von AP- und UP-Sp\\u00fclkasten sowie den korrekten Unterhalt von Geberit Sp\\u00fclkastensystemen. Sie lernen kleinere Reparaturen an Wasser- und Ablaufrohren selbst\\u00e4ndig zu beheben.<\\\/p>\",\"link\":\"wp-content\\\/uploads\\\/sites\\\/10\\\/2026\\\/03\\\/Ausschreibung_Nr.-11.1-Fachkurs-Sanitaertechnik-1_2026.pdf\",\"link_text\":\"\\u2192 Ausschreibung und Anmeldung \",\"title\":\"WBS Nr. 11.1 | Fachkurs Sanit\\u00e4rtechnik 1\"}},{\"type\":\"accordion_item\",\"props\":{\"content\":\"\n\n<p><strong>Zielgruppe<\\\/strong><\\\/p>\\n\n\n<p>Berufsbildner Betriebsunterhalt, Mitarbeiter im Haus- und Werkdienst, Hauswarte, Personen die Sanit\\u00e4re Anlagen unterhalten<\\\/p>\\n\n\n<p><\\\/p>\\n\n\n<p><strong>Ziel der Weiterbildung<\\\/strong><\\\/p>\\n\n\n<p>Vertiefungskurs Unterhalt und Reparaturen von sanit\\u00e4rtechnischen Anlagen. Die Grundlagen aus dem Fachkurs Sanit\\u00e4rtechnik 1 werden aufgefrischt, gefestigt und vertieft.<\\\/p>\\n\n\n<p>Mit dem umfangreichen Anschauungsmaterial werden Funktionen demonstriert und Manipulationen an verschiedenen Anlageteilen durch den Kursteilnehmer selbst durchgef\\u00fchrt.<\\\/p>\\n\n\n<p>Sie lernen einen Brauchwasserspeicher korrekt zu entkalken. Sie erarbeiten sich das Wissen, einfache Service- und Unterhaltsarbeiten an Armaturen fachgerecht durchzuf\\u00fchren und erlangen wichtige Kenntnisse f\\u00fcr die Apparate- und Armaturenmontage von neu (Ersatz) Installationen. Sie lernen defekte Isolationen fachgerecht zu reparieren und Silikonfugen im Sanit\\u00e4rbereich korrekt zu erneuern. Sie erfahren, wie Sicherheitsarmaturen aufgebaut sind und k\\u00f6nnen diese auf Fehler kontrollieren und\\\/oder ersetzen.<\\\/p>\",\"link\":\"wp-content\\\/uploads\\\/sites\\\/10\\\/2026\\\/03\\\/Ausschreibung_Nr.-11.2-Fachkurs-Sanitaertechnik-2_2026.pdf\",\"link_text\":\"\\u2192 Ausschreibung und Anmeldung \",\"title\":\"WBS Nr. 11.2 | Fachkurs Sanit\\u00e4rtechnik 2\"}},{\"type\":\"accordion_item\",\"props\":{\"content\":\"\n\n<p><strong>Zielgruppe<\\\/strong><\\\/p>\\n\n\n<p>Berufsbildner Betriebsunterhalt, Werkhofleitende und Angestellte.<\\\/p>\\n\n\n<p><strong>\\u00a0<\\\/strong><\\\/p>\\n\n\n<p><strong>Ziel der Weiterbildung <\\\/strong><\\\/p>\\n\n\n<p>Die Kursteilnehmer<\\\/p>\\n\n\n<ul>\\n\n\n<li>kennen ihren Handlungsspielraum und die wichtigsten Ziele und Instrumente der Gew\\u00e4sserpflege und des Gew\\u00e4sserunterhalts.<\\\/li>\\n\n\n<li>wissen, wie sie ihre Gew\\u00e4sser \\u00f6kologisch und naturnah pflegen und wann sie welche Arbeiten ausf\\u00fchren.<\\\/li>\\n\n\n<li>k\\u00f6nnen kleinere Unterhalt,- und Reparaturarbeiten an Gew\\u00e4sser im \\u00f6ffentlichen und privaten Raum ausf\\u00fchren.<\\\/li>\\n<\\\/ul>\",\"link\":\"wp-content\\\/uploads\\\/sites\\\/10\\\/2026\\\/03\\\/Ausschreibung_Nr.-15_Unterhalt-von-Gewaessern_2026.pdf\",\"link_text\":\"\\u2192 Ausschreibung und Anmeldung \",\"title\":\"WBS Nr. 15 | Unterhalt von Gew\\u00e4ssern\"}},{\"type\":\"accordion_item\",\"props\":{\"content\":\"\n\n<p><strong>Zielgruppe<\\\/strong><\\\/p>\\n\n\n<p>Berufsbildner Betriebsunterhalt, Mitarbeiter im Haus- und Werkdienst, Hauswarte<\\\/p>\\n\n\n<p><strong>\\u00a0<\\\/strong><\\\/p>\\n\n\n<p><strong>Ziel der Weiterbildung <\\\/strong><\\\/p>\\n\n\n<p>Die Kursteilnehmer<\\\/p>\\n\n\n<ul>\\n\n\n<li>kennt die Grundlagen der Elektrizit\\u00e4t (ohmsches Gesetz)<\\\/li>\\n\n\n<li>kann einfache Berechnungen durchf\\u00fchren<\\\/li>\\n\n\n<li>kennt typisches Elektromaterial und die Instandhaltung<\\\/li>\\n\n\n<li>kann mit Elektrizit\\u00e4t sicher umgehen<\\\/li>\\n\n\n<li>kennt die wichtigsten Artikel der NIV<\\\/li>\\n\n\n<li>kann einen Stecker wechseln, pr\\u00fcfen und dokumentieren<\\\/li>\\n<\\\/ul>\",\"link\":\"wp-content\\\/uploads\\\/sites\\\/10\\\/2026\\\/03\\\/Ausschreibung_Nr.-16_Elektrokurs-fuer-Nichtelektriker-inkl.-Geraetepruefung_2026.pdf\",\"link_text\":\"\\u2192 Ausschreibung und Anmeldung \",\"title\":\"WBS Nr. 16 | Elektrokurs f\\u00fcr \\\"Nichtelektriker\\\" inkl. Ger\\u00e4tepr\\u00fcfung\"}}]}]}]}],\"name\":\"Kurse\"},{\"type\":\"section\",\"props\":{\"image_position\":\"center-center\",\"style\":\"default\",\"title_breakpoint\":\"xl\",\"title_position\":\"top-left\",\"title_rotation\":\"left\",\"vertical_align\":\"middle\",\"width\":\"default\"},\"children\":[{\"type\":\"row\",\"children\":[{\"type\":\"column\",\"props\":{\"image_position\":\"center-center\",\"position_sticky_breakpoint\":\"m\"},\"children\":[{\"type\":\"button\",\"props\":{\"grid_column_gap\":\"small\",\"grid_row_gap\":\"small\",\"margin\":\"default\",\"text_align\":\"center\"},\"children\":[{\"type\":\"button_item\",\"props\":{\"button_style\":\"primary\",\"content\":\"Weiterbildungen aller SFB-Sektionen\",\"dialog_layout\":\"modal\",\"dialog_offcanvas_flip\":true,\"icon_align\":\"left\",\"link\":\"https:\\\/\\\/www.betriebsunterhalt.ch\\\/weiterbildung#kurse\",\"link_title\":\"Kurse aller SFB-Sektionen\"}}]}]}]}]}],\"version\":\"4.5.32\",\"yooessentialsVersion\":\"2.4.12\"} --><\/p>\n","protected":false},"excerpt":{"rendered":"<p>WBS | Weiterbildungsseminare WBS f\u00fcr Berufsbildner\/innen Betriebsunterhalt sowie Mitarbeiter\/innen im Haus- und Werkdienst. WBS Nr. 10 | Handhabungskurs Motors\u00e4ge &#8211; Suva anerkannt Zielgruppe Berufsbildner Betriebsunterhalt, Mitarbeiter im Haus- und Werkdienst, Hauswarte \u00a0 Ziel der Weiterbildung Die Kursteilnehmer kennen und wenden die Regeln der Arbeitssicherheit und des Gesundheitsschutzes an. k\u00f6nnen die Motors\u00e4ge bei einfachen Arbeiten an [&hellip;]<\/p>\n","protected":false},"author":2,"featured_media":0,"parent":0,"menu_order":0,"comment_status":"closed","ping_status":"closed","template":"","meta":{"_acf_changed":false,"footnotes":""},"class_list":["post-13","page","type-page","status-publish","hentry"],"acf":[],"_links":{"self":[{"href":"https:\/\/betriebsunterhalt.ch\/fbabzm\/wp-json\/wp\/v2\/pages\/13","targetHints":{"allow":["GET"]}}],"collection":[{"href":"https:\/\/betriebsunterhalt.ch\/fbabzm\/wp-json\/wp\/v2\/pages"}],"about":[{"href":"https:\/\/betriebsunterhalt.ch\/fbabzm\/wp-json\/wp\/v2\/types\/page"}],"author":[{"embeddable":true,"href":"https:\/\/betriebsunterhalt.ch\/fbabzm\/wp-json\/wp\/v2\/users\/2"}],"replies":[{"embeddable":true,"href":"https:\/\/betriebsunterhalt.ch\/fbabzm\/wp-json\/wp\/v2\/comments?post=13"}],"version-history":[{"count":8,"href":"https:\/\/betriebsunterhalt.ch\/fbabzm\/wp-json\/wp\/v2\/pages\/13\/revisions"}],"predecessor-version":[{"id":1608,"href":"https:\/\/betriebsunterhalt.ch\/fbabzm\/wp-json\/wp\/v2\/pages\/13\/revisions\/1608"}],"wp:attachment":[{"href":"https:\/\/betriebsunterhalt.ch\/fbabzm\/wp-json\/wp\/v2\/media?parent=13"}],"curies":[{"name":"wp","href":"https:\/\/api.w.org\/{rel}","templated":true}]}}