{"id":7614,"date":"2023-07-25T15:08:57","date_gmt":"2023-07-25T13:08:57","guid":{"rendered":"https:\/\/betriebsunterhalt.ch\/?page_id=7614"},"modified":"2025-09-11T14:04:13","modified_gmt":"2025-09-11T12:04:13","slug":"processus-de-commande-et-de-distribution-des-medias-dapprentissage-numeriques","status":"publish","type":"page","link":"https:\/\/betriebsunterhalt.ch\/fr\/processus-de-commande-et-de-distribution-des-medias-dapprentissage-numeriques\/","title":{"rendered":"Processus de commande et de distribution des m\u00e9dias d\u2019apprentissage num\u00e9riques"},"content":{"rendered":"<h1>\n<p>Commande des m\u00e9dias d\u2019apprentissage num\u00e9riques<\/p>\n<\/h1>\n<div>\n<p>Les supports d&rsquo;apprentissage num\u00e9riques pour le d\u00e9but de <strong>l&rsquo;ann\u00e9e d&rsquo;apprentissage 2025<\/strong> peuvent \u00eatre command\u00e9s ici par section <strong>\u00e0 partir du 1<sup>er<\/sup> avril.<\/strong><\/p>\n<\/div>\n<div>\n<p>Les supports d&rsquo;apprentissage num\u00e9riques pour le d\u00e9but de <strong>l&rsquo;ann\u00e9e d&rsquo;apprentissage 2025<\/strong> peuvent \u00eatre command\u00e9s ici par section d\u00e8s maintenant<strong>.<\/strong><\/p>\n<\/div>\n<ul>\n<li>\n<p>\n        <a href=\"https:\/\/betriebsunterhalt.ch\/romandie\/commande-medias-dapprentissage-numeriques-2024\/\">Section Suisse romande<\/a>\n    <\/p>\n<\/li>\n<li>\n<p>\n        <a href=\"https:\/\/betriebsunterhalt.ch\/fbabzm\/bestellung-digitale-lernmedien-2024\">Section Suisse centrale<\/a>\n    <\/p>\n<\/li>\n<li>\n<p>\n        <a href=\"https:\/\/betriebsunterhalt.ch\/fbabzm\/bestellung-digitale-lernmedien-2024\">Section Argovie\/Soleure<\/a>\n    <\/p>\n<\/li>\n<li>\n<p>\n        <a href=\"https:\/\/betriebsunterhalt.ch\/fbabzm\/bestellung-digitale-lernmedien-2024\">Section B\u00e2le<\/a>\n    <\/p>\n<\/li>\n<li>\n<p>\n        <a href=\"https:\/\/betriebsunterhalt.ch\/bern\/bestellung-digitale-lernmedien-2024\">Section Berne<\/a>\n    <\/p>\n<\/li>\n<li>\n<p>\n        <a href=\"https:\/\/betriebsunterhalt.ch\/thurgau\/bestellung-digitale-lernmedien-2024\/\">Section Thurgovie<\/a>\n    <\/p>\n<\/li>\n<li>\n<p>\n        <a href=\"https:\/\/betriebsunterhalt.ch\/ticino\/ordine-mezzi-di-apprendimento-digitali-2024\/\">Section Tessin<\/a>\n    <\/p>\n<\/li>\n<li>\n<p>\n        <a href=\"https:\/\/betriebsunterhalt.ch\/zurich\/bestellung-digitale-lernmedien\/\">Section  Zurich<\/a>\n    <\/p>\n<\/li>\n<\/ul>\n<div>\n<p>    <img decoding=\"async\" src=\"\/wp-content\/uploads\/2023\/04\/ASAE_commande_et_distribution_V1.0_Page_03.jpg\" alt=\"\"><\/p>\n<h3>Informations sur le processus de commande et de distribution<\/h3>\n<div>\n<ul>\n<li>Aper\u00e7u du processus de commande<\/li>\n<li>Commande \/ envoi initial\u00b7e<\/li>\n<li>Commande \/ envoi ult\u00e9rieur\u00b7e<\/li>\n<li>Facturation \/ fin de g\u00e9n\u00e9ration<\/li>\n<li>Affichage s\u00e9par\u00e9 des co\u00fbts des m\u00e9dias d\u2019apprentissage<\/li>\n<\/ul>\n<\/div>\n<p><a href=\"\/wp-content\/uploads\/2025\/09\/ASAE_commande_et_distribution_V2.0.pdf\">Download<\/a><\/p>\n<\/div>\n<h2>\n<p>Support pour les formateurs\/trices professionnels\/elles \u2013 Les \u00e9l\u00e9ments op\u00e9rationnels<\/p>\n<\/h2>\n<p><iframe src=\"https:\/\/vimeo.com\/943273062\"><\/iframe><\/p>\n<h2>Tutoriels pour les personnes en formation &#8211; Voici comment configurer Konvink pour la proc\u00e9dure de qualification dans l\u2019entretien d\u2019exploitation.<\/h2>\n<p><iframe src=\"https:\/\/vimeo.com\/1067390505\"><\/iframe><\/p>\n<p><!--more--><br \/>\n<!-- {\"type\":\"layout\",\"children\":[{\"name\":\"Slider\",\"type\":\"section\",\"props\":{\"height\":\"page\",\"image\":\"wp-content\\\/uploads\\\/sites\\\/2\\\/2022\\\/01\\\/header_unterseite_0008_170262_1779.jpeg\",\"image_position\":\"center-center\",\"image_size\":\"cover\",\"image_width\":\"2560\",\"padding\":\"large\",\"style\":\"default\",\"text_color\":\"light\",\"title_breakpoint\":\"xl\",\"title_position\":\"top-left\",\"title_rotation\":\"left\",\"vertical_align\":\"\",\"width\":\"\"},\"children\":[{\"type\":\"row\",\"children\":[{\"type\":\"column\",\"props\":{\"image_position\":\"center-center\",\"position_sticky_breakpoint\":\"m\",\"width_medium\":\"1-1\"}}]}]},{\"type\":\"section\",\"props\":{\"image_position\":\"center-center\",\"style\":\"default\",\"title_breakpoint\":\"xl\",\"title_position\":\"top-left\",\"title_rotation\":\"left\",\"vertical_align\":\"\",\"width\":\"default\"},\"children\":[{\"type\":\"row\",\"children\":[{\"type\":\"column\",\"props\":{\"image_position\":\"center-center\",\"position_sticky_breakpoint\":\"m\",\"width_medium\":\"1-1\"},\"children\":[{\"type\":\"headline\",\"props\":{\"content\":\"\n\n<p>Commande des m\\u00e9dias d\\u2019apprentissage num\\u00e9riques<\\\/p>\",\"margin_remove_top\":true,\"text_align\":\"center\",\"title_element\":\"h1\"}}]}]}]},{\"type\":\"section\",\"props\":{\"image_position\":\"center-center\",\"padding\":\"none\",\"style\":\"default\",\"title_breakpoint\":\"xl\",\"title_position\":\"top-left\",\"title_rotation\":\"left\",\"vertical_align\":\"\",\"width\":\"default\"},\"children\":[{\"type\":\"row\",\"children\":[{\"type\":\"column\",\"props\":{\"image_position\":\"center-center\",\"position_sticky_breakpoint\":\"m\"},\"children\":[{\"type\":\"text\",\"props\":{\"block_align\":\"center\",\"column_breakpoint\":\"m\",\"content\":\"\n\n<p>Les supports d'apprentissage num\\u00e9riques pour le d\\u00e9but de <strong>l'ann\\u00e9e d'apprentissage 2025<\\\/strong> peuvent \\u00eatre command\\u00e9s ici par section <strong>\\u00e0 partir du 1<sup>er<\\\/sup> avril.<\\\/strong><\\\/p>\",\"margin\":\"default\",\"maxwidth\":\"xlarge\",\"text_align\":\"center\",\"text_style\":\"large\",\"yooessentials_access_conditions\":[{\"type\":\"yooessentials_access_date\",\"id\":\"ci_AB8FBE\",\"props\":{\"publish_down\":\"2025-03-31\"}}],\"yooessentials_access_mode\":\"AND\"}},{\"type\":\"text\",\"props\":{\"block_align\":\"center\",\"column_breakpoint\":\"m\",\"content\":\"\n\n<p>Les supports d'apprentissage num\\u00e9riques pour le d\\u00e9but de <strong>l'ann\\u00e9e d'apprentissage 2025<\\\/strong> peuvent \\u00eatre command\\u00e9s ici par section d\\u00e8s maintenant<strong>.<\\\/strong><\\\/p>\",\"margin\":\"default\",\"maxwidth\":\"xlarge\",\"text_align\":\"center\",\"text_style\":\"large\",\"yooessentials_access_conditions\":[{\"type\":\"yooessentials_access_date\",\"id\":\"ci_5C350F\",\"props\":{\"publish_up\":\"2025-04-01\"}}],\"yooessentials_access_mode\":\"AND\"}},{\"type\":\"button\",\"props\":{\"block_align\":\"center\",\"grid_column_gap\":\"small\",\"grid_row_gap\":\"small\",\"margin\":\"default\",\"maxwidth\":\"xlarge\",\"text_align\":\"center\",\"yooessentials_access_conditions\":[{\"type\":\"yooessentials_access_date\",\"id\":\"ci_07A3F8\",\"props\":{\"publish_up\":\"2025-04-01\"}}],\"yooessentials_access_mode\":\"AND\"},\"children\":[{\"type\":\"button_item\",\"props\":{\"button_style\":\"secondary\",\"content\":\"Section Suisse romande\",\"dialog_layout\":\"modal\",\"dialog_offcanvas_flip\":true,\"icon_align\":\"left\",\"link\":\"https:\\\/\\\/betriebsunterhalt.ch\\\/romandie\\\/commande-medias-dapprentissage-numeriques-2024\\\/\",\"link_target\":\"blank\"}},{\"type\":\"button_item\",\"props\":{\"button_style\":\"secondary\",\"content\":\"Section Suisse centrale\",\"dialog_layout\":\"modal\",\"dialog_offcanvas_flip\":true,\"icon_align\":\"left\",\"link\":\"https:\\\/\\\/betriebsunterhalt.ch\\\/fbabzm\\\/bestellung-digitale-lernmedien-2024\",\"link_target\":\"blank\"}},{\"type\":\"button_item\",\"props\":{\"button_style\":\"secondary\",\"content\":\"Section Argovie\\\/Soleure\",\"dialog_layout\":\"modal\",\"dialog_offcanvas_flip\":true,\"icon_align\":\"left\",\"link\":\"https:\\\/\\\/betriebsunterhalt.ch\\\/fbabzm\\\/bestellung-digitale-lernmedien-2024\",\"link_target\":\"blank\"}},{\"type\":\"button_item\",\"props\":{\"button_style\":\"secondary\",\"content\":\"Section B\\u00e2le\",\"dialog_layout\":\"modal\",\"dialog_offcanvas_flip\":true,\"icon_align\":\"left\",\"link\":\"https:\\\/\\\/betriebsunterhalt.ch\\\/fbabzm\\\/bestellung-digitale-lernmedien-2024\",\"link_target\":\"blank\"}},{\"type\":\"button_item\",\"props\":{\"button_style\":\"secondary\",\"content\":\"Section Berne\",\"dialog_layout\":\"modal\",\"dialog_offcanvas_flip\":true,\"icon_align\":\"left\",\"link\":\"https:\\\/\\\/betriebsunterhalt.ch\\\/bern\\\/bestellung-digitale-lernmedien-2024\",\"link_target\":\"blank\"}},{\"type\":\"button_item\",\"props\":{\"button_style\":\"secondary\",\"content\":\"Section Thurgovie\",\"dialog_layout\":\"modal\",\"dialog_offcanvas_flip\":true,\"icon_align\":\"left\",\"link\":\"https:\\\/\\\/betriebsunterhalt.ch\\\/thurgau\\\/bestellung-digitale-lernmedien-2024\\\/\",\"link_target\":\"blank\"}},{\"type\":\"button_item\",\"props\":{\"button_style\":\"secondary\",\"content\":\"Section Tessin\",\"dialog_layout\":\"modal\",\"dialog_offcanvas_flip\":true,\"icon_align\":\"left\",\"link\":\"https:\\\/\\\/betriebsunterhalt.ch\\\/ticino\\\/ordine-mezzi-di-apprendimento-digitali-2024\\\/\",\"link_target\":\"blank\"}},{\"type\":\"button_item\",\"props\":{\"button_style\":\"secondary\",\"content\":\"Section  Zurich\",\"dialog_layout\":\"modal\",\"dialog_offcanvas_flip\":true,\"icon_align\":\"left\",\"link\":\"https:\\\/\\\/betriebsunterhalt.ch\\\/zurich\\\/bestellung-digitale-lernmedien\\\/\",\"link_target\":\"blank\"}}]}]}]}],\"name\":\"Links zu Bestellformularen\"},{\"type\":\"section\",\"props\":{\"image_position\":\"center-center\",\"style\":\"default\",\"title_breakpoint\":\"xl\",\"title_position\":\"top-left\",\"title_rotation\":\"left\",\"vertical_align\":\"\",\"width\":\"default\"},\"children\":[{\"type\":\"row\",\"children\":[{\"type\":\"column\",\"props\":{\"image_position\":\"center-center\",\"position_sticky_breakpoint\":\"m\"},\"children\":[{\"type\":\"grid\",\"props\":{\"content_column_breakpoint\":\"m\",\"filter_align\":\"left\",\"filter_all\":true,\"filter_grid_breakpoint\":\"m\",\"filter_grid_width\":\"auto\",\"filter_position\":\"top\",\"filter_style\":\"tab\",\"grid_column_align\":true,\"grid_column_gap\":\"medium\",\"grid_default\":\"1\",\"grid_medium\":\"2\",\"grid_row_align\":false,\"grid_row_gap\":\"medium\",\"icon_width\":80,\"image_align\":\"top\",\"image_grid_breakpoint\":\"m\",\"image_grid_width\":\"1-2\",\"image_height\":\"550\",\"image_svg_color\":\"emphasis\",\"image_transition\":\"scale-up\",\"image_width\":\"800\",\"item_animation\":true,\"lightbox_bg_close\":true,\"link_style\":\"primary\",\"link_target\":true,\"link_text\":\"zur Pr\\u00e4sentation\",\"margin\":\"default\",\"meta_align\":\"below-title\",\"meta_element\":\"div\",\"meta_style\":\"text-meta\",\"panel_image_no_padding\":false,\"panel_link\":true,\"panel_link_hover\":\"true\",\"panel_padding\":\"small\",\"panel_style\":\"card-primary\",\"show_content\":true,\"show_hover_image\":true,\"show_hover_video\":true,\"show_image\":true,\"show_link\":true,\"show_meta\":true,\"show_title\":true,\"show_video\":true,\"text_align\":\"left\",\"title_align\":\"top\",\"title_element\":\"h3\",\"title_grid_breakpoint\":\"m\",\"title_grid_width\":\"1-2\",\"title_hover_style\":\"reset\",\"title_style\":\"h3\"},\"children\":[{\"type\":\"grid_item\",\"props\":{\"content\":\"\n\n<ul>\\n\n\n<li>Aper\\u00e7u du processus de commande<\\\/li>\\n\n\n<li>Commande \\\/ envoi initial\\u00b7e<\\\/li>\\n\n\n<li>Commande \\\/ envoi ult\\u00e9rieur\\u00b7e<\\\/li>\\n\n\n<li>Facturation \\\/ fin de g\\u00e9n\\u00e9ration<\\\/li>\\n\n\n<li>Affichage s\\u00e9par\\u00e9 des co\\u00fbts des m\\u00e9dias d\\u2019apprentissage<\\\/li>\\n<\\\/ul>\",\"icon\":\"\",\"image\":\"wp-content\\\/uploads\\\/2023\\\/04\\\/ASAE_commande_et_distribution_V1.0_Page_03.jpg\",\"link\":\"wp-content\\\/uploads\\\/2025\\\/09\\\/ASAE_commande_et_distribution_V2.0.pdf\",\"link_text\":\"Download\",\"title\":\"Informations sur le processus de commande et de distribution\"}}]}]}]}]},{\"type\":\"section\",\"props\":{\"image_position\":\"center-center\",\"style\":\"default\",\"title_breakpoint\":\"xl\",\"title_position\":\"top-left\",\"title_rotation\":\"left\",\"vertical_align\":\"\",\"width\":\"xlarge\"},\"children\":[{\"type\":\"row\",\"children\":[{\"type\":\"column\",\"props\":{\"image_position\":\"center-center\",\"position_sticky_breakpoint\":\"m\",\"style\":\"card-primary\",\"width_medium\":\"1-2\"},\"children\":[{\"type\":\"headline\",\"props\":{\"content\":\"\n\n<p>Support pour les formateurs\\\/trices professionnels\\\/elles \\u2013 Les \\u00e9l\\u00e9ments op\\u00e9rationnels\n\n<\\\/p>\",\"margin_remove_top\":true,\"text_align\":\"left\",\"title_element\":\"h2\",\"title_style\":\"h3\"}},{\"type\":\"video\",\"props\":{\"css\":\".el-element {background: black;}\",\"margin\":\"default\",\"text_align\":\"center\",\"video\":\"https:\\\/\\\/vimeo.com\\\/943273062\",\"video_controls\":true,\"video_width\":3000}}]},{\"type\":\"column\",\"props\":{\"image_position\":\"center-center\",\"position_sticky_breakpoint\":\"m\",\"style\":\"card-primary\",\"width_medium\":\"1-2\"},\"children\":[{\"type\":\"headline\",\"props\":{\"content\":\"Tutoriels pour les personnes en formation - Voici comment configurer Konvink pour la proc\\u00e9dure de qualification dans l\\u2019entretien d\\u2019exploitation.\",\"margin_remove_top\":true,\"text_align\":\"left\",\"title_element\":\"h2\",\"title_style\":\"h3\"}},{\"type\":\"video\",\"props\":{\"margin\":\"default\",\"text_align\":\"center\",\"video\":\"https:\\\/\\\/vimeo.com\\\/1067390505\",\"video_controls\":true,\"video_width\":\"2000\"}}]}],\"props\":{\"layout\":\"1-2,1-2\"}}],\"name\":\"Konvink VIdeos\"}],\"version\":\"4.5.26\",\"yooessentialsVersion\":\"2.4.4\"} --><\/p>\n","protected":false},"excerpt":{"rendered":"<p>Commande des m\u00e9dias d\u2019apprentissage num\u00e9riques Les supports d&rsquo;apprentissage num\u00e9riques pour le d\u00e9but de l&rsquo;ann\u00e9e d&rsquo;apprentissage 2025 peuvent \u00eatre command\u00e9s ici par section \u00e0 partir du 1er avril. Les supports d&rsquo;apprentissage num\u00e9riques pour le d\u00e9but de l&rsquo;ann\u00e9e d&rsquo;apprentissage 2025 peuvent \u00eatre command\u00e9s ici par section d\u00e8s maintenant. Section Suisse romande Section Suisse centrale Section Argovie\/Soleure Section [&hellip;]<\/p>\n","protected":false},"author":2,"featured_media":0,"parent":0,"menu_order":9,"comment_status":"closed","ping_status":"closed","template":"","meta":{"_acf_changed":false,"footnotes":""},"class_list":["post-7614","page","type-page","status-publish","hentry"],"acf":[],"yoast_head":"<!-- This site is optimized with the Yoast SEO plugin v27.5 - https:\/\/yoast.com\/product\/yoast-seo-wordpress\/ -->\n<title>Processus de commande et de distribution des m\u00e9dias d\u2019apprentissage num\u00e9riques - SFB Schweiz<\/title>\n<meta name=\"robots\" content=\"index, follow, max-snippet:-1, max-image-preview:large, max-video-preview:-1\" \/>\n<link rel=\"canonical\" href=\"https:\/\/betriebsunterhalt.ch\/fr\/processus-de-commande-et-de-distribution-des-medias-dapprentissage-numeriques\/\" \/>\n<meta property=\"og:locale\" content=\"fr_FR\" \/>\n<meta property=\"og:type\" content=\"article\" \/>\n<meta property=\"og:title\" content=\"Processus de commande et de distribution des m\u00e9dias d\u2019apprentissage num\u00e9riques - SFB Schweiz\" \/>\n<meta property=\"og:description\" content=\"Commande des m\u00e9dias d\u2019apprentissage num\u00e9riques Les supports d&rsquo;apprentissage num\u00e9riques pour le d\u00e9but de l&rsquo;ann\u00e9e d&rsquo;apprentissage 2025 peuvent \u00eatre command\u00e9s ici par section \u00e0 partir du 1er avril. Les supports d&rsquo;apprentissage num\u00e9riques pour le d\u00e9but de l&rsquo;ann\u00e9e d&rsquo;apprentissage 2025 peuvent \u00eatre command\u00e9s ici par section d\u00e8s maintenant. Section Suisse romande Section Suisse centrale Section Argovie\/Soleure Section [&hellip;]\" \/>\n<meta property=\"og:url\" content=\"https:\/\/betriebsunterhalt.ch\/fr\/processus-de-commande-et-de-distribution-des-medias-dapprentissage-numeriques\/\" \/>\n<meta property=\"og:site_name\" content=\"SFB Schweiz\" \/>\n<meta property=\"article:modified_time\" content=\"2025-09-11T12:04:13+00:00\" \/>\n<meta name=\"twitter:card\" content=\"summary_large_image\" \/>\n<meta name=\"twitter:label1\" content=\"Dur\u00e9e de lecture estim\u00e9e\" \/>\n\t<meta name=\"twitter:data1\" content=\"1 minute\" \/>\n<script type=\"application\/ld+json\" class=\"yoast-schema-graph\">{\"@context\":\"https:\\\/\\\/schema.org\",\"@graph\":[{\"@type\":\"WebPage\",\"@id\":\"https:\\\/\\\/betriebsunterhalt.ch\\\/fr\\\/processus-de-commande-et-de-distribution-des-medias-dapprentissage-numeriques\\\/\",\"url\":\"https:\\\/\\\/betriebsunterhalt.ch\\\/fr\\\/processus-de-commande-et-de-distribution-des-medias-dapprentissage-numeriques\\\/\",\"name\":\"Processus de commande et de distribution des m\u00e9dias d\u2019apprentissage num\u00e9riques - SFB Schweiz\",\"isPartOf\":{\"@id\":\"https:\\\/\\\/betriebsunterhalt.ch\\\/fr\\\/#website\"},\"datePublished\":\"2023-07-25T13:08:57+00:00\",\"dateModified\":\"2025-09-11T12:04:13+00:00\",\"breadcrumb\":{\"@id\":\"https:\\\/\\\/betriebsunterhalt.ch\\\/fr\\\/processus-de-commande-et-de-distribution-des-medias-dapprentissage-numeriques\\\/#breadcrumb\"},\"inLanguage\":\"fr-FR\",\"potentialAction\":[{\"@type\":\"ReadAction\",\"target\":[\"https:\\\/\\\/betriebsunterhalt.ch\\\/fr\\\/processus-de-commande-et-de-distribution-des-medias-dapprentissage-numeriques\\\/\"]}]},{\"@type\":\"BreadcrumbList\",\"@id\":\"https:\\\/\\\/betriebsunterhalt.ch\\\/fr\\\/processus-de-commande-et-de-distribution-des-medias-dapprentissage-numeriques\\\/#breadcrumb\",\"itemListElement\":[{\"@type\":\"ListItem\",\"position\":1,\"name\":\"Startseite\",\"item\":\"https:\\\/\\\/betriebsunterhalt.ch\\\/fr\\\/\"},{\"@type\":\"ListItem\",\"position\":2,\"name\":\"Processus de commande et de distribution des m\u00e9dias d\u2019apprentissage num\u00e9riques\"}]},{\"@type\":\"WebSite\",\"@id\":\"https:\\\/\\\/betriebsunterhalt.ch\\\/fr\\\/#website\",\"url\":\"https:\\\/\\\/betriebsunterhalt.ch\\\/fr\\\/\",\"name\":\"SFB Schweiz\",\"description\":\"Wir halten die Zukunft in Betrieb!\",\"potentialAction\":[{\"@type\":\"SearchAction\",\"target\":{\"@type\":\"EntryPoint\",\"urlTemplate\":\"https:\\\/\\\/betriebsunterhalt.ch\\\/fr\\\/?s={search_term_string}\"},\"query-input\":{\"@type\":\"PropertyValueSpecification\",\"valueRequired\":true,\"valueName\":\"search_term_string\"}}],\"inLanguage\":\"fr-FR\"}]}<\/script>\n<!-- \/ Yoast SEO plugin. -->","yoast_head_json":{"title":"Processus de commande et de distribution des m\u00e9dias d\u2019apprentissage num\u00e9riques - SFB Schweiz","robots":{"index":"index","follow":"follow","max-snippet":"max-snippet:-1","max-image-preview":"max-image-preview:large","max-video-preview":"max-video-preview:-1"},"canonical":"https:\/\/betriebsunterhalt.ch\/fr\/processus-de-commande-et-de-distribution-des-medias-dapprentissage-numeriques\/","og_locale":"fr_FR","og_type":"article","og_title":"Processus de commande et de distribution des m\u00e9dias d\u2019apprentissage num\u00e9riques - SFB Schweiz","og_description":"Commande des m\u00e9dias d\u2019apprentissage num\u00e9riques Les supports d&rsquo;apprentissage num\u00e9riques pour le d\u00e9but de l&rsquo;ann\u00e9e d&rsquo;apprentissage 2025 peuvent \u00eatre command\u00e9s ici par section \u00e0 partir du 1er avril. Les supports d&rsquo;apprentissage num\u00e9riques pour le d\u00e9but de l&rsquo;ann\u00e9e d&rsquo;apprentissage 2025 peuvent \u00eatre command\u00e9s ici par section d\u00e8s maintenant. Section Suisse romande Section Suisse centrale Section Argovie\/Soleure Section [&hellip;]","og_url":"https:\/\/betriebsunterhalt.ch\/fr\/processus-de-commande-et-de-distribution-des-medias-dapprentissage-numeriques\/","og_site_name":"SFB Schweiz","article_modified_time":"2025-09-11T12:04:13+00:00","twitter_card":"summary_large_image","twitter_misc":{"Dur\u00e9e de lecture estim\u00e9e":"1 minute"},"schema":{"@context":"https:\/\/schema.org","@graph":[{"@type":"WebPage","@id":"https:\/\/betriebsunterhalt.ch\/fr\/processus-de-commande-et-de-distribution-des-medias-dapprentissage-numeriques\/","url":"https:\/\/betriebsunterhalt.ch\/fr\/processus-de-commande-et-de-distribution-des-medias-dapprentissage-numeriques\/","name":"Processus de commande et de distribution des m\u00e9dias d\u2019apprentissage num\u00e9riques - SFB Schweiz","isPartOf":{"@id":"https:\/\/betriebsunterhalt.ch\/fr\/#website"},"datePublished":"2023-07-25T13:08:57+00:00","dateModified":"2025-09-11T12:04:13+00:00","breadcrumb":{"@id":"https:\/\/betriebsunterhalt.ch\/fr\/processus-de-commande-et-de-distribution-des-medias-dapprentissage-numeriques\/#breadcrumb"},"inLanguage":"fr-FR","potentialAction":[{"@type":"ReadAction","target":["https:\/\/betriebsunterhalt.ch\/fr\/processus-de-commande-et-de-distribution-des-medias-dapprentissage-numeriques\/"]}]},{"@type":"BreadcrumbList","@id":"https:\/\/betriebsunterhalt.ch\/fr\/processus-de-commande-et-de-distribution-des-medias-dapprentissage-numeriques\/#breadcrumb","itemListElement":[{"@type":"ListItem","position":1,"name":"Startseite","item":"https:\/\/betriebsunterhalt.ch\/fr\/"},{"@type":"ListItem","position":2,"name":"Processus de commande et de distribution des m\u00e9dias d\u2019apprentissage num\u00e9riques"}]},{"@type":"WebSite","@id":"https:\/\/betriebsunterhalt.ch\/fr\/#website","url":"https:\/\/betriebsunterhalt.ch\/fr\/","name":"SFB Schweiz","description":"Wir halten die Zukunft in Betrieb!","potentialAction":[{"@type":"SearchAction","target":{"@type":"EntryPoint","urlTemplate":"https:\/\/betriebsunterhalt.ch\/fr\/?s={search_term_string}"},"query-input":{"@type":"PropertyValueSpecification","valueRequired":true,"valueName":"search_term_string"}}],"inLanguage":"fr-FR"}]}},"_links":{"self":[{"href":"https:\/\/betriebsunterhalt.ch\/fr\/wp-json\/wp\/v2\/pages\/7614","targetHints":{"allow":["GET"]}}],"collection":[{"href":"https:\/\/betriebsunterhalt.ch\/fr\/wp-json\/wp\/v2\/pages"}],"about":[{"href":"https:\/\/betriebsunterhalt.ch\/fr\/wp-json\/wp\/v2\/types\/page"}],"author":[{"embeddable":true,"href":"https:\/\/betriebsunterhalt.ch\/fr\/wp-json\/wp\/v2\/users\/2"}],"replies":[{"embeddable":true,"href":"https:\/\/betriebsunterhalt.ch\/fr\/wp-json\/wp\/v2\/comments?post=7614"}],"version-history":[{"count":0,"href":"https:\/\/betriebsunterhalt.ch\/fr\/wp-json\/wp\/v2\/pages\/7614\/revisions"}],"wp:attachment":[{"href":"https:\/\/betriebsunterhalt.ch\/fr\/wp-json\/wp\/v2\/media?parent=7614"}],"curies":[{"name":"wp","href":"https:\/\/api.w.org\/{rel}","templated":true}]}}