{"id":7815,"date":"2022-02-03T08:27:47","date_gmt":"2022-02-03T07:27:47","guid":{"rendered":"https:\/\/betriebsunterhalt.ch\/berufsbild\/"},"modified":"2026-02-06T11:09:34","modified_gmt":"2026-02-06T10:09:34","slug":"profil-de-la-profession","status":"publish","type":"page","link":"https:\/\/betriebsunterhalt.ch\/fr\/profil-de-la-profession\/","title":{"rendered":"Profil de la profession"},"content":{"rendered":"<p><iframe src=\"https:\/\/player.vimeo.com\/video\/773277358\"><\/iframe><\/p>\n<h1>Exploitation \u2013 notre profil professionnel<\/h1>\n<div>\n<p><strong>Devenir un professionnel de l&rsquo;entretien d&rsquo;entreprise, ce n&rsquo;est pas seulement apprendre un m\u00e9tier, mais aussi de nombreuses activit\u00e9s en m\u00eame temps. Si tu aimes travailler \u00e0 l&rsquo;ext\u00e9rieur et que tu veux aussi prendre des responsabilit\u00e9s, tu trouveras ici le job de tes r\u00eaves avec de tr\u00e8s bonnes perspectives de carri\u00e8re.<\/strong><\/p>\n<p>Les perspectives professionnelles des <a href=\"https:\/\/betriebsunterhalt.ch\/fr\/formation-de-base\/\">agents d&rsquo;exploitation CFC<\/a> et des <a href=\"https:\/\/betriebsunterhalt.ch\/fr\/formation-de-base\/\">employ\u00e9s d\u2019exploitation AFP<\/a> sont excellentes. En effet, nous aurons besoin \u00e0 l&rsquo;avenir de personnes dou\u00e9es pour les travaux manuels et dot\u00e9es de connaissances techniques &#8211; toujours et partout.<\/p>\n<\/div>\n<h1>19 m\u00e9tiers en un seul ! \u00c7a existe que chez nous.<\/h1>\n<p><a href=\"\/wp-content\/uploads\/2022\/08\/SFB_Lepo_2022_vd0822_web2sneu.pdf\"><img decoding=\"async\" src=\"\/wp-content\/uploads\/2022\/08\/Lepo5.png\" alt=\"\"><\/a><\/p>\n<div>\n<p>Notre formation Allrounder r\u00e9unit 19 m\u00e9tiers :<\/p>\n<h4>\u2022 Agent-e de propret\u00e9 \u2022 Agriculteur-trice \u2022 Constructeur-trice <br \/>d\u2019installation de ventilation \u2022 Constructeur-trice de routes \u2022 Couvreur-euse \u2022 Eb\u00e9niste menuisier-\u00e8re \u2022 Gardien-ne du terrain de jeu \u2022 Installateur-trice \u00e9lectricien \/ Installatrice \u00e9lectricienne \u2022 Installateur-trice en chauffage \u2022 Jardinier-\u00e8re \u2022 Logisticien-ne \u2022 Ma\u00e7on-ne \u2022 Ma\u00eetre-nageur\u00b7euse \u2022 Monteur-euse frigoriste <br \/>\u2022 Monteur-euse sanitaire \u2022 Peintre \u2022 Recycleur-euse \u2022 Technologue en assainissement \u2022 Technicien-ne de patinoire<\/h4>\n<\/div>\n<p><p>\n        <a href=\"\/wp-content\/uploads\/2023\/07\/SFB_Lepo_2023_fr_0723_web.pdf\">Voir le flyer<\/a>\n    <\/p>\n<\/p>\n<hr>\n<h2>Activit\u00e9s possibles<\/h2>\n<div>\n<h3>Nettoyage<\/h3>\n<p>B\u00e2timent (sol, fen\u00eatres), terrain de l&rsquo;entreprise, route, rives du lac<\/p>\n<h3>Entretien &amp; maintenance<\/h3>\n<p>Plantes dans le b\u00e2timent, pelouse, haie, cl\u00f4ture, puits, rev\u00eatement routier<\/p>\n<h3>S\u00e9curit\u00e9<\/h3>\n<p>S\u00e9curit\u00e9 au travail, protection de la sant\u00e9<\/p>\n<\/div>\n<p><img decoding=\"async\" src=\"\/wp-content\/uploads\/2022\/02\/billogo.png\" alt=\"\"><\/p>\n<div>\n<h3>R\u00e9paration<\/h3>\n<p>B\u00e2timent (porte, fen\u00eatre, mur, joint, installation sanitaire), chemins<\/p>\n<h3>Contr\u00f4le (CFC uniquement)<\/h3>\n<p>Technique du b\u00e2timent (installation \u00e9lectrique et sanitaire, chauffage, ventilation)<\/p>\n<h3>Maintenance (CFC uniquement)<\/h3>\n<p>Technique du b\u00e2timent, aire de jeux, point d&rsquo;\u00e9limination des d\u00e9chets<\/p>\n<\/div>\n<h2>Employeurs<\/h2>\n<ul>\n<li>\n<p>        <img decoding=\"async\" src=\"\/wp-content\/uploads\/2022\/02\/verwaltung.jpg\" alt=\"\"><\/p>\n<h3>Administrations publiques et priv\u00e9es<\/h3>\n<\/li>\n<li>\n<p>        <img decoding=\"async\" src=\"\/wp-content\/uploads\/2022\/02\/werkhof.jpg\" alt=\"\"><\/p>\n<h3>Centre d&rsquo;entretien de la commune, service des travaux publics<\/h3>\n<\/li>\n<li>\n<p>        <img decoding=\"async\" src=\"\/wp-content\/uploads\/2022\/02\/grossbetrieb.jpg\" alt=\"\"><\/p>\n<h3>Grandes entreprises<\/h3>\n<\/li>\n<li>\n<p>        <img decoding=\"async\" src=\"\/wp-content\/uploads\/2022\/02\/sportcenter.jpg\" alt=\"\"><\/p>\n<h3>\u00c9cole, foyer, installations sportives, h\u00f4pital<\/h3>\n<\/li>\n<\/ul>\n<h2>Plus d&rsquo;infos<\/h2>\n<ul>\n<li>\n<p><a href=\"https:\/\/betriebsunterhalt.ch\/fr\/formation-de-base\/\"><\/p>\n<p>Apprentissage : tes possibilit\u00e9s<\/p>\n<p><\/a><\/p>\n<\/li>\n<li>\n<p><a href=\"https:\/\/betriebsunterhalt.ch\/fr\/formation-continue\/\"><\/p>\n<p>Possibilit\u00e9s de formation continue : Tes chances de carri\u00e8re<\/p>\n<p><\/a><\/p>\n<\/li>\n<\/ul>\n<p><!--more--><br \/>\n<!-- {\"children\":[{\"name\":\"Header\",\"type\":\"section\",\"props\":{\"height\":\"page\",\"image\":\"wp-content\\\/uploads\\\/2022\\\/02\\\/header_unterseiten_zentral_0002__RWE1203.jpg\",\"image_position\":\"center-center\",\"image_size\":\"cover\",\"image_width\":\"2560\",\"padding\":\"large\",\"style\":\"default\",\"text_color\":\"light\",\"title_breakpoint\":\"xl\",\"title_position\":\"top-left\",\"title_rotation\":\"left\",\"vertical_align\":\"\",\"width\":\"\"},\"children\":[{\"type\":\"row\",\"children\":[{\"type\":\"column\",\"props\":{\"image_position\":\"center-center\",\"position_sticky_breakpoint\":\"m\",\"width_medium\":\"1-1\"}}]}]},{\"type\":\"section\",\"props\":{\"image_position\":\"center-center\",\"padding_remove_bottom\":true,\"style\":\"default\",\"title_breakpoint\":\"xl\",\"title_position\":\"top-left\",\"title_rotation\":\"left\",\"vertical_align\":\"\",\"width\":\"default\"},\"children\":[{\"type\":\"row\",\"props\":{\"column_gap\":\"medium\",\"divider\":false,\"width\":\"xlarge\"},\"children\":[{\"type\":\"column\",\"props\":{\"image_position\":\"center-center\",\"position_sticky_breakpoint\":\"m\"},\"children\":[{\"type\":\"video\",\"props\":{\"block_align\":\"center\",\"margin\":\"default\",\"maxwidth\":\"xlarge\",\"video\":\"https:\\\/\\\/player.vimeo.com\\\/video\\\/773277358\",\"video_box_decoration\":\"shadow\",\"video_controls\":true,\"video_height\":\"1080\"}}]}]}],\"name\":\"Betriebsunterhalt \\u2013 unser Berufsbild\"},{\"type\":\"section\",\"props\":{\"image_position\":\"center-center\",\"style\":\"default\",\"title_breakpoint\":\"xl\",\"title_position\":\"top-left\",\"title_rotation\":\"left\",\"vertical_align\":\"\",\"width\":\"expand\"},\"children\":[{\"type\":\"row\",\"children\":[{\"type\":\"column\",\"props\":{\"image_position\":\"center-center\",\"position_sticky_breakpoint\":\"m\",\"width_medium\":\"1-1\"},\"children\":[{\"type\":\"headline\",\"props\":{\"content\":\"Exploitation \\u2013 notre profil professionnel\",\"text_align\":\"center\",\"title_decoration\":\"bullet\",\"title_element\":\"h1\"}},{\"type\":\"text\",\"props\":{\"block_align\":\"center\",\"column_breakpoint\":\"m\",\"content\":\"\n\n<p><strong>Devenir un professionnel de l'entretien d'entreprise, ce n'est pas seulement apprendre un m\\u00e9tier, mais aussi de nombreuses activit\\u00e9s en m\\u00eame temps. Si tu aimes travailler \\u00e0 l'ext\\u00e9rieur et que tu veux aussi prendre des responsabilit\\u00e9s, tu trouveras ici le job de tes r\\u00eaves avec de tr\\u00e8s bonnes perspectives de carri\\u00e8re.<\\\/strong><\\\/p>\\n\n\n<p>Les perspectives professionnelles des <a href=\\\"https:\\\/\\\/betriebsunterhalt.ch\\\/fr\\\/formation-de-base\\\/\\\">agents d'exploitation CFC<\\\/a> et des <a href=\\\"https:\\\/\\\/betriebsunterhalt.ch\\\/fr\\\/formation-de-base\\\/\\\">employ\\u00e9s d\\u2019exploitation AFP<\\\/a> sont excellentes. En effet, nous aurons besoin \\u00e0 l'avenir de personnes dou\\u00e9es pour les travaux manuels et dot\\u00e9es de connaissances techniques - toujours et partout.<\\\/p>\",\"margin\":\"medium\",\"maxwidth\":\"xlarge\",\"text_align\":\"center\",\"text_style\":\"lead\"}}]}]}],\"name\":\"Videos\"},{\"type\":\"section\",\"props\":{\"image_position\":\"center-center\",\"style\":\"default\",\"title_breakpoint\":\"xl\",\"title_position\":\"top-left\",\"title_rotation\":\"left\",\"vertical_align\":\"\",\"width\":\"large\"},\"children\":[{\"type\":\"row\",\"props\":{\"width\":\"default\"},\"children\":[{\"type\":\"column\",\"props\":{\"image_position\":\"center-center\",\"padding\":\"xsmall\",\"position_sticky_breakpoint\":\"m\",\"style\":\"tile-muted\"},\"children\":[{\"type\":\"headline\",\"props\":{\"content\":\"19 m\\u00e9tiers en un seul ! \\u00c7a existe que chez nous.\",\"text_align\":\"center\",\"title_decoration\":\"bullet\",\"title_element\":\"h1\"}},{\"type\":\"image\",\"props\":{\"image\":\"wp-content\\\/uploads\\\/2022\\\/08\\\/Lepo5.png\",\"image_svg_color\":\"emphasis\",\"link\":\"wp-content\\\/uploads\\\/2022\\\/08\\\/SFB_Lepo_2022_vd0822_web2sneu.pdf\",\"link_target\":\"blank\",\"margin\":\"default\",\"text_align\":\"center\"}},{\"type\":\"text\",\"props\":{\"block_align\":\"center\",\"column_breakpoint\":\"m\",\"content\":\"\n\n<p>Notre formation Allrounder r\\u00e9unit 19 m\\u00e9tiers :<\\\/p>\\n\n\n<h4>\\u2022 Agent-e de propret\\u00e9 \\u2022 Agriculteur-trice \\u2022 Constructeur-trice <br \\\/>d\\u2019installation de ventilation \\u2022 Constructeur-trice de routes \\u2022 Couvreur-euse \\u2022 Eb\\u00e9niste menuisier-\\u00e8re \\u2022 Gardien-ne du terrain de jeu \\u2022 Installateur-trice \\u00e9lectricien \\\/ Installatrice \\u00e9lectricienne \\u2022 Installateur-trice en chauffage \\u2022 Jardinier-\\u00e8re \\u2022 Logisticien-ne \\u2022 Ma\\u00e7on-ne \\u2022 Ma\\u00eetre-nageur\\u00b7euse \\u2022 Monteur-euse frigoriste <br \\\/>\\u2022 Monteur-euse sanitaire \\u2022 Peintre \\u2022 Recycleur-euse \\u2022 Technologue en assainissement \\u2022 Technicien-ne de patinoire<\\\/h4>\",\"margin\":\"default\",\"maxwidth\":\"2xlarge\",\"text_align\":\"left\",\"text_style\":\"lead\"}},{\"type\":\"button\",\"props\":{\"grid_column_gap\":\"small\",\"grid_row_gap\":\"small\",\"margin\":\"medium\",\"text_align\":\"center\"},\"children\":[{\"type\":\"button_item\",\"props\":{\"button_style\":\"secondary\",\"content\":\"Voir le flyer\",\"dialog_layout\":\"modal\",\"dialog_offcanvas_flip\":true,\"icon\":\"file-pdf\",\"icon_align\":\"right\",\"link\":\"wp-content\\\/uploads\\\/2023\\\/07\\\/SFB_Lepo_2023_fr_0723_web.pdf\",\"link_target\":\"blank\",\"link_title\":\"Flyer ansehen\"}}]},{\"type\":\"divider\",\"props\":{\"divider_element\":\"hr\"}}]}]}],\"name\":\"Flyer\"},{\"type\":\"section\",\"props\":{\"image_position\":\"center-center\",\"style\":\"default\",\"title_breakpoint\":\"xl\",\"title_position\":\"top-left\",\"title_rotation\":\"left\",\"vertical_align\":\"\",\"width\":\"default\"},\"children\":[{\"type\":\"row\",\"children\":[{\"type\":\"column\",\"props\":{\"image_position\":\"center-center\",\"position_sticky_breakpoint\":\"m\",\"width_medium\":\"1-1\"},\"children\":[{\"type\":\"headline\",\"props\":{\"content\":\"Activit\\u00e9s possibles\",\"text_align\":\"center\",\"title_decoration\":\"bullet\",\"title_element\":\"h2\"}}]}]},{\"type\":\"row\",\"children\":[{\"type\":\"column\",\"props\":{\"image_position\":\"center-center\",\"position_sticky_breakpoint\":\"m\",\"width_medium\":\"1-3\"},\"children\":[{\"type\":\"text\",\"props\":{\"column_breakpoint\":\"m\",\"content\":\"\n\n<h3>Nettoyage<\\\/h3>\\n\n\n<p>B\\u00e2timent (sol, fen\\u00eatres), terrain de l'entreprise, route, rives du lac<\\\/p>\\n\n\n<h3>Entretien &amp; maintenance<\\\/h3>\\n\n\n<p>Plantes dans le b\\u00e2timent, pelouse, haie, cl\\u00f4ture, puits, rev\\u00eatement routier<\\\/p>\\n\n\n<h3>S\\u00e9curit\\u00e9<\\\/h3>\\n\n\n<p>S\\u00e9curit\\u00e9 au travail, protection de la sant\\u00e9<\\\/p>\",\"margin\":\"default\"}}]},{\"type\":\"column\",\"props\":{\"image_position\":\"center-center\",\"position_sticky_breakpoint\":\"m\",\"width_medium\":\"1-3\"},\"children\":[{\"type\":\"image\",\"props\":{\"image\":\"wp-content\\\/uploads\\\/2022\\\/02\\\/billogo.png\",\"image_svg_color\":\"emphasis\",\"margin\":\"default\"}}]},{\"type\":\"column\",\"props\":{\"image_position\":\"center-center\",\"position_sticky_breakpoint\":\"m\",\"width_medium\":\"1-3\"},\"children\":[{\"type\":\"text\",\"props\":{\"column_breakpoint\":\"m\",\"content\":\"\n\n<h3>R\\u00e9paration<\\\/h3>\\n\n\n<p>B\\u00e2timent (porte, fen\\u00eatre, mur, joint, installation sanitaire), chemins<\\\/p>\\n\n\n<h3>Contr\\u00f4le (CFC uniquement)<\\\/h3>\\n\n\n<p>Technique du b\\u00e2timent (installation \\u00e9lectrique et sanitaire, chauffage, ventilation)<\\\/p>\\n\n\n<h3>Maintenance (CFC uniquement)<\\\/h3>\\n\n\n<p>Technique du b\\u00e2timent, aire de jeux, point d'\\u00e9limination des d\\u00e9chets<\\\/p>\",\"margin\":\"default\"}}]}],\"props\":{\"layout\":\"1-3,1-3,1-3\"}}],\"name\":\"M\\u00f6gliche T\\u00e4tigkeiten\"},{\"type\":\"section\",\"props\":{\"image_position\":\"center-center\",\"style\":\"default\",\"title_breakpoint\":\"xl\",\"title_position\":\"top-left\",\"title_rotation\":\"left\",\"vertical_align\":\"\",\"width\":\"default\"},\"children\":[{\"type\":\"row\",\"children\":[{\"type\":\"column\",\"props\":{\"image_position\":\"center-center\",\"position_sticky_breakpoint\":\"m\",\"width_medium\":\"1-1\"},\"children\":[{\"type\":\"headline\",\"props\":{\"content\":\"Employeurs\",\"text_align\":\"center\",\"title_decoration\":\"bullet\",\"title_element\":\"h2\"}},{\"type\":\"grid\",\"props\":{\"animation\":true,\"content_column_breakpoint\":\"m\",\"content_margin\":\"remove\",\"filter_align\":\"left\",\"filter_all\":true,\"filter_grid_breakpoint\":\"m\",\"filter_grid_width\":\"auto\",\"filter_position\":\"top\",\"filter_style\":\"tab\",\"grid_column_gap\":\"medium\",\"grid_default\":\"1\",\"grid_medium\":\"4\",\"grid_row_gap\":\"medium\",\"grid_small\":\"2\",\"icon_width\":80,\"image_align\":\"top\",\"image_grid_breakpoint\":\"m\",\"image_grid_width\":\"1-2\",\"image_svg_color\":\"emphasis\",\"image_width\":\"500\",\"item_animation\":true,\"lightbox_bg_close\":true,\"link_fullwidth\":false,\"link_style\":\"\",\"link_target\":true,\"link_text\":\"Read more\",\"margin\":\"large\",\"meta_align\":\"below-title\",\"meta_element\":\"div\",\"meta_style\":\"text-meta\",\"panel_image_no_padding\":true,\"panel_link\":true,\"panel_link_hover\":\"true\",\"panel_padding\":\"default\",\"panel_style\":\"card-primary\",\"parallax_easing\":\"1\",\"show_content\":true,\"show_hover_image\":true,\"show_hover_video\":true,\"show_image\":true,\"show_link\":true,\"show_meta\":true,\"show_title\":true,\"show_video\":true,\"text_align\":\"center\",\"title_align\":\"top\",\"title_element\":\"h3\",\"title_grid_breakpoint\":\"m\",\"title_grid_width\":\"1-2\",\"title_hover_style\":\"reset\",\"title_margin\":\"remove\"},\"children\":[{\"type\":\"grid_item\",\"props\":{\"image\":\"wp-content\\\/uploads\\\/2022\\\/02\\\/verwaltung.jpg\",\"title\":\"Administrations publiques et priv\\u00e9es\"}},{\"type\":\"grid_item\",\"props\":{\"image\":\"wp-content\\\/uploads\\\/2022\\\/02\\\/werkhof.jpg\",\"title\":\"Centre d'entretien de la commune, service des travaux publics\"}},{\"type\":\"grid_item\",\"props\":{\"image\":\"wp-content\\\/uploads\\\/2022\\\/02\\\/grossbetrieb.jpg\",\"title\":\"Grandes entreprises\"}},{\"type\":\"grid_item\",\"props\":{\"image\":\"wp-content\\\/uploads\\\/2022\\\/02\\\/sportcenter.jpg\",\"title\":\"\\u00c9cole, foyer, installations sportives, h\\u00f4pital\"}}]}]}]}],\"name\":\"Arbeitgeber\"},{\"type\":\"section\",\"props\":{\"image_position\":\"center-center\",\"style\":\"default\",\"title_breakpoint\":\"xl\",\"title_position\":\"top-left\",\"title_rotation\":\"left\",\"vertical_align\":\"\",\"width\":\"default\"},\"children\":[{\"type\":\"row\",\"children\":[{\"type\":\"column\",\"props\":{\"image_position\":\"center-center\",\"position_sticky_breakpoint\":\"m\",\"width_medium\":\"1-1\"},\"children\":[{\"type\":\"headline\",\"props\":{\"content\":\"Plus d'infos\",\"text_align\":\"left\",\"title_element\":\"h2\",\"title_style\":\"h3\"}},{\"type\":\"list\",\"props\":{\"column_breakpoint\":\"m\",\"image_align\":\"left\",\"image_svg_color\":\"emphasis\",\"image_vertical_align\":true,\"list_element\":\"ul\",\"list_horizontal_separator\":\", \",\"list_marker\":\"disc\",\"list_type\":\"vertical\",\"show_image\":true,\"show_link\":true},\"children\":[{\"type\":\"list_item\",\"props\":{\"content\":\"\n\n<p>Apprentissage : tes possibilit\\u00e9s<\\\/p>\",\"link\":\"fr\\\/formation-de-base\\\/\"}},{\"type\":\"list_item\",\"props\":{\"content\":\"\n\n<p>Possibilit\\u00e9s de formation continue : Tes chances de carri\\u00e8re<\\\/p>\",\"link\":\"fr\\\/formation-continue\\\/\"}}]}]}]}],\"name\":\"Mehr Infos\"}],\"type\":\"layout\",\"version\":\"4.5.32\",\"yooessentialsVersion\":\"2.4.12\"} --><\/p>\n","protected":false},"excerpt":{"rendered":"<p>Exploitation \u2013 notre profil professionnel Devenir un professionnel de l&rsquo;entretien d&rsquo;entreprise, ce n&rsquo;est pas seulement apprendre un m\u00e9tier, mais aussi de nombreuses activit\u00e9s en m\u00eame temps. Si tu aimes travailler \u00e0 l&rsquo;ext\u00e9rieur et que tu veux aussi prendre des responsabilit\u00e9s, tu trouveras ici le job de tes r\u00eaves avec de tr\u00e8s bonnes perspectives de carri\u00e8re. [&hellip;]<\/p>\n","protected":false},"author":2,"featured_media":0,"parent":0,"menu_order":66,"comment_status":"closed","ping_status":"closed","template":"","meta":{"_acf_changed":false,"footnotes":""},"class_list":["post-7815","page","type-page","status-publish","hentry"],"acf":[],"yoast_head":"<!-- This site is optimized with the Yoast SEO plugin v27.5 - https:\/\/yoast.com\/product\/yoast-seo-wordpress\/ -->\n<title>Profil de la profession - SFB Schweiz<\/title>\n<meta name=\"robots\" content=\"index, follow, max-snippet:-1, max-image-preview:large, max-video-preview:-1\" \/>\n<link rel=\"canonical\" href=\"https:\/\/betriebsunterhalt.ch\/fr\/profil-de-la-profession\/\" \/>\n<meta property=\"og:locale\" content=\"fr_FR\" \/>\n<meta property=\"og:type\" content=\"article\" \/>\n<meta property=\"og:title\" content=\"Profil de la profession - SFB Schweiz\" \/>\n<meta property=\"og:description\" content=\"Exploitation \u2013 notre profil professionnel Devenir un professionnel de l&rsquo;entretien d&rsquo;entreprise, ce n&rsquo;est pas seulement apprendre un m\u00e9tier, mais aussi de nombreuses activit\u00e9s en m\u00eame temps. Si tu aimes travailler \u00e0 l&rsquo;ext\u00e9rieur et que tu veux aussi prendre des responsabilit\u00e9s, tu trouveras ici le job de tes r\u00eaves avec de tr\u00e8s bonnes perspectives de carri\u00e8re. [&hellip;]\" \/>\n<meta property=\"og:url\" content=\"https:\/\/betriebsunterhalt.ch\/fr\/profil-de-la-profession\/\" \/>\n<meta property=\"og:site_name\" content=\"SFB Schweiz\" \/>\n<meta property=\"article:modified_time\" content=\"2026-02-06T10:09:34+00:00\" \/>\n<meta name=\"twitter:card\" content=\"summary_large_image\" \/>\n<meta name=\"twitter:label1\" content=\"Dur\u00e9e de lecture estim\u00e9e\" \/>\n\t<meta name=\"twitter:data1\" content=\"3 minutes\" \/>\n<script type=\"application\/ld+json\" class=\"yoast-schema-graph\">{\"@context\":\"https:\\\/\\\/schema.org\",\"@graph\":[{\"@type\":\"WebPage\",\"@id\":\"https:\\\/\\\/betriebsunterhalt.ch\\\/fr\\\/profil-de-la-profession\\\/\",\"url\":\"https:\\\/\\\/betriebsunterhalt.ch\\\/fr\\\/profil-de-la-profession\\\/\",\"name\":\"Profil de la profession - SFB Schweiz\",\"isPartOf\":{\"@id\":\"https:\\\/\\\/betriebsunterhalt.ch\\\/fr\\\/#website\"},\"datePublished\":\"2022-02-03T07:27:47+00:00\",\"dateModified\":\"2026-02-06T10:09:34+00:00\",\"breadcrumb\":{\"@id\":\"https:\\\/\\\/betriebsunterhalt.ch\\\/fr\\\/profil-de-la-profession\\\/#breadcrumb\"},\"inLanguage\":\"fr-FR\",\"potentialAction\":[{\"@type\":\"ReadAction\",\"target\":[\"https:\\\/\\\/betriebsunterhalt.ch\\\/fr\\\/profil-de-la-profession\\\/\"]}]},{\"@type\":\"BreadcrumbList\",\"@id\":\"https:\\\/\\\/betriebsunterhalt.ch\\\/fr\\\/profil-de-la-profession\\\/#breadcrumb\",\"itemListElement\":[{\"@type\":\"ListItem\",\"position\":1,\"name\":\"Startseite\",\"item\":\"https:\\\/\\\/betriebsunterhalt.ch\\\/fr\\\/\"},{\"@type\":\"ListItem\",\"position\":2,\"name\":\"Profil de la profession\"}]},{\"@type\":\"WebSite\",\"@id\":\"https:\\\/\\\/betriebsunterhalt.ch\\\/fr\\\/#website\",\"url\":\"https:\\\/\\\/betriebsunterhalt.ch\\\/fr\\\/\",\"name\":\"SFB Schweiz\",\"description\":\"Wir halten die Zukunft in Betrieb!\",\"potentialAction\":[{\"@type\":\"SearchAction\",\"target\":{\"@type\":\"EntryPoint\",\"urlTemplate\":\"https:\\\/\\\/betriebsunterhalt.ch\\\/fr\\\/?s={search_term_string}\"},\"query-input\":{\"@type\":\"PropertyValueSpecification\",\"valueRequired\":true,\"valueName\":\"search_term_string\"}}],\"inLanguage\":\"fr-FR\"}]}<\/script>\n<!-- \/ Yoast SEO plugin. -->","yoast_head_json":{"title":"Profil de la profession - SFB Schweiz","robots":{"index":"index","follow":"follow","max-snippet":"max-snippet:-1","max-image-preview":"max-image-preview:large","max-video-preview":"max-video-preview:-1"},"canonical":"https:\/\/betriebsunterhalt.ch\/fr\/profil-de-la-profession\/","og_locale":"fr_FR","og_type":"article","og_title":"Profil de la profession - SFB Schweiz","og_description":"Exploitation \u2013 notre profil professionnel Devenir un professionnel de l&rsquo;entretien d&rsquo;entreprise, ce n&rsquo;est pas seulement apprendre un m\u00e9tier, mais aussi de nombreuses activit\u00e9s en m\u00eame temps. Si tu aimes travailler \u00e0 l&rsquo;ext\u00e9rieur et que tu veux aussi prendre des responsabilit\u00e9s, tu trouveras ici le job de tes r\u00eaves avec de tr\u00e8s bonnes perspectives de carri\u00e8re. [&hellip;]","og_url":"https:\/\/betriebsunterhalt.ch\/fr\/profil-de-la-profession\/","og_site_name":"SFB Schweiz","article_modified_time":"2026-02-06T10:09:34+00:00","twitter_card":"summary_large_image","twitter_misc":{"Dur\u00e9e de lecture estim\u00e9e":"3 minutes"},"schema":{"@context":"https:\/\/schema.org","@graph":[{"@type":"WebPage","@id":"https:\/\/betriebsunterhalt.ch\/fr\/profil-de-la-profession\/","url":"https:\/\/betriebsunterhalt.ch\/fr\/profil-de-la-profession\/","name":"Profil de la profession - SFB Schweiz","isPartOf":{"@id":"https:\/\/betriebsunterhalt.ch\/fr\/#website"},"datePublished":"2022-02-03T07:27:47+00:00","dateModified":"2026-02-06T10:09:34+00:00","breadcrumb":{"@id":"https:\/\/betriebsunterhalt.ch\/fr\/profil-de-la-profession\/#breadcrumb"},"inLanguage":"fr-FR","potentialAction":[{"@type":"ReadAction","target":["https:\/\/betriebsunterhalt.ch\/fr\/profil-de-la-profession\/"]}]},{"@type":"BreadcrumbList","@id":"https:\/\/betriebsunterhalt.ch\/fr\/profil-de-la-profession\/#breadcrumb","itemListElement":[{"@type":"ListItem","position":1,"name":"Startseite","item":"https:\/\/betriebsunterhalt.ch\/fr\/"},{"@type":"ListItem","position":2,"name":"Profil de la profession"}]},{"@type":"WebSite","@id":"https:\/\/betriebsunterhalt.ch\/fr\/#website","url":"https:\/\/betriebsunterhalt.ch\/fr\/","name":"SFB Schweiz","description":"Wir halten die Zukunft in Betrieb!","potentialAction":[{"@type":"SearchAction","target":{"@type":"EntryPoint","urlTemplate":"https:\/\/betriebsunterhalt.ch\/fr\/?s={search_term_string}"},"query-input":{"@type":"PropertyValueSpecification","valueRequired":true,"valueName":"search_term_string"}}],"inLanguage":"fr-FR"}]}},"_links":{"self":[{"href":"https:\/\/betriebsunterhalt.ch\/fr\/wp-json\/wp\/v2\/pages\/7815","targetHints":{"allow":["GET"]}}],"collection":[{"href":"https:\/\/betriebsunterhalt.ch\/fr\/wp-json\/wp\/v2\/pages"}],"about":[{"href":"https:\/\/betriebsunterhalt.ch\/fr\/wp-json\/wp\/v2\/types\/page"}],"author":[{"embeddable":true,"href":"https:\/\/betriebsunterhalt.ch\/fr\/wp-json\/wp\/v2\/users\/2"}],"replies":[{"embeddable":true,"href":"https:\/\/betriebsunterhalt.ch\/fr\/wp-json\/wp\/v2\/comments?post=7815"}],"version-history":[{"count":1,"href":"https:\/\/betriebsunterhalt.ch\/fr\/wp-json\/wp\/v2\/pages\/7815\/revisions"}],"predecessor-version":[{"id":10911,"href":"https:\/\/betriebsunterhalt.ch\/fr\/wp-json\/wp\/v2\/pages\/7815\/revisions\/10911"}],"wp:attachment":[{"href":"https:\/\/betriebsunterhalt.ch\/fr\/wp-json\/wp\/v2\/media?parent=7815"}],"curies":[{"name":"wp","href":"https:\/\/api.w.org\/{rel}","templated":true}]}}