{"id":7962,"date":"2022-02-07T14:37:13","date_gmt":"2022-02-07T13:37:13","guid":{"rendered":"https:\/\/betriebsunterhalt.ch\/fotohinweise\/"},"modified":"2024-04-29T15:22:59","modified_gmt":"2024-04-29T13:22:59","slug":"istruzioni-per-le-foto","status":"publish","type":"page","link":"https:\/\/betriebsunterhalt.ch\/it\/istruzioni-per-le-foto\/","title":{"rendered":"Istruzioni per le foto"},"content":{"rendered":"<h1>Istruzioni per le foto e i video durante gli eventi dell&#8217;ASPI<\/h1>\n<p>\n    <a href=\"\/wp-content\/uploads\/2022\/02\/plakat_dsgvo_informationen_faq.pdf\">Scarica il manifesto &#8216;Qui verranno scattate foto e video&#8217;<\/a>\n<\/p>\n<h2>Informazioni generali sulla protezione dei dati in conformit\u00e0 all&#8217;articolo 13 del RGPD<\/h2>\n<ul>\n<li>\n<h3>ASPI Svizzera<\/h3>\n<div>\n<p><span>Schweizerischer Fachverband Betriebsunterhalt<\/span><br \/><span>Pr\u00e4sident Claude Zbinden<\/span><br \/><span>Postfach 598<\/span><br \/><span>3076 Worb<\/span><\/p>\n<\/div>\n<\/li>\n<li>\n<h3>Sezione Ticino<\/h3>\n<div>\n<p>Associazione Svizzera degli Operatori di edifici e infrastrutture<br \/>Via Industria 18<br \/>6963 Pregassona T<\/p>\n<\/div>\n<\/li>\n<li>\n<h3>Sezione Argovia\/Soletta<\/h3>\n<div>\n<p>Schweizerischer Fachverband Betriebsunterhalt<br \/>Sektion Aargau\/Solothurn<br \/>Postfach<br \/><span>6246 Altishofen<\/span><\/p>\n<\/div>\n<\/li>\n<li>\n<h3>Sezione Basilea<\/h3>\n<div>\n<p>Schweizerischer Fachverband Betriebsunterhalt<br \/>Sektion beider Basel<br \/>Keramikweg 3<br \/>6252 Dagmersellen<\/p>\n<\/div>\n<\/li>\n<li>\n<h3>Sezione Berna<\/h3>\n<div>\n<p>Schweizerischer Fachverband Betriebsunterhalt<br \/>Sektion Bern<br \/>Utzenstorfstrasse 18<br \/>3426 Aefligen<\/p>\n<\/div>\n<\/li>\n<li>\n<h3>Sezione Romandie<\/h3>\n<div>\n<p>SFB Romandie<br \/>Secr\u00e9tariat<br \/>1000 Lausanne<\/p>\n<\/div>\n<\/li>\n<li>\n<h3>Sezione Thurgovia<\/h3>\n<div>\n<p>Schweizerischer Fachverband Betriebsunterhalt<br \/>Sektion Thurgau<br \/>Sunnewiesstrasse 9<br \/>9508 Weingarten<\/p>\n<\/div>\n<\/li>\n<li>\n<h3>Sezione Svizzera centrale<\/h3>\n<div>\n<p>Schweizerischer Fachverband Betriebsunterhalt<br \/>Sektion Zentralschweiz<br \/>Keramikweg 3<br \/>6252 Dagmersellen<\/p>\n<\/div>\n<\/li>\n<li>\n<h3>Sezione Zurigo<\/h3>\n<div>\n<p>Schweizerischer Fachverband Betriebsunterhalt<br \/>Sektion Z\u00fcrich mit angeschlossenen Kantonen und F\u00fcrstentum Liechtenstein<br \/><span>Ernst M\u00fcller-Strasse 7<\/span><br \/><span>8207 Schaffhausen<\/span><\/p>\n<\/div>\n<\/li>\n<li>\n<h3>FB ABZM<\/h3>\n<div>\n<p>Fachverband Betriebsunterhalt<br \/>Ausbildungszentrum Mittelland<br \/>Keramikweg 3<br \/>6252 Dagmersellen<\/p>\n<\/div>\n<\/li>\n<\/ul>\n<ul>\n<li>\n<h3>Delegato per la protezione dei dati<\/h3>\n<div>\n<p>Non \u00e8 stato nominato alcun Responsabile della protezione dei dati poich\u00e9 non \u00e8 prevista alcuna necessit\u00e0 legale.<\/p>\n<\/div>\n<\/li>\n<li>\n<h3>Scopo<\/h3>\n<div>\n<p>Le foto e\/o i video realizzati durante gli eventi dell&#8217;ASPI e delle sue sezioni (ad esempio, celebrazioni di fine apprendistato) possono essere pubblicati sul sito web betriebsunterhalt.ch, sui canali dei social media e sui media stampati e online (ad esempio, newsletter delle sezioni, articoli di giornale) per scopi di pubbliche relazioni e per presentare le attivit\u00e0 dell&#8217;ASPI al pubblico.<\/p>\n<\/div>\n<\/li>\n<li>\n<h3>Base giuridica<\/h3>\n<div>\n<p>(Interesse legittimo ai sensi dell&#8217;articolo 6, paragrafo 1, lettera f del RGPD)<\/p>\n<p>Le attivit\u00e0 di pubbliche relazioni e la rappresentazione delle attivit\u00e0 dell&#8217;Associazione Svizzera dei Professionisti d&#8217;Impresa (ASPI) e delle sue sezioni, al fine di aumentare la notoriet\u00e0, costituiscono un interesse legittimo per il trattamento dei dati.<\/p>\n<p>\u00c8 possibile opporsi al trattamento. L&#8217;opposizione pu\u00f2 essere rivolta ai responsabili dell&#8217;evento in questione.<\/p>\n<p>Si ritiene ragionevolmente che l&#8217;interesse dell&#8217;ASPI nella realizzazione e nell&#8217;utilizzo delle foto\/video non violi in modo eccessivo i diritti e le libert\u00e0 delle persone interessate, soprattutto perch\u00e9 queste sono state informate della realizzazione di foto\/video e del loro utilizzo prima e durante la partecipazione all&#8217;evento. Durante la realizzazione e la pubblicazione delle foto\/video, prestiamo attenzione a non violare gli interessi legittimi delle persone rappresentate. Qualora, per motivi particolarmente considerevoli, i diritti e le libert\u00e0 di una persona rappresentata dovessero essere violati, cesseremo di trattare i dati mediante adeguate misure. La sfocatura nelle pubblicazioni cartacee gi\u00e0 distribuite non pu\u00f2 essere effettuata. La cancellazione sul sito web o sui canali dei social media avviene nei limiti delle possibilit\u00e0 tecniche disponibili.<\/p>\n<\/div>\n<\/li>\n<li>\n<h3>Durata della conservazione<\/h3>\n<div>\n<p>I dati vengono conservati a tempo indeterminato per scopi di documentazione. Dal sito web betriebsunterhalt.ch saranno rimossi entro massimo 2 anni.<\/p>\n<\/div>\n<\/li>\n<li>\n<h3>Riceventi<\/h3>\n<div>\n<p>Le seguenti gruppi possono ricevere i dati delle foto\/video:<\/p>\n<ul>\n<li>Reparti dell&#8217;ASPI che, nell&#8217;ambito dell&#8217;elaborazione delle attivit\u00e0, necessariamente devono ricevere i dati (ad esempio, reparto IT, altre unit\u00e0 amministrative, marketing)<\/li>\n<li>Appaltatori e responsabili del trattamento dati, come grafici, tipografie, webmaster, fornitori di hosting, ecc.<\/li>\n<li>Commercialisti, autorit\u00e0 e rappresentanti legali nell&#8217;ambito dell&#8217;esercizio di diritti, difesa di pretese o in procedimenti amministrativi<\/li>\n<\/ul>\n<p>I dati vengono resi pubblicamente disponibili su Internet e pubblicati su canali di social media, nonch\u00e9 su media stampati. Questi ultimi vengono distribuiti ai membri dell&#8217;associazione e\/o al pubblico in una tiratura limitata e variabile.<\/p>\n<p>I dati non vengono forniti a destinatari che li utilizzino per scopi propri. Tuttavia, nei canali di social media, il servizio di social media interessato potrebbe acquisire i diritti di utilizzo dei dati pubblicati.<\/p><\/div>\n<\/li>\n<li>\n<h3>Informazioni sull&#8217;opposizione<\/h3>\n<div>\n<p>Come persona interessata, lei ha il diritto fondamentale, nel rispetto delle disposizioni di legge, di ricevere informazioni, di rettifica, cancellazione, limitazione, opposizione e trasferibilit\u00e0 dei dati. Per esercitare i suoi diritti, la preghiamo di contattare i responsabili dell&#8217;evento in questione.<\/p>\n<p>Se ritiene che il trattamento dei suoi dati violi le norme sulla protezione dei dati o le sue richieste in materia di protezione dei dati siano state altrimenti violate, lei ha il diritto di presentare un reclamo presso un&#8217;autorit\u00e0 di controllo.<\/p>\n<p>Non \u00e8 prevista la trasmissione dei dati a destinatari in un paese terzo o a un&#8217;organizzazione internazionale. Non ci sono decisioni automatizzate (profilazione).<\/p>\n<p>Non \u00e8 n\u00e9 contrattualmente n\u00e9 legalmente prescritto n\u00e9 obbligatorio fornire le foto\/video create.<\/p>\n<\/div>\n<\/li>\n<\/ul>\n<p><!--more--><br \/>\n<!-- {\"name\":\"Impressum\",\"type\":\"layout\",\"children\":[{\"type\":\"section\",\"props\":{\"image_position\":\"center-center\",\"style\":\"default\",\"title_breakpoint\":\"xl\",\"title_position\":\"top-left\",\"title_rotation\":\"left\",\"vertical_align\":\"middle\",\"width\":\"default\"},\"children\":[{\"type\":\"row\",\"children\":[{\"type\":\"column\",\"props\":{\"image_position\":\"center-center\",\"position_sticky_breakpoint\":\"m\"},\"children\":[{\"type\":\"headline\",\"props\":{\"block_align\":\"center\",\"content\":\"Istruzioni per le foto e i video durante gli eventi dell'ASPI\",\"maxwidth\":\"2xlarge\",\"text_align\":\"center\",\"title_decoration\":\"bullet\",\"title_element\":\"h1\"}}]}]},{\"type\":\"row\",\"children\":[{\"type\":\"column\",\"props\":{\"image_position\":\"center-center\",\"position_sticky_breakpoint\":\"m\"},\"children\":[{\"type\":\"button\",\"props\":{\"grid_column_gap\":\"small\",\"grid_row_gap\":\"small\",\"margin\":\"default\",\"text_align\":\"center\"},\"children\":[{\"type\":\"button_item\",\"props\":{\"button_style\":\"secondary\",\"content\":\"Scarica il manifesto 'Qui verranno scattate foto e video'\",\"icon_align\":\"left\",\"link\":\"wp-content\\\/uploads\\\/2022\\\/02\\\/plakat_dsgvo_informationen_faq.pdf\",\"link_target\":\"blank\"}}]}]}]},{\"type\":\"row\",\"props\":{\"width\":\"large\"},\"children\":[{\"type\":\"column\",\"props\":{\"image_position\":\"center-center\",\"position_sticky_breakpoint\":\"m\"},\"children\":[{\"type\":\"headline\",\"props\":{\"content\":\"Informazioni generali sulla protezione dei dati in conformit\\u00e0 all'articolo 13 del RGPD\",\"text_align\":\"center\",\"title_element\":\"h2\"}},{\"type\":\"accordion\",\"props\":{\"collapsible\":true,\"content_column_breakpoint\":\"m\",\"image_align\":\"top\",\"image_grid_breakpoint\":\"m\",\"image_grid_width\":\"1-2\",\"image_svg_color\":\"emphasis\",\"link_style\":\"default\",\"link_text\":\"Read more\",\"show_image\":true,\"show_link\":true},\"children\":[{\"type\":\"accordion_item\",\"props\":{\"content\":\"\n\n<p><span>Schweizerischer Fachverband Betriebsunterhalt<\\\/span><br \\\/><span>Pr\\u00e4sident Claude Zbinden<\\\/span><br \\\/><span>Postfach 598<\\\/span><br \\\/><span>3076 Worb<\\\/span><\\\/p>\",\"title\":\"ASPI Svizzera\"}},{\"type\":\"accordion_item\",\"props\":{\"content\":\"\n\n<p>Associazione Svizzera degli Operatori di edifici e infrastrutture<br \\\/>Via Industria 18<br \\\/>6963 Pregassona T<\\\/p>\",\"title\":\"Sezione Ticino\"}},{\"type\":\"accordion_item\",\"props\":{\"content\":\"\n\n<p>Schweizerischer Fachverband Betriebsunterhalt<br \\\/>Sektion Aargau\\\/Solothurn<br \\\/>Postfach<br \\\/><span>6246 Altishofen<\\\/span><\\\/p>\",\"title\":\"Sezione Argovia\\\/Soletta\"}},{\"type\":\"accordion_item\",\"props\":{\"content\":\"\n\n<p>Schweizerischer Fachverband Betriebsunterhalt<br \\\/>Sektion beider Basel<br \\\/>Keramikweg 3<br \\\/>6252 Dagmersellen<\\\/p>\",\"title\":\"Sezione Basilea\"}},{\"type\":\"accordion_item\",\"props\":{\"content\":\"\n\n<p>Schweizerischer Fachverband Betriebsunterhalt<br \\\/>Sektion Bern<br \\\/>Utzenstorfstrasse 18<br \\\/>3426 Aefligen<\\\/p>\",\"title\":\"Sezione Berna\"}},{\"type\":\"accordion_item\",\"props\":{\"content\":\"\n\n<p>SFB Romandie<br \\\/>Secr\\u00e9tariat<br \\\/>1000 Lausanne<\\\/p>\",\"title\":\"Sezione Romandie\"}},{\"type\":\"accordion_item\",\"props\":{\"content\":\"\n\n<p>Schweizerischer Fachverband Betriebsunterhalt<br \\\/>Sektion Thurgau<br \\\/>Sunnewiesstrasse 9<br \\\/>9508 Weingarten<\\\/p>\",\"title\":\"Sezione Thurgovia\"}},{\"type\":\"accordion_item\",\"props\":{\"content\":\"\n\n<p>Schweizerischer Fachverband Betriebsunterhalt<br \\\/>Sektion Zentralschweiz<br \\\/>Keramikweg 3<br \\\/>6252 Dagmersellen<\\\/p>\",\"title\":\"Sezione Svizzera centrale\"}},{\"type\":\"accordion_item\",\"props\":{\"content\":\"\n\n<p>Schweizerischer Fachverband Betriebsunterhalt<br \\\/>Sektion Z\\u00fcrich mit angeschlossenen Kantonen und F\\u00fcrstentum Liechtenstein<br \\\/><span>Ernst M\\u00fcller-Strasse 7<\\\/span><br \\\/><span>8207 Schaffhausen<\\\/span><\\\/p>\",\"title\":\"Sezione Zurigo\"}},{\"type\":\"accordion_item\",\"props\":{\"content\":\"\n\n<p>Fachverband Betriebsunterhalt<br \\\/>Ausbildungszentrum Mittelland<br \\\/>Keramikweg 3<br \\\/>6252 Dagmersellen<\\\/p>\",\"title\":\"FB ABZM\"}}]}]}]},{\"type\":\"row\",\"children\":[{\"type\":\"column\",\"props\":{\"image_position\":\"center-center\",\"position_sticky_breakpoint\":\"m\"},\"children\":[{\"type\":\"description_list\",\"props\":{\"block_align\":\"center\",\"column_breakpoint\":\"m\",\"layout\":\"grid-2\",\"list_element\":\"ul\",\"list_style\":\"divider\",\"maxwidth\":\"2xlarge\",\"meta_align\":\"below-content\",\"meta_style\":\"text-meta\",\"show_content\":true,\"show_link\":true,\"show_meta\":true,\"show_title\":true,\"title_element\":\"h2\",\"title_grid_breakpoint\":\"m\",\"title_grid_column_gap\":\"large\",\"title_grid_row_gap\":\"large\",\"title_grid_width\":\"medium\",\"title_style\":\"h5\"},\"children\":[{\"type\":\"description_list_item\",\"props\":{\"content\":\"\n\n<p>Non \\u00e8 stato nominato alcun Responsabile della protezione dei dati poich\\u00e9 non \\u00e8 prevista alcuna necessit\\u00e0 legale.<\\\/p>\",\"title\":\"Delegato per la protezione dei dati\"}},{\"type\":\"description_list_item\",\"props\":{\"content\":\"\n\n<p>Le foto e\\\/o i video realizzati durante gli eventi dell'ASPI e delle sue sezioni (ad esempio, celebrazioni di fine apprendistato) possono essere pubblicati sul sito web betriebsunterhalt.ch, sui canali dei social media e sui media stampati e online (ad esempio, newsletter delle sezioni, articoli di giornale) per scopi di pubbliche relazioni e per presentare le attivit\\u00e0 dell'ASPI al pubblico.<\\\/p>\",\"title\":\"Scopo\"}},{\"type\":\"description_list_item\",\"props\":{\"content\":\"\n\n<p>(Interesse legittimo ai sensi dell'articolo 6, paragrafo 1, lettera f del RGPD)<\\\/p>\\n\\n\n\n<p>Le attivit\\u00e0 di pubbliche relazioni e la rappresentazione delle attivit\\u00e0 dell'Associazione Svizzera dei Professionisti d'Impresa (ASPI) e delle sue sezioni, al fine di aumentare la notoriet\\u00e0, costituiscono un interesse legittimo per il trattamento dei dati.<\\\/p>\\n\n\n<p>\\u00c8 possibile opporsi al trattamento. L'opposizione pu\\u00f2 essere rivolta ai responsabili dell'evento in questione.<\\\/p>\\n\n\n<p>Si ritiene ragionevolmente che l'interesse dell'ASPI nella realizzazione e nell'utilizzo delle foto\\\/video non violi in modo eccessivo i diritti e le libert\\u00e0 delle persone interessate, soprattutto perch\\u00e9 queste sono state informate della realizzazione di foto\\\/video e del loro utilizzo prima e durante la partecipazione all'evento. Durante la realizzazione e la pubblicazione delle foto\\\/video, prestiamo attenzione a non violare gli interessi legittimi delle persone rappresentate. Qualora, per motivi particolarmente considerevoli, i diritti e le libert\\u00e0 di una persona rappresentata dovessero essere violati, cesseremo di trattare i dati mediante adeguate misure. La sfocatura nelle pubblicazioni cartacee gi\\u00e0 distribuite non pu\\u00f2 essere effettuata. La cancellazione sul sito web o sui canali dei social media avviene nei limiti delle possibilit\\u00e0 tecniche disponibili.<\\\/p>\",\"title\":\"Base giuridica\"}},{\"type\":\"description_list_item\",\"props\":{\"content\":\"\n\n<p>I dati vengono conservati a tempo indeterminato per scopi di documentazione. Dal sito web betriebsunterhalt.ch saranno rimossi entro massimo 2 anni.<\\\/p>\",\"title\":\"Durata della conservazione\"}},{\"type\":\"description_list_item\",\"props\":{\"content\":\"\n\n<p>Le seguenti gruppi possono ricevere i dati delle foto\\\/video:<\\\/p>\\n\\n\n\n<ul>\\n\n\n<li>Reparti dell'ASPI che, nell'ambito dell'elaborazione delle attivit\\u00e0, necessariamente devono ricevere i dati (ad esempio, reparto IT, altre unit\\u00e0 amministrative, marketing)<\\\/li>\\n\n\n<li>Appaltatori e responsabili del trattamento dati, come grafici, tipografie, webmaster, fornitori di hosting, ecc.<\\\/li>\\n\n\n<li>Commercialisti, autorit\\u00e0 e rappresentanti legali nell'ambito dell'esercizio di diritti, difesa di pretese o in procedimenti amministrativi<\\\/li>\\n<\\\/ul>\\n\n\n<p>I dati vengono resi pubblicamente disponibili su Internet e pubblicati su canali di social media, nonch\\u00e9 su media stampati. Questi ultimi vengono distribuiti ai membri dell'associazione e\\\/o al pubblico in una tiratura limitata e variabile.<\\\/p>\\n\n\n<p>I dati non vengono forniti a destinatari che li utilizzino per scopi propri. Tuttavia, nei canali di social media, il servizio di social media interessato potrebbe acquisire i diritti di utilizzo dei dati pubblicati.\",\"title\":\"Riceventi\"}},{\"type\":\"description_list_item\",\"props\":{\"content\":\"\n\n<p>Come persona interessata, lei ha il diritto fondamentale, nel rispetto delle disposizioni di legge, di ricevere informazioni, di rettifica, cancellazione, limitazione, opposizione e trasferibilit\\u00e0 dei dati. Per esercitare i suoi diritti, la preghiamo di contattare i responsabili dell'evento in questione.<\\\/p>\\n\\n\n\n<p>Se ritiene che il trattamento dei suoi dati violi le norme sulla protezione dei dati o le sue richieste in materia di protezione dei dati siano state altrimenti violate, lei ha il diritto di presentare un reclamo presso un'autorit\\u00e0 di controllo.<\\\/p>\\n\n\n<p>Non \\u00e8 prevista la trasmissione dei dati a destinatari in un paese terzo o a un'organizzazione internazionale. Non ci sono decisioni automatizzate (profilazione).<\\\/p>\\n\n\n<p>Non \\u00e8 n\\u00e9 contrattualmente n\\u00e9 legalmente prescritto n\\u00e9 obbligatorio fornire le foto\\\/video create.<\\\/p>\",\"title\":\"Informazioni sull'opposizione\"}}],\"modified\":\"2021-06-17T08:50:54.853Z\",\"name\":\"Vorlage Impressum, 17.6.2021\"}]}]}]}],\"version\":\"4.3.13\",\"yooessentialsVersion\":\"2.2.9\"} --><\/p>\n","protected":false},"excerpt":{"rendered":"<p>Istruzioni per le foto e i video durante gli eventi dell&#8217;ASPI Scarica il manifesto &#8216;Qui verranno scattate foto e video&#8217; Informazioni generali sulla protezione dei dati in conformit\u00e0 all&#8217;articolo 13 del RGPD ASPI Svizzera Schweizerischer Fachverband BetriebsunterhaltPr\u00e4sident Claude ZbindenPostfach 5983076 Worb Sezione Ticino Associazione Svizzera degli Operatori di edifici e infrastruttureVia Industria 186963 Pregassona T [&hellip;]<\/p>\n","protected":false},"author":2,"featured_media":0,"parent":0,"menu_order":45,"comment_status":"closed","ping_status":"closed","template":"","meta":{"_acf_changed":false,"footnotes":""},"class_list":["post-7962","page","type-page","status-publish","hentry"],"acf":[],"yoast_head":"<!-- This site is optimized with the Yoast SEO plugin v27.5 - https:\/\/yoast.com\/product\/yoast-seo-wordpress\/ -->\n<title>Istruzioni per le foto - SFB Schweiz<\/title>\n<meta name=\"robots\" content=\"index, follow, max-snippet:-1, max-image-preview:large, max-video-preview:-1\" \/>\n<link rel=\"canonical\" href=\"https:\/\/betriebsunterhalt.ch\/it\/istruzioni-per-le-foto\/\" \/>\n<meta property=\"og:locale\" content=\"it_IT\" \/>\n<meta property=\"og:type\" content=\"article\" \/>\n<meta property=\"og:title\" content=\"Istruzioni per le foto - SFB Schweiz\" \/>\n<meta property=\"og:description\" content=\"Istruzioni per le foto e i video durante gli eventi dell&#8217;ASPI Scarica il manifesto &#8216;Qui verranno scattate foto e video&#8217; Informazioni generali sulla protezione dei dati in conformit\u00e0 all&#8217;articolo 13 del RGPD ASPI Svizzera Schweizerischer Fachverband BetriebsunterhaltPr\u00e4sident Claude ZbindenPostfach 5983076 Worb Sezione Ticino Associazione Svizzera degli Operatori di edifici e infrastruttureVia Industria 186963 Pregassona T [&hellip;]\" \/>\n<meta property=\"og:url\" content=\"https:\/\/betriebsunterhalt.ch\/it\/istruzioni-per-le-foto\/\" \/>\n<meta property=\"og:site_name\" content=\"SFB Schweiz\" \/>\n<meta property=\"article:modified_time\" content=\"2024-04-29T13:22:59+00:00\" \/>\n<meta name=\"twitter:card\" content=\"summary_large_image\" \/>\n<meta name=\"twitter:label1\" content=\"Tempo di lettura stimato\" \/>\n\t<meta name=\"twitter:data1\" content=\"4 minuti\" \/>\n<script type=\"application\/ld+json\" class=\"yoast-schema-graph\">{\"@context\":\"https:\\\/\\\/schema.org\",\"@graph\":[{\"@type\":\"WebPage\",\"@id\":\"https:\\\/\\\/betriebsunterhalt.ch\\\/it\\\/istruzioni-per-le-foto\\\/\",\"url\":\"https:\\\/\\\/betriebsunterhalt.ch\\\/it\\\/istruzioni-per-le-foto\\\/\",\"name\":\"Istruzioni per le foto - SFB Schweiz\",\"isPartOf\":{\"@id\":\"https:\\\/\\\/betriebsunterhalt.ch\\\/it\\\/#website\"},\"datePublished\":\"2022-02-07T13:37:13+00:00\",\"dateModified\":\"2024-04-29T13:22:59+00:00\",\"breadcrumb\":{\"@id\":\"https:\\\/\\\/betriebsunterhalt.ch\\\/it\\\/istruzioni-per-le-foto\\\/#breadcrumb\"},\"inLanguage\":\"it-IT\",\"potentialAction\":[{\"@type\":\"ReadAction\",\"target\":[\"https:\\\/\\\/betriebsunterhalt.ch\\\/it\\\/istruzioni-per-le-foto\\\/\"]}]},{\"@type\":\"BreadcrumbList\",\"@id\":\"https:\\\/\\\/betriebsunterhalt.ch\\\/it\\\/istruzioni-per-le-foto\\\/#breadcrumb\",\"itemListElement\":[{\"@type\":\"ListItem\",\"position\":1,\"name\":\"Startseite\",\"item\":\"https:\\\/\\\/betriebsunterhalt.ch\\\/it\\\/\"},{\"@type\":\"ListItem\",\"position\":2,\"name\":\"Istruzioni per le foto\"}]},{\"@type\":\"WebSite\",\"@id\":\"https:\\\/\\\/betriebsunterhalt.ch\\\/it\\\/#website\",\"url\":\"https:\\\/\\\/betriebsunterhalt.ch\\\/it\\\/\",\"name\":\"SFB Schweiz\",\"description\":\"Wir halten die Zukunft in Betrieb!\",\"potentialAction\":[{\"@type\":\"SearchAction\",\"target\":{\"@type\":\"EntryPoint\",\"urlTemplate\":\"https:\\\/\\\/betriebsunterhalt.ch\\\/it\\\/?s={search_term_string}\"},\"query-input\":{\"@type\":\"PropertyValueSpecification\",\"valueRequired\":true,\"valueName\":\"search_term_string\"}}],\"inLanguage\":\"it-IT\"}]}<\/script>\n<!-- \/ Yoast SEO plugin. -->","yoast_head_json":{"title":"Istruzioni per le foto - SFB Schweiz","robots":{"index":"index","follow":"follow","max-snippet":"max-snippet:-1","max-image-preview":"max-image-preview:large","max-video-preview":"max-video-preview:-1"},"canonical":"https:\/\/betriebsunterhalt.ch\/it\/istruzioni-per-le-foto\/","og_locale":"it_IT","og_type":"article","og_title":"Istruzioni per le foto - SFB Schweiz","og_description":"Istruzioni per le foto e i video durante gli eventi dell&#8217;ASPI Scarica il manifesto &#8216;Qui verranno scattate foto e video&#8217; Informazioni generali sulla protezione dei dati in conformit\u00e0 all&#8217;articolo 13 del RGPD ASPI Svizzera Schweizerischer Fachverband BetriebsunterhaltPr\u00e4sident Claude ZbindenPostfach 5983076 Worb Sezione Ticino Associazione Svizzera degli Operatori di edifici e infrastruttureVia Industria 186963 Pregassona T [&hellip;]","og_url":"https:\/\/betriebsunterhalt.ch\/it\/istruzioni-per-le-foto\/","og_site_name":"SFB Schweiz","article_modified_time":"2024-04-29T13:22:59+00:00","twitter_card":"summary_large_image","twitter_misc":{"Tempo di lettura stimato":"4 minuti"},"schema":{"@context":"https:\/\/schema.org","@graph":[{"@type":"WebPage","@id":"https:\/\/betriebsunterhalt.ch\/it\/istruzioni-per-le-foto\/","url":"https:\/\/betriebsunterhalt.ch\/it\/istruzioni-per-le-foto\/","name":"Istruzioni per le foto - SFB Schweiz","isPartOf":{"@id":"https:\/\/betriebsunterhalt.ch\/it\/#website"},"datePublished":"2022-02-07T13:37:13+00:00","dateModified":"2024-04-29T13:22:59+00:00","breadcrumb":{"@id":"https:\/\/betriebsunterhalt.ch\/it\/istruzioni-per-le-foto\/#breadcrumb"},"inLanguage":"it-IT","potentialAction":[{"@type":"ReadAction","target":["https:\/\/betriebsunterhalt.ch\/it\/istruzioni-per-le-foto\/"]}]},{"@type":"BreadcrumbList","@id":"https:\/\/betriebsunterhalt.ch\/it\/istruzioni-per-le-foto\/#breadcrumb","itemListElement":[{"@type":"ListItem","position":1,"name":"Startseite","item":"https:\/\/betriebsunterhalt.ch\/it\/"},{"@type":"ListItem","position":2,"name":"Istruzioni per le foto"}]},{"@type":"WebSite","@id":"https:\/\/betriebsunterhalt.ch\/it\/#website","url":"https:\/\/betriebsunterhalt.ch\/it\/","name":"SFB Schweiz","description":"Wir halten die Zukunft in Betrieb!","potentialAction":[{"@type":"SearchAction","target":{"@type":"EntryPoint","urlTemplate":"https:\/\/betriebsunterhalt.ch\/it\/?s={search_term_string}"},"query-input":{"@type":"PropertyValueSpecification","valueRequired":true,"valueName":"search_term_string"}}],"inLanguage":"it-IT"}]}},"_links":{"self":[{"href":"https:\/\/betriebsunterhalt.ch\/it\/wp-json\/wp\/v2\/pages\/7962","targetHints":{"allow":["GET"]}}],"collection":[{"href":"https:\/\/betriebsunterhalt.ch\/it\/wp-json\/wp\/v2\/pages"}],"about":[{"href":"https:\/\/betriebsunterhalt.ch\/it\/wp-json\/wp\/v2\/types\/page"}],"author":[{"embeddable":true,"href":"https:\/\/betriebsunterhalt.ch\/it\/wp-json\/wp\/v2\/users\/2"}],"replies":[{"embeddable":true,"href":"https:\/\/betriebsunterhalt.ch\/it\/wp-json\/wp\/v2\/comments?post=7962"}],"version-history":[{"count":0,"href":"https:\/\/betriebsunterhalt.ch\/it\/wp-json\/wp\/v2\/pages\/7962\/revisions"}],"wp:attachment":[{"href":"https:\/\/betriebsunterhalt.ch\/it\/wp-json\/wp\/v2\/media?parent=7962"}],"curies":[{"name":"wp","href":"https:\/\/api.w.org\/{rel}","templated":true}]}}