{"id":12,"date":"2023-12-22T11:40:31","date_gmt":"2023-12-22T10:40:31","guid":{"rendered":"https:\/\/betriebsunterhalt.ch\/romandie\/?page_id=12"},"modified":"2026-04-21T08:27:32","modified_gmt":"2026-04-21T06:27:32","slug":"formation-pour-adultes","status":"publish","type":"page","link":"https:\/\/betriebsunterhalt.ch\/romandie\/formation-pour-adultes\/","title":{"rendered":"Formation pr\u00e9paratoire                                              Art. 32"},"content":{"rendered":"<h2>\n<p style=\"text-align: center;\">\n<p style=\"text-align: center;\">\u00ab\u00a0Des sp\u00e9cialistes bien form\u00e9s et inform\u00e9s constituent la base d\u2019une entreprise qui fonctionne bien\u00a0\u00bb.<\/p>\n<\/h2>\n<h1>Formation pr\u00e9paratoire &#8211; Article 32<\/h1>\n<div>\n<p><strong>CFC d\u2019Agent-e d\u2019Exploitation Art. 32<\/strong> &#8211; Cette proc\u00e9dure est ouverte aux personnes sans qualification officielle, mais justifiant une exp\u00e9rience professionnelle d\u2019au moins 5 ans, dont 2 \u00e0 4 ans dans le m\u00e9tier ou dans un m\u00e9tier \u00ab\u00a0apparent\u00e9\u00a0\u00bb.<\/p>\n<p><strong>Formation pr\u00e9paratoire<\/strong> \u00e0 l&rsquo;obtention du CFC d&rsquo;Agent-e d&rsquo;exploitation &#8211; nous vous proposons une formation pr\u00e9paratoire d&rsquo;une dur\u00e9e de <strong>9 mois.<br \/><\/strong><\/p>\n<p><strong data-start=\"55\" data-end=\"72\">Subventions :<\/strong> Plusieurs cantons romands octroient une subvention financi\u00e8re qui all\u00e8ge vos co\u00fbts de formation! Dans le canton de Vaud, le montant de la subvention s\u2019\u00e9l\u00e8ve \u00e0 <strong data-start=\"263\" data-end=\"278\" data-is-only-node=\"\">CHF 5&rsquo;900.\u2013<\/strong>. Pour plus d&rsquo;informations, contactez le service cantonal responsable de la formation professionnelle de votre canton.<br \/><strong>La proc\u00e9dure<\/strong> d&rsquo;inscription \u00e0 l&rsquo;article 32 consiste d&rsquo;abord \u00e0 d\u00e9poser une demande d&rsquo;admission aux examens aupr\u00e8s du portail de la Certification Professionnelle pour Adultes de votre canton de domicile. Une fois la demande valid\u00e9e, vous pouvez vous inscrire \u00e0 notre formation.<\/p>\n<\/div>\n<ul>\n<li>\n<h3>Cadre l\u00e9gal<\/h3>\n<div>\n<p><a href=\"https:\/\/betriebsunterhalt.ch\/romandie\/wp-content\/uploads\/sites\/8\/2025\/02\/80202-CFC.pdf\">Ordonnance 80202 &#8211; CFC<\/a><\/p>\n<p><a href=\"https:\/\/betriebsunterhalt.ch\/romandie\/wp-content\/uploads\/sites\/8\/2025\/02\/80202-CFC-1.pdf\">Plan de formation 80202 &#8211; CFC<\/a><\/p>\n<p><a href=\"https:\/\/betriebsunterhalt.ch\/romandie\/wp-content\/uploads\/sites\/8\/2025\/02\/Disposition-dexecution-relatives-a-la-PQ.pdf\">Disposition d&rsquo;ex\u00e9cution relatives \u00e0 la PQ<\/a><\/p>\n<\/div>\n<\/li>\n<li>\n<h3>Programme de formation<\/h3>\n<div>\n<p><a href=\"https:\/\/betriebsunterhalt.ch\/romandie\/wp-content\/uploads\/sites\/8\/2026\/01\/Programme-formation-AGEX-Art.-32.pdf\">Programme formation AGEX Art. 32<\/a><\/p>\n<\/div>\n<\/li>\n<li>\n<h3>Liste professions apparent\u00e9es<\/h3>\n<div>\n<p><a href=\"https:\/\/betriebsunterhalt.ch\/romandie\/wp-content\/uploads\/sites\/8\/2026\/01\/80202_professions-apparentees.pdf\">80202_professions-apparentees<\/a><\/p>\n<\/div>\n<\/li>\n<li>\n<h3>Inscription aupr\u00e8s du  service de la formation professionnelle  de votre canton<\/h3>\n<div>\n<p><strong>Pour effectuer votre inscription \u00e0 l&rsquo;examen aupr\u00e8s de votre canton\u00a0de domicile<\/strong><\/p>\n<p><span>1. VAUD\u00a0: \u00e0 remplir en ligne ! <a href=\"https:\/\/www.vd.ch\/themes\/formation\/formations-pour-les-adultes\/certification-professionnelle-pour-adultes-cfc-afp\/\" target=\"_blank\" rel=\"noopener\">site internet<\/a><\/span><\/p>\n<p><span>2. FRIBOURG :\u00a0<a href=\"https:\/\/www.fr.ch\/formation-et-ecoles\/formation-professionnelle\">site internet<\/a><\/span><a href=\"https:\/\/www.fr.ch\/formation-et-ecoles\/formation-professionnelle\"><span>\u00a0<\/span><\/a><\/p>\n<p><span>3. GENEVE :\u00a0 <a href=\"https:\/\/www.ge.ch\/se-qualifier-se-former-tant-qu-adulte\/obtenir-afp-cfc\" target=\"_blank\" rel=\"noopener\">site internet<\/a><a href=\"https:\/\/www.betriebsunterhalt.ch\/images\/stories\/formation\/cfc\/Qualification_dossier_admission.pdf\"><\/a><a href=\"https:\/\/www.betriebsunterhalt.ch\/images\/stories\/formation\/cfc\/Qualification_dossier_admission.pdf\"><br \/><\/a><\/span><\/p>\n<p><span>4. VALAIS : <a href=\"http:\/\/www.vs.ch\/cpa\">site internet<br \/><\/a><\/span><\/p>\n<p><span>5. NEUCHATEL : <a href=\"https:\/\/www.ne.ch\/autorites\/DEF\/SFPO\/formations\/Pages\/Article-32-et-VAE.aspx\" target=\"_blank\" rel=\"noopener\">site internet<\/a><a href=\"https:\/\/www.betriebsunterhalt.ch\/images\/stories\/Art32_Neuchatel.pdf\" target=\"_blank\" rel=\"noopener noreferrer\"><br \/><\/a><\/span><\/p>\n<p><span>6. JURA\u00a0: <a href=\"https:\/\/www.jura.ch\/fr\/Autorites\/Administration\/DFCS\/Formation-postobligatoire-SFP\/Formation-et-certification-des-adultes\/Certification-pour-adultes.html\" target=\"_blank\" rel=\"noopener\">site internet<\/a><a href=\"https:\/\/www.betriebsunterhalt.ch\/images\/stories\/vademecumarticle32.pdf\" target=\"_blank\" rel=\"noopener noreferrer\"><br \/><\/a><\/span><\/p>\n<p><span>7. BERNE : <a href=\"https:\/\/www.biz.bkd.be.ch\/fr\/start\/themen\/laufbahn\/berufsabschluss-fuer-erwachsene\/direkte-zulassung-zur-abschlusspruefung.html\" target=\"_blank\" rel=\"noopener\">site internet<\/a><\/span><\/p>\n<\/div>\n<\/li>\n<li>\n<h3>Inscription \u00e0 la formation pr\u00e9paratoire<\/h3>\n<div>\n<ul><\/ul>\n<p>Inscription pour ann\u00e9e scolaire 2026-2027<\/p>\n<p>ATTENTION : L\u2019inscription n\u2019est valable qu\u2019apr\u00e8s validation de votre dossier par le canton!<\/p>\n<\/p>\n<p><a href=\"https:\/\/betriebsunterhalt.ch\/romandie\/wp-content\/uploads\/sites\/8\/2025\/11\/AGEX-Art.-32-Formulaire-inscription.docx\">AGEX-Art.-32-Formulaire-inscription<\/a><\/p>\n<ul><\/ul>\n<\/p>\n<\/div>\n<\/li>\n<\/ul>\n<p><p>\n        <a href=\"\/romandie\/wp-content\/uploads\/sites\/8\/2026\/04\/Depliant-Art.-32-SFB-297-x-210-mm-6.pdf\">T\u00e9l\u00e9charger le flyer<\/a>\n    <\/p>\n<\/p>\n<p><!--more--><br \/>\n<!-- {\"name\":\"Weiterbildung\",\"type\":\"layout\",\"children\":[{\"name\":\"Header\",\"type\":\"section\",\"props\":{\"height\":\"page\",\"image\":\"wp-content\/uploads\/sites\/2\/2022\/01\/header_unterseite_0003_170262_2101.jpeg\",\"image_position\":\"center-center\",\"image_size\":\"cover\",\"image_width\":\"2560\",\"padding_bottom\":\"large\",\"padding_top\":\"large\",\"style\":\"default\",\"text_color\":\"light\",\"title_breakpoint\":\"xl\",\"title_position\":\"top-left\",\"title_rotation\":\"left\",\"vertical_align\":\"\",\"width\":\"\"},\"children\":[{\"type\":\"row\",\"children\":[{\"type\":\"column\",\"props\":{\"image_position\":\"center-center\",\"position_sticky_breakpoint\":\"m\",\"width_medium\":\"1-1\"}}]}]},{\"type\":\"section\",\"props\":{\"image_position\":\"center-center\",\"style\":\"default\",\"title_breakpoint\":\"xl\",\"title_position\":\"top-left\",\"title_rotation\":\"left\",\"vertical_align\":\"\",\"width\":\"default\"},\"children\":[{\"type\":\"row\",\"children\":[{\"type\":\"column\",\"props\":{\"image_position\":\"center-center\",\"position_sticky_breakpoint\":\"m\"},\"children\":[{\"type\":\"headline\",\"props\":{\"content\":\"\n\n<p style=\\\"text-align: center;\\\">\n\n\\n\n\n<p style=\\\"text-align: center;\\\">\\\"Des sp\u00e9cialistes bien form\u00e9s et inform\u00e9s constituent la base d\u2019une entreprise qui fonctionne bien\\\".<\/p>\n\n\",\"image_align\":\"left\",\"image_margin\":\"xsmall\",\"position\":\"relative\",\"position_top\":\"-40\",\"title_element\":\"h2\"}}]}]}]},{\"type\":\"section\",\"props\":{\"image_position\":\"center-center\",\"style\":\"default\",\"title_breakpoint\":\"xl\",\"title_position\":\"top-left\",\"title_rotation\":\"left\",\"vertical_align\":\"\",\"width\":\"default\"},\"children\":[{\"type\":\"row\",\"children\":[{\"type\":\"column\",\"props\":{\"image_position\":\"center-center\",\"position_sticky_breakpoint\":\"m\"},\"children\":[{\"type\":\"headline\",\"props\":{\"content\":\"Formation pr\u00e9paratoire - Article 32\",\"image_align\":\"left\",\"image_margin\":\"xsmall\",\"position\":\"relative\",\"position_top\":\"-130\",\"text_align\":\"center\",\"title_color\":\"secondary\",\"title_decoration\":\"bullet\",\"title_element\":\"h1\",\"title_style\":\"h1\"}},{\"type\":\"headline\",\"props\":{\"content\":\"\n\n<p><strong>CFC d\u2019Agent-e d\u2019Exploitation Art. 32<\/strong> - Cette proc\u00e9dure est ouverte aux personnes sans qualification officielle, mais justifiant une exp\u00e9rience professionnelle d\u2019au moins 5 ans, dont 2 \u00e0 4 ans dans le m\u00e9tier ou dans un m\u00e9tier \\\"apparent\u00e9\\\".<\/p>\n\n\\n\n\n<p><strong>Formation pr\u00e9paratoire<\/strong> \u00e0 l'obtention du CFC d'Agent-e d'exploitation - nous vous proposons une formation pr\u00e9paratoire d'une dur\u00e9e de <strong>9 mois.<br \/><\/strong><\/p>\n\n\\n\n\n<p><strong data-start=\\\"55\\\" data-end=\\\"72\\\">Subventions :<\/strong> Plusieurs cantons romands octroient une subvention financi\u00e8re qui all\u00e8ge vos co\u00fbts de formation! Dans le canton de Vaud, le montant de la subvention s\u2019\u00e9l\u00e8ve \u00e0 <strong data-start=\\\"263\\\" data-end=\\\"278\\\" data-is-only-node=\\\"\\\">CHF 5'900.\u2013<\/strong>. Pour plus d'informations, contactez le service cantonal responsable de la formation professionnelle de votre canton.<br \/><strong>La proc\u00e9dure<\/strong> d'inscription \u00e0 l'article 32 consiste d'abord \u00e0 d\u00e9poser une demande d'admission aux examens aupr\u00e8s du portail de la Certification Professionnelle pour Adultes de votre canton de domicile. Une fois la demande valid\u00e9e, vous pouvez vous inscrire \u00e0 notre formation.\n\n<\/p>\n\n\",\"image_align\":\"left\",\"image_margin\":\"xsmall\",\"position\":\"relative\",\"position_left\":\"0\",\"position_top\":\"-90\",\"title_element\":\"div\",\"title_font_family\":\"default\"}},{\"type\":\"accordion\",\"props\":{\"collapsible\":true,\"content_column\":\"1-3\",\"content_column_breakpoint\":\"\",\"content_margin\":\"small\",\"content_style\":\"lead\",\"image_align\":\"top\",\"image_border\":\"circle\",\"image_grid_breakpoint\":\"m\",\"image_grid_width\":\"1-2\",\"image_svg_color\":\"emphasis\",\"link_size\":\"small\",\"link_style\":\"primary\",\"link_text\":\"Read more\",\"maxwidth\":\"2xlarge\",\"position\":\"relative\",\"position_top\":\"-70\",\"show_image\":true,\"show_link\":true},\"children\":[{\"type\":\"accordion_item\",\"props\":{\"content\":\"\n\n<p><a href=\\\"https:\/\/betriebsunterhalt.ch\/romandie\/wp-content\/uploads\/sites\/8\/2025\/02\/80202-CFC.pdf\\\">Ordonnance 80202 - CFC<\/a><\/p>\n\n\\n\n\n<p><a href=\\\"https:\/\/betriebsunterhalt.ch\/romandie\/wp-content\/uploads\/sites\/8\/2025\/02\/80202-CFC-1.pdf\\\">Plan de formation 80202 - CFC<\/a><\/p>\n\n\\n\n\n<p><a href=\\\"https:\/\/betriebsunterhalt.ch\/romandie\/wp-content\/uploads\/sites\/8\/2025\/02\/Disposition-dexecution-relatives-a-la-PQ.pdf\\\">Disposition d'ex\u00e9cution relatives \u00e0 la PQ<\/a><\/p>\n\n\",\"title\":\"Cadre l\u00e9gal\"}},{\"type\":\"accordion_item\",\"props\":{\"content\":\"\n\n<p><a href=\\\"https:\/\/betriebsunterhalt.ch\/romandie\/wp-content\/uploads\/sites\/8\/2026\/01\/Programme-formation-AGEX-Art.-32.pdf\\\">Programme formation AGEX Art. 32<\/a><\/p>\n\n\",\"title\":\"Programme de formation\"}},{\"type\":\"accordion_item\",\"props\":{\"content\":\"\n\n<p><a href=\\\"https:\/\/betriebsunterhalt.ch\/romandie\/wp-content\/uploads\/sites\/8\/2026\/01\/80202_professions-apparentees.pdf\\\">80202_professions-apparentees<\/a><\/p>\n\n\",\"title\":\"Liste professions apparent\u00e9es\"}},{\"type\":\"accordion_item\",\"props\":{\"content\":\"\n\n<p><strong>Pour effectuer votre inscription \u00e0 l'examen aupr\u00e8s de votre canton\u00a0de domicile<\/strong><\/p>\n\n\\n\n\n<p><span>1. VAUD\u00a0: \u00e0 remplir en ligne ! <a href=\\\"https:\/\/www.vd.ch\/themes\/formation\/formations-pour-les-adultes\/certification-professionnelle-pour-adultes-cfc-afp\/\\\" target=\\\"_blank\\\" rel=\\\"noopener\\\">site internet<\/a><\/span><\/p>\n\n\\n\n\n<p><span>2. FRIBOURG :\u00a0<a href=\\\"https:\/\/www.fr.ch\/formation-et-ecoles\/formation-professionnelle\\\">site internet<\/a><\/span><a href=\\\"https:\/\/www.fr.ch\/formation-et-ecoles\/formation-professionnelle\\\"><span>\u00a0<\/span><\/a><\/p>\n\n\\n\n\n<p><span>3. GENEVE :\u00a0 <a href=\\\"https:\/\/www.ge.ch\/se-qualifier-se-former-tant-qu-adulte\/obtenir-afp-cfc\\\" target=\\\"_blank\\\" rel=\\\"noopener\\\">site internet<\/a><a href=\\\"https:\/\/www.betriebsunterhalt.ch\/images\/stories\/formation\/cfc\/Qualification_dossier_admission.pdf\\\"><\/a><a href=\\\"https:\/\/www.betriebsunterhalt.ch\/images\/stories\/formation\/cfc\/Qualification_dossier_admission.pdf\\\"><br \/><\/a><\/span><\/p>\n\n\\n\n\n<p><span>4. VALAIS : <a href=\\\"http:\/\/www.vs.ch\/cpa\\\">site internet<br \/><\/a><\/span><\/p>\n\n\\n\n\n<p><span>5. NEUCHATEL : <a href=\\\"https:\/\/www.ne.ch\/autorites\/DEF\/SFPO\/formations\/Pages\/Article-32-et-VAE.aspx\\\" target=\\\"_blank\\\" rel=\\\"noopener\\\">site internet<\/a><a href=\\\"https:\/\/www.betriebsunterhalt.ch\/images\/stories\/Art32_Neuchatel.pdf\\\" target=\\\"_blank\\\" rel=\\\"noopener noreferrer\\\"><br \/><\/a><\/span><\/p>\n\n\\n\n\n<p><span>6. JURA\u00a0: <a href=\\\"https:\/\/www.jura.ch\/fr\/Autorites\/Administration\/DFCS\/Formation-postobligatoire-SFP\/Formation-et-certification-des-adultes\/Certification-pour-adultes.html\\\" target=\\\"_blank\\\" rel=\\\"noopener\\\">site internet<\/a><a href=\\\"https:\/\/www.betriebsunterhalt.ch\/images\/stories\/vademecumarticle32.pdf\\\" target=\\\"_blank\\\" rel=\\\"noopener noreferrer\\\"><br \/><\/a><\/span><\/p>\n\n\\n\n\n<p><span>7. BERNE : <a href=\\\"https:\/\/www.biz.bkd.be.ch\/fr\/start\/themen\/laufbahn\/berufsabschluss-fuer-erwachsene\/direkte-zulassung-zur-abschlusspruefung.html\\\" target=\\\"_blank\\\" rel=\\\"noopener\\\">site internet<\/a><\/span><\/p>\n\n\",\"link_text\":\"Kursplan 2020\/2021\",\"title\":\"Inscription aupr\u00e8s du  service de la formation professionnelle  de votre canton\",\"yooessentials_access_conditions\":[],\"yooessentials_access_mode\":\"AND\"}},{\"type\":\"accordion_item\",\"props\":{\"content\":\"\n\n<ul><\/ul>\n\n\\n\n\n<p>Inscription pour ann\u00e9e scolaire 2026-2027<\/p>\n\n\\n\n\n<p>ATTENTION : L\u2019inscription n\u2019est valable qu\u2019apr\u00e8s validation de votre dossier par le canton!<\/p>\n\n\\n\n\n\n\n\\n\n\n<p><a href=\\\"https:\/\/betriebsunterhalt.ch\/romandie\/wp-content\/uploads\/sites\/8\/2025\/11\/AGEX-Art.-32-Formulaire-inscription.docx\\\">AGEX-Art.-32-Formulaire-inscription<\/a><\/p>\n\n\\n\n\n<ul><\/ul>\n\n\\n\n\n\n\n\",\"link_text\":\"Kursplan 2020\/2021\",\"title\":\"Inscription \u00e0 la formation pr\u00e9paratoire\"}}]},{\"type\":\"button\",\"props\":{\"grid_column_gap\":\"small\",\"grid_row_gap\":\"small\",\"margin_bottom\":\"default\",\"margin_top\":\"default\"},\"children\":[{\"type\":\"button_item\",\"props\":{\"button_style\":\"primary\",\"content\":\"T\u00e9l\u00e9charger le flyer\",\"dialog_layout\":\"modal\",\"dialog_offcanvas_flip\":true,\"icon\":\"file-pdf\",\"icon_align\":\"right\",\"link\":\"wp-content\/uploads\/sites\/8\/2026\/04\/Depliant-Art.-32-SFB-297-x-210-mm-6.pdf\"}}]}]}]}],\"name\":\"Formation pour adulte \u2013 Article 32\"},{\"type\":\"section\",\"props\":{\"image_position\":\"center-center\",\"style\":\"default\",\"title_breakpoint\":\"xl\",\"title_position\":\"top-left\",\"title_rotation\":\"left\",\"vertical_align\":\"\",\"width\":\"default\"},\"children\":[{\"type\":\"row\",\"children\":[{\"type\":\"column\",\"props\":{\"image_position\":\"center-center\",\"position_sticky_breakpoint\":\"m\"}}]}]}],\"version\":\"5.0.28\",\"yooessentialsVersion\":\"3.0.4\"} --><\/p>\n","protected":false},"excerpt":{"rendered":"<p>\u00ab\u00a0Des sp\u00e9cialistes bien form\u00e9s et inform\u00e9s constituent la base d\u2019une entreprise qui fonctionne bien\u00a0\u00bb. Formation pr\u00e9paratoire &#8211; Article 32 CFC d\u2019Agent-e d\u2019Exploitation Art. 32 &#8211; Cette proc\u00e9dure est ouverte aux personnes sans qualification officielle, mais justifiant une exp\u00e9rience professionnelle d\u2019au moins 5 ans, dont 2 \u00e0 4 ans dans le m\u00e9tier ou dans un m\u00e9tier [&hellip;]<\/p>\n","protected":false},"author":52,"featured_media":0,"parent":0,"menu_order":0,"comment_status":"closed","ping_status":"closed","template":"","meta":{"_acf_changed":false,"footnotes":""},"class_list":["post-12","page","type-page","status-publish","hentry"],"acf":[],"_links":{"self":[{"href":"https:\/\/betriebsunterhalt.ch\/romandie\/wp-json\/wp\/v2\/pages\/12","targetHints":{"allow":["GET"]}}],"collection":[{"href":"https:\/\/betriebsunterhalt.ch\/romandie\/wp-json\/wp\/v2\/pages"}],"about":[{"href":"https:\/\/betriebsunterhalt.ch\/romandie\/wp-json\/wp\/v2\/types\/page"}],"author":[{"embeddable":true,"href":"https:\/\/betriebsunterhalt.ch\/romandie\/wp-json\/wp\/v2\/users\/52"}],"replies":[{"embeddable":true,"href":"https:\/\/betriebsunterhalt.ch\/romandie\/wp-json\/wp\/v2\/comments?post=12"}],"version-history":[{"count":52,"href":"https:\/\/betriebsunterhalt.ch\/romandie\/wp-json\/wp\/v2\/pages\/12\/revisions"}],"predecessor-version":[{"id":2640,"href":"https:\/\/betriebsunterhalt.ch\/romandie\/wp-json\/wp\/v2\/pages\/12\/revisions\/2640"}],"wp:attachment":[{"href":"https:\/\/betriebsunterhalt.ch\/romandie\/wp-json\/wp\/v2\/media?parent=12"}],"curies":[{"name":"wp","href":"https:\/\/api.w.org\/{rel}","templated":true}]}}