{"id":2219,"date":"2023-06-21T11:37:02","date_gmt":"2023-06-21T09:37:02","guid":{"rendered":"https:\/\/betriebsunterhalt.ch\/zurich\/?page_id=2219"},"modified":"2025-07-15T15:26:05","modified_gmt":"2025-07-15T13:26:05","slug":"bestellung-digitale-lernmedien","status":"publish","type":"page","link":"https:\/\/betriebsunterhalt.ch\/zurich\/bestellung-digitale-lernmedien\/","title":{"rendered":"Konvink Bestellung digitale Lernmedien"},"content":{"rendered":"<h1>Bestellung digitale Lernmedien<\/h1>\n<div>\n<h3>Wichtige Mitteilung Konvink Bestellung ab Lehrstart 2025<\/h3>\n<div>\n<p><strong>Lehrbetriebe aus den <span>Kantonen Z\u00fcrich, Appenzell Innerrhoden und Ausserrhoden, Glarus, Graub\u00fcnden, St. Gallen, Schaffhausen, Schwyz und dem F\u00fcrstentum Liechtenstein<\/span><\/strong> k\u00f6nnen ab sofort die Zug\u00e4nge f\u00fcr ihre Lernenden und Berufsbildenden vom Berufsbildungsverantwortlichen \u00fcber OdAOrg bestellen \u2013 unabh\u00e4ngig davon, ob sie Mitglied beim SFB sind oder nicht.<\/p>\n<p>Bitte entnehmen Sie die Details aus dem untenstehenden Informationsschreiben.<\/p>\n<\/div>\n<p><a href=\"\/zurich\/wp-content\/uploads\/sites\/3\/2025\/07\/Informationen_Wegleitung_Konvink_ab-2025.pdf\">Informationsschreiben \/ Wegleitung Konvink Bestellung<\/a><\/p>\n<\/div>\n<p><p>\n        <a href=\"\/zurich\/wp-content\/uploads\/sites\/3\/2024\/05\/SFB_Zuerich_Konvink_AGB_Nutzungsbedingungen_ab-2024.pdf\">AGB (h\u00e4ufige Fragen \/ Antworten) und Nutzungsbedingungen Konvink<\/a>\n    <\/p>\n<\/p>\n<ul>\n<li>\n<h3>Infos zum Bestellablauf<\/h3>\n<div>\n<p>Lehrbetriebe bestellen Ihre Zug\u00e4nge direkt bei der zust\u00e4ndigen Sektion \u2013 unabh\u00e4ngig davon, ob sie Mitglied beim SFB sind oder nicht.<\/p>\n<\/div>\n<p><a href=\"https:\/\/betriebsunterhalt.ch\/bestell-und-vertriebsprozess-digitale-lernmedien\/\">Mehr zur Bestellung<\/a><\/p>\n<\/li>\n<li>\n<h3>Ihr Lehrbetrieb ist in einem anderen Kanton?<\/h3>\n<div>\n<p>Bestellen Sie Ihren Zugang bitte bei der zust\u00e4ndigen Sektion.<\/p>\n<\/div>\n<p><a href=\"https:\/\/betriebsunterhalt.ch\/bestell-und-vertriebsprozess-digitale-lernmedien\/\">Zu den Sektionen<\/a><\/p>\n<\/li>\n<\/ul>\n<div>\n<h3>Demo-Zugang f\u00fcr Berufsbildende<\/h3>\n<div>\n<p>Sie m\u00f6chten die neue digitale Lernumgebung schon vor Ausbildungsstart testen?<\/p>\n<\/div>\n<p><a href=\"https:\/\/betriebsunterhalt.ch\/demozugang-konvink-fuer-berufsbildende\/\">Demo-Zugang bestellen<\/a><\/p>\n<\/div>\n<p><!--more--><br \/>\n<!-- {\"type\":\"layout\",\"children\":[{\"name\":\"Slider\",\"type\":\"section\",\"props\":{\"height\":\"page\",\"image\":\"wp-content\\\/uploads\\\/sites\\\/2\\\/2022\\\/01\\\/header_unterseite_0008_170262_1779.jpeg\",\"image_position\":\"center-center\",\"image_size\":\"cover\",\"image_width\":\"2560\",\"padding\":\"large\",\"style\":\"default\",\"text_color\":\"light\",\"title_breakpoint\":\"xl\",\"title_position\":\"top-left\",\"title_rotation\":\"left\",\"vertical_align\":\"\",\"width\":\"\"},\"children\":[{\"type\":\"row\",\"children\":[{\"type\":\"column\",\"props\":{\"image_position\":\"center-center\",\"position_sticky_breakpoint\":\"m\",\"width_medium\":\"1-1\"}}]}]},{\"type\":\"section\",\"props\":{\"image_position\":\"center-center\",\"style\":\"default\",\"title_breakpoint\":\"xl\",\"title_position\":\"top-left\",\"title_rotation\":\"left\",\"vertical_align\":\"\",\"width\":\"small\"},\"children\":[{\"type\":\"row\",\"children\":[{\"type\":\"column\",\"props\":{\"image_position\":\"center-center\",\"position_sticky_breakpoint\":\"m\"},\"children\":[{\"type\":\"headline\",\"props\":{\"content\":\"Bestellung digitale Lernmedien\",\"text_align\":\"center\",\"title_decoration\":\"bullet\",\"title_element\":\"h1\"}},{\"type\":\"text\",\"props\":{\"block_align\":\"center\",\"column_breakpoint\":\"m\",\"content\":\"\n\n<p><strong>Wichtige Information f\\u00fcr Konvink Bestellungen mit Lehrstart 2024<\\\/strong><\\\/p>\\n\n\n<p><\\\/p>\\n\n\n<p><strong>Lehrbetriebe aus den <span>Kantonen Z\\u00fcrich, Appenzell Innerrhoden und Ausserrhoden, Glarus, Graub\\u00fcnden, St. Gallen, Schaffhausen, Schwyz und dem F\\u00fcrstentum Liechtenstein<\\\/span><\\\/strong> k\\u00f6nnen ab sofort die Zug\\u00e4nge f\\u00fcr ihre Lernenden und Berufsbildenden vom Berufsbildungsverantwortlichen \\u00fcber OdAOrg bestellen \\u2013 unabh\\u00e4ngig davon, ob sie Mitglied beim SFB sind oder nicht.<\\\/p>\\n\n\n<p>Bitte entnehmen Sie die Details aus dem untenstehenden Informationsschreiben.<\\\/p>\",\"margin\":\"large\",\"margin_remove_bottom\":false,\"maxwidth\":\"xlarge\",\"status\":\"disabled\",\"text_align\":\"center\"}},{\"type\":\"grid\",\"props\":{\"content_column_breakpoint\":\"m\",\"css\":\".el-link {\\n    line-height: 1.5;\\n    padding: 10px;\\n    border-radius: 4px;\\n}\",\"filter_align\":\"left\",\"filter_all\":true,\"filter_grid_breakpoint\":\"m\",\"filter_grid_width\":\"auto\",\"filter_position\":\"top\",\"filter_style\":\"tab\",\"grid_column_gap\":\"small\",\"grid_default\":\"1\",\"grid_medium\":\"1\",\"grid_row_gap\":\"small\",\"grid_small\":\"1\",\"icon_width\":80,\"image_align\":\"top\",\"image_grid_breakpoint\":\"m\",\"image_grid_width\":\"1-2\",\"image_svg_color\":\"emphasis\",\"image_width\":\"50\",\"item_animation\":true,\"lightbox_bg_close\":true,\"link_fullwidth\":false,\"link_style\":\"secondary\",\"link_target\":true,\"link_text\":\"Read more\",\"margin\":\"default\",\"meta_align\":\"below-title\",\"meta_element\":\"div\",\"meta_style\":\"text-meta\",\"panel_link\":true,\"panel_link_hover\":\"true\",\"panel_padding\":\"default\",\"panel_style\":\"card-primary\",\"parallax_easing\":\"1\",\"show_content\":true,\"show_hover_image\":true,\"show_hover_video\":true,\"show_image\":true,\"show_link\":true,\"show_meta\":true,\"show_title\":true,\"show_video\":true,\"text_align\":\"left\",\"title_align\":\"top\",\"title_element\":\"h3\",\"title_grid_breakpoint\":\"m\",\"title_grid_width\":\"1-2\",\"title_hover_style\":\"reset\",\"title_margin\":\"remove\"},\"children\":[{\"type\":\"grid_item\",\"props\":{\"content\":\"\n\n<p>Sie k\\u00f6nnen f\\u00fcr den Lehrstart 2025 die Konvink Zug\\u00e4nge f\\u00fcr Ihre Lernenden und Berufsbildenden ab <strong>1. April 2025<\\\/strong> vom Berufsbildungsverantwortlichen \\u00fcber OdAOrg bestellen \\u2013 unabh\\u00e4ngig davon, ob Sie Mitglied beim SFB sind oder nicht.<\\\/p>\\n\n\n<p><\\\/p>\\n\n\n<p><\\\/p>\",\"image\":\"\",\"link_text\":\"Informationsschreiben \\\/ Wegleitung Konvink Bestellung\",\"panel_style\":\"tile-secondary\",\"status\":\"disabled\",\"title\":\"Wichtige Mitteilung Konvink Bestellung ab Lehrstart 2025\",\"yooessentials_access_conditions\":[{\"type\":\"yooessentials_access_date\",\"id\":\"ci_F50C01\",\"props\":{\"publish_down\":\"2025-03-31\"}}],\"yooessentials_access_mode\":\"AND\"}},{\"type\":\"grid_item\",\"props\":{\"content\":\"\n\n<p><strong>Lehrbetriebe aus den <span>Kantonen Z\\u00fcrich, Appenzell Innerrhoden und Ausserrhoden, Glarus, Graub\\u00fcnden, St. Gallen, Schaffhausen, Schwyz und dem F\\u00fcrstentum Liechtenstein<\\\/span><\\\/strong> k\\u00f6nnen ab sofort die Zug\\u00e4nge f\\u00fcr ihre Lernenden und Berufsbildenden vom Berufsbildungsverantwortlichen \\u00fcber OdAOrg bestellen \\u2013 unabh\\u00e4ngig davon, ob sie Mitglied beim SFB sind oder nicht.<\\\/p>\\n\n\n<p>Bitte entnehmen Sie die Details aus dem untenstehenden Informationsschreiben.<\\\/p>\",\"image\":\"\",\"link\":\"wp-content\\\/uploads\\\/sites\\\/3\\\/2025\\\/07\\\/Informationen_Wegleitung_Konvink_ab-2025.pdf\",\"link_text\":\"Informationsschreiben \\\/ Wegleitung Konvink Bestellung\",\"panel_style\":\"tile-secondary\",\"title\":\"Wichtige Mitteilung Konvink Bestellung ab Lehrstart 2025\",\"yooessentials_access_conditions\":[{\"type\":\"yooessentials_access_date\",\"id\":\"ci_2D0118\",\"props\":{\"publish_up\":\"2025-04-01\",\"status\":\"disabled\"}}],\"yooessentials_access_mode\":\"AND\"}}]},{\"type\":\"button\",\"props\":{\"grid_column_gap\":\"small\",\"grid_row_gap\":\"small\",\"margin\":\"default\",\"text_align\":\"center\"},\"children\":[{\"type\":\"button_item\",\"props\":{\"button_style\":\"primary\",\"content\":\"AGB (h\\u00e4ufige Fragen \\\/ Antworten) und Nutzungsbedingungen Konvink\",\"dialog_layout\":\"modal\",\"dialog_offcanvas_flip\":true,\"icon\":\"file-pdf\",\"icon_align\":\"left\",\"link\":\"wp-content\\\/uploads\\\/sites\\\/3\\\/2024\\\/05\\\/SFB_Zuerich_Konvink_AGB_Nutzungsbedingungen_ab-2024.pdf\",\"link_target\":\"blank\"}}],\"name\":\"Konvink FAQ-Button\"},{\"type\":\"grid\",\"props\":{\"content_column_breakpoint\":\"m\",\"css\":\".el-link {\\n    line-height: 1.5;\\n    padding: 10px;\\n    border-radius: 4px;\\n}\",\"filter_align\":\"left\",\"filter_all\":true,\"filter_grid_breakpoint\":\"m\",\"filter_grid_width\":\"auto\",\"filter_position\":\"top\",\"filter_style\":\"tab\",\"grid_column_gap\":\"small\",\"grid_default\":\"1\",\"grid_medium\":\"2\",\"grid_row_gap\":\"small\",\"grid_small\":\"2\",\"icon_width\":80,\"image_align\":\"top\",\"image_grid_breakpoint\":\"m\",\"image_grid_width\":\"1-2\",\"image_svg_color\":\"emphasis\",\"image_width\":\"50\",\"item_animation\":true,\"lightbox_bg_close\":true,\"link_fullwidth\":false,\"link_style\":\"secondary\",\"link_target\":true,\"link_text\":\"Read more\",\"margin\":\"default\",\"meta_align\":\"below-title\",\"meta_element\":\"div\",\"meta_style\":\"text-meta\",\"panel_link\":true,\"panel_link_hover\":\"true\",\"panel_padding\":\"default\",\"panel_style\":\"card-primary\",\"parallax_easing\":\"1\",\"show_content\":true,\"show_hover_image\":true,\"show_hover_video\":true,\"show_image\":true,\"show_link\":true,\"show_meta\":true,\"show_title\":true,\"show_video\":true,\"text_align\":\"left\",\"title_align\":\"top\",\"title_element\":\"h3\",\"title_grid_breakpoint\":\"m\",\"title_grid_width\":\"1-2\",\"title_hover_style\":\"reset\",\"title_margin\":\"remove\"},\"children\":[{\"type\":\"grid_item\",\"props\":{\"content\":\"\n\n<p>Lehrbetriebe bestellen Ihre Zug\\u00e4nge direkt bei der zust\\u00e4ndigen Sektion \\u2013 unabh\\u00e4ngig davon, ob sie Mitglied beim SFB sind oder nicht.<\\\/p>\",\"image\":\"\",\"link\":\"https:\\\/\\\/betriebsunterhalt.ch\\\/bestell-und-vertriebsprozess-digitale-lernmedien\\\/\",\"link_text\":\"Mehr zur Bestellung\",\"title\":\"Infos zum Bestellablauf\"}},{\"type\":\"grid_item\",\"props\":{\"content\":\"\n\n<p>Bestellen Sie Ihren Zugang bitte bei der zust\\u00e4ndigen Sektion.<\\\/p>\",\"image\":\"\",\"link\":\"https:\\\/\\\/betriebsunterhalt.ch\\\/bestell-und-vertriebsprozess-digitale-lernmedien\\\/\",\"link_text\":\"Zu den Sektionen\",\"title\":\"Ihr Lehrbetrieb ist in einem anderen Kanton?\"}}]},{\"type\":\"grid\",\"props\":{\"content_column_breakpoint\":\"m\",\"css\":\".el-link {\\n    line-height: 1.5;\\n    padding: 10px;\\n    border-radius: 4px;\\n}\",\"filter_align\":\"left\",\"filter_all\":true,\"filter_grid_breakpoint\":\"m\",\"filter_grid_width\":\"auto\",\"filter_position\":\"top\",\"filter_style\":\"tab\",\"grid_column_gap\":\"small\",\"grid_default\":\"1\",\"grid_medium\":\"2\",\"grid_row_gap\":\"small\",\"grid_small\":\"2\",\"icon_width\":80,\"image_align\":\"top\",\"image_grid_breakpoint\":\"m\",\"image_grid_width\":\"1-2\",\"image_svg_color\":\"emphasis\",\"image_width\":\"50\",\"item_animation\":true,\"lightbox_bg_close\":true,\"link_fullwidth\":false,\"link_style\":\"secondary\",\"link_target\":true,\"link_text\":\"Read more\",\"margin\":\"default\",\"meta_align\":\"below-title\",\"meta_element\":\"div\",\"meta_style\":\"text-meta\",\"panel_link\":false,\"panel_padding\":\"default\",\"panel_style\":\"card-secondary\",\"parallax_easing\":\"1\",\"show_content\":true,\"show_hover_image\":true,\"show_hover_video\":true,\"show_image\":true,\"show_link\":true,\"show_meta\":true,\"show_title\":true,\"show_video\":true,\"text_align\":\"left\",\"title_align\":\"top\",\"title_element\":\"h3\",\"title_grid_breakpoint\":\"m\",\"title_grid_width\":\"1-2\",\"title_hover_style\":\"reset\",\"title_margin\":\"remove\"},\"children\":[{\"type\":\"grid_item\",\"props\":{\"content\":\"\n\n<p>Sie m\\u00f6chten die neue digitale Lernumgebung schon vor Ausbildungsstart testen?<\\\/p>\",\"image\":\"\",\"link\":\"https:\\\/\\\/betriebsunterhalt.ch\\\/demozugang-konvink-fuer-berufsbildende\\\/\",\"link_text\":\"Demo-Zugang bestellen\",\"panel_style\":\"tile-primary\",\"title\":\"Demo-Zugang f\\u00fcr Berufsbildende\"}},{\"type\":\"grid_item\",\"props\":{\"content\":\"\n\n<p><span>f\\u00fcr Berufsbildende einer Sektion des SFB Schweiz<br \\\/><\\\/span><\\\/p>\",\"link\":\"https:\\\/\\\/de.surveymonkey.com\\\/r\\\/bb-schulung_sfb\",\"link_text\":\"Daten und Anmeldung\",\"panel_style\":\"tile-primary\",\"status\":\"disabled\",\"title\":\"Einf\\u00fchrung in die digitale Lernumgebung\"}}]}]}]}]},{\"type\":\"section\",\"props\":{\"id\":\"formular\",\"image_position\":\"center-center\",\"status\":\"disabled\",\"style\":\"default\",\"title_breakpoint\":\"xl\",\"title_position\":\"top-left\",\"title_rotation\":\"left\",\"vertical_align\":\"\",\"width\":\"default\",\"yooessentials_access_conditions\":[{\"type\":\"yooessentials_access_useraccess\",\"id\":\"ci_A5A4EE\",\"props\":{\"levels\":[\"_guest\"],\"reversed\":true}}],\"yooessentials_access_mode\":\"OR\"},\"children\":[{\"type\":\"row\",\"children\":[{\"type\":\"column\",\"props\":{\"image_position\":\"center-center\",\"position_sticky_breakpoint\":\"m\"},\"children\":[{\"type\":\"headline\",\"props\":{\"content\":\"Bestellformular\",\"text_align\":\"center\",\"title_decoration\":\"bullet\",\"title_element\":\"h2\"}},{\"type\":\"text\",\"props\":{\"column_breakpoint\":\"m\",\"content\":\"\n\n<p>[formidable id=8]<\\\/p>\",\"css\":\"h3 {\\n    text-transform: none; \\n    letter-spacing:0;\\n    margin-top: 20px;\\n    font-size: 24px;\\n    border: none;\\n}\\n\\nh3::before {\\n    content: \\\"\\\";\\n    display: inline-block;\\n    position: relative;\\n    top: calc(-0.1 * 1em);\\n    vertical-align: middle;\\n    height: calc(4px + 0.7em);\\n    margin-right: calc(5px + 0.2em);\\n    border-left: calc(5px + 0.1em) solid #E86914;\\n}\\nh4 {\\n    text-transform: none; \\n    letter-spacing:0;\\n    margin-top: 20px;\\n    font-size: 16px\\n}\\n\\nlabel, p, .frm_primary_label {font-size: 16px;}\\n\\n.frm_repeat_sec {\\n    background: #F0F0F0;\\n    padding: 20px;\\n    border-radius: 4px;\\n}\\n.frm_icon_font {\\n    line-height: 1;\\n}\\n\\nbutton, .frm_button {\\n    list-style: none;\\n    margin: 15px 15px 0 0;\\n    padding: 10px 30px;\\n    background: #fe7902;\\n    border-radius: 4px;\\n    color: white;\\n    transition: ease .3s;\\n    border: none;\\n}\\n\\nbutton {\\n    background: #0477bc;\\n}\\n\\n.frm_button:hover\\n{background: #0477bc;\\n}\\n\\nbutton:hover\\n{background: #fe7902;\\n}\\n\\n.frm_repeat_buttons {\\n    border-bottom: 2px dotted #fe7902;\\n    padding-bottom: 20px;\\n}\\n\\n.groesser {\\n\\tfont-size: 20px;\\n}\\n\\n#frm_field_57_container {\\n    margin-top: 20px;\\n}\",\"margin\":\"medium\",\"text_align\":\"center\"}}]}]}]},{\"type\":\"section\",\"props\":{\"id\":\"faq\",\"image_position\":\"center-center\",\"status\":\"disabled\",\"style\":\"default\",\"title_breakpoint\":\"xl\",\"title_position\":\"top-left\",\"title_rotation\":\"left\",\"vertical_align\":\"\",\"width\":\"default\"},\"children\":[{\"type\":\"row\",\"children\":[{\"type\":\"column\",\"props\":{\"image_position\":\"center-center\",\"position_sticky_breakpoint\":\"m\"},\"children\":[{\"type\":\"headline\",\"props\":{\"content\":\"FAQ\",\"text_align\":\"center\",\"title_decoration\":\"bullet\",\"title_element\":\"h2\"}},{\"type\":\"accordion\",\"props\":{\"collapsible\":true,\"content_column_breakpoint\":\"m\",\"image_align\":\"top\",\"image_grid_breakpoint\":\"m\",\"image_grid_width\":\"1-2\",\"image_svg_color\":\"emphasis\",\"link_style\":\"primary\",\"link_target\":true,\"link_text\":\"Read more\",\"show_image\":true,\"show_link\":true},\"children\":[{\"type\":\"accordion_item\",\"props\":{\"content\":\"\n\n<p>Nein. Bei allen Produkten ist ein kostenloser Zugang f\\u00fcr den\\\/die Berufsbildner\\\/in enthalten. <br \\\/>Praxisbildner\\\/innen ben\\u00f6tigen keinen pers\\u00f6nlichen Zugang zu Konvink, da der\\\/die Lernende einzelne Inhalte seiner\\\/ihrer Online-Lerndokumentation mit beliebigen Personen ohne eigenen Konvink-Zugang teilen kann. Er\\\/sie kann beispielsweise eingeladen werden, die Dokumentation eines Praxisauftrags anzuschauen oder eine Fremdeinsch\\u00e4tzung zum Kompetenzraster abzugeben.<\\\/p>\",\"title\":\"Muss ich als Ausbildungsbetrieb eigene Konvink-Zug\\u00e4nge f\\u00fcr meine Berufsbildner\\\/innen und\\\/oder Praxisbildner\\\/innen erwerben?\"}},{\"type\":\"accordion_item\",\"props\":{\"content\":\"\n\n<p>Den genauen Zeitpunkt wird Ihnen nach der Bestellung von der Sektion mitgeteilt. Dieser ist abh\\u00e4ngig vom Bestelldatum.<br \\\/>Bei Fragen wenden Sie sich gerne an die entsprechende Sektion.<\\\/p>\",\"title\":\"Wann erhalte ich meine Konvink Einladung per E-Mail?\"}},{\"type\":\"accordion_item\",\"props\":{\"content\":\"\n\n<p>Alle auf Konvink erfassten Personen k\\u00f6nnen jederzeit selbst\\u00e4ndig ein neues Einladungs-E-Mail ausl\\u00f6sen. Gehen Sie dazu auf www.konvink.ch\\\/login und geben Sie unter \\u00abKein Einladungslink?\\u00bb die gemeldete E-Mail-Adresse ein.<\\\/p>\",\"link\":\"www.konvink.ch\\\/login \",\"link_text\":\"Neue Einladungs-E-Mail ausl\\u00f6sen\",\"title\":\"Mein Einladungs-E-Mail von Konvink habe ich nicht erhalten \\u2013 was ist zu tun?\"}},{\"type\":\"accordion_item\",\"props\":{\"content\":\"\n\n<p>Wird das Ausbildungsverh\\u00e4ltnis bis am 16. November aufgel\\u00f6st, wird der Kaufbetrag dem Lehrbetrieb zur\\u00fcckerstattet. In diesem Falle werden die Konvink-Zug\\u00e4nge f\\u00fcr Lernende und Berufsbildner\\\/innen geschlossen.<br \\\/>F\\u00fcr Lehrabbr\\u00fcche nach dem 16. November wird der Kaufbetrag nicht mehr zur\\u00fcckerstattet. Die Zug\\u00e4nge f\\u00fcr Lernende bleiben bestehen und k\\u00f6nnen in der Berufsfachschule sowie bei einem k\\u00fcnftigen Betrieb weiterverwendet werden.<br \\\/>Bitte melden Sie einen Lehrabbruch direkt bei der entsprechenden Sektion.<\\\/p>\",\"title\":\"Was passiert bei einem Lehrabbruch?\"}},{\"type\":\"accordion_item\",\"props\":{\"content\":\"\n\n<p>Wechselt ein\\\/e Lernende\\\/r die Ausbildung von EBA zu EFZ oder EFZ zu EBA ist dies an die entsprechende Sektion zu melden. Der Konvink Zugang wird entsprechend f\\u00fcr die Lernenden sowie den\\\/die gemeldete\\\/n Berufsbildner\\\/in angepasst.<\\\/p>\\n\n\n<p>Im Falle vom Wechsel EBA zu EFZ wird die Differenz des Kaufvertrags f\\u00e4llig und von der Sektion in Rechnung gestellt.<\\\/p>\",\"title\":\"Was passiert im Falle des Wechsels der Grundbildung (von EBA zu EFZ oder umgekehrt)?\"}},{\"type\":\"accordion_item\",\"props\":{\"content\":\"\n\n<p>Lehrbetriebswechsel bis 16. November des ersten Ausbildungsjahres k\\u00f6nnen als Lehrabbruch angesehen werden. Die Kosten des alten Betriebes werden zur\\u00fcckerstattet und der neue Betrieb bestellt eine neue Lizenz.<\\\/p>\\n\n\n<p>Bei Lehrbetriebswechsel nach dem 16. November muss der Zugang des Betriebes angepasst werden. Der Zugang der Lernenden bleibt dabei bestehen.<\\\/p>\\n\n\n<p>Bitte melden Sie einen Wechsel des Lehrbetriebs an die entsprechende Sektion.<\\\/p>\",\"title\":\"Was passiert im Falle eines Wechsels des Lehrbetriebs?\"}},{\"type\":\"accordion_item\",\"props\":{\"content\":\"\n\n<p>Wechselt der\\\/die verantwortliche Berufsbildner\\\/in kann dies direkt an Konvink gemeldet werden. Wichtig sind die kompletten Informationen zum\\\/zur bestehenden Berufsbildner\\\/in \\u2013 dieser Zugang wird entfernt und der\\\/die neue Berufsbildner\\\/in erh\\u00e4lt ein Einladungs-E-Mail.<\\\/p>\",\"title\":\"Wo melde ich den Wechsel eines\\\/einer Berufsbildner\\\/in?\"}}],\"name\":\"Konvink FAQ\"}]}]}]}],\"version\":\"4.5.23\",\"yooessentialsVersion\":\"2.4.0-rc\"} --><\/p>\n","protected":false},"excerpt":{"rendered":"<p>Bestellung digitale Lernmedien Wichtige Mitteilung Konvink Bestellung ab Lehrstart 2025 Lehrbetriebe aus den Kantonen Z\u00fcrich, Appenzell Innerrhoden und Ausserrhoden, Glarus, Graub\u00fcnden, St. Gallen, Schaffhausen, Schwyz und dem F\u00fcrstentum Liechtenstein k\u00f6nnen ab sofort die Zug\u00e4nge f\u00fcr ihre Lernenden und Berufsbildenden vom Berufsbildungsverantwortlichen \u00fcber OdAOrg bestellen \u2013 unabh\u00e4ngig davon, ob sie Mitglied beim SFB sind oder nicht. [&hellip;]<\/p>\n","protected":false},"author":2,"featured_media":0,"parent":0,"menu_order":0,"comment_status":"closed","ping_status":"closed","template":"","meta":{"_acf_changed":false,"footnotes":""},"class_list":["post-2219","page","type-page","status-publish","hentry"],"acf":[],"_links":{"self":[{"href":"https:\/\/betriebsunterhalt.ch\/zurich\/wp-json\/wp\/v2\/pages\/2219","targetHints":{"allow":["GET"]}}],"collection":[{"href":"https:\/\/betriebsunterhalt.ch\/zurich\/wp-json\/wp\/v2\/pages"}],"about":[{"href":"https:\/\/betriebsunterhalt.ch\/zurich\/wp-json\/wp\/v2\/types\/page"}],"author":[{"embeddable":true,"href":"https:\/\/betriebsunterhalt.ch\/zurich\/wp-json\/wp\/v2\/users\/2"}],"replies":[{"embeddable":true,"href":"https:\/\/betriebsunterhalt.ch\/zurich\/wp-json\/wp\/v2\/comments?post=2219"}],"version-history":[{"count":0,"href":"https:\/\/betriebsunterhalt.ch\/zurich\/wp-json\/wp\/v2\/pages\/2219\/revisions"}],"wp:attachment":[{"href":"https:\/\/betriebsunterhalt.ch\/zurich\/wp-json\/wp\/v2\/media?parent=2219"}],"curies":[{"name":"wp","href":"https:\/\/api.w.org\/{rel}","templated":true}]}}