{"id":402,"date":"2022-02-22T15:15:05","date_gmt":"2022-02-22T15:15:05","guid":{"rendered":"https:\/\/betriebsunterhalt.ch\/zurich\/?page_id=402"},"modified":"2022-05-04T10:33:09","modified_gmt":"2022-05-04T08:33:09","slug":"newsletter-archiv","status":"publish","type":"page","link":"https:\/\/betriebsunterhalt.ch\/zurich\/newsletter-archiv\/","title":{"rendered":"Newsletter-Archiv"},"content":{"rendered":"<h1>Newsletter-Archiv<\/h1>\n<div>\n<p>Unterhaltsam, aktuell und viel Hintergrund-Wissen: Mit unseren Newslettern bleiben Sie informiert. Haben Sie etwas verpasst, m\u00f6chten Sie nochmals etwas nachlesen? Hier finden Sie die letzten Ausgaben, fein s\u00e4uberlich geordnet und \u00fcbersichtlich pr\u00e4sentiert.<\/p>\n<\/div>\n<div>\n<\/div>\n<p><!--more--><br \/>\n<!-- {\"name\":\"Lehre\",\"type\":\"layout\",\"children\":[{\"name\":\"Header\",\"type\":\"section\",\"props\":{\"style\":\"default\",\"width\":\"\",\"vertical_align\":\"middle\",\"title_position\":\"top-left\",\"title_rotation\":\"left\",\"title_breakpoint\":\"xl\",\"image_position\":\"center-center\",\"padding\":\"large\",\"image\":\"wp-content\\\/uploads\\\/sites\\\/3\\\/2022\\\/02\\\/header_unterseite_0002_170262_2222.jpg\",\"text_color\":\"light\",\"image_size\":\"cover\",\"image_width\":\"2560\",\"height\":\"expand\"},\"children\":[{\"name\":\"\",\"type\":\"row\",\"children\":[{\"name\":\"\",\"type\":\"column\",\"props\":{\"image_position\":\"center-center\",\"width_medium\":\"1-1\",\"media_overlay_gradient\":\"\",\"position_sticky_breakpoint\":\"m\"},\"children\":[]}]}]},{\"type\":\"section\",\"props\":{\"style\":\"default\",\"width\":\"default\",\"vertical_align\":\"middle\",\"title_position\":\"top-left\",\"title_rotation\":\"left\",\"title_breakpoint\":\"xl\",\"image_position\":\"center-center\"},\"children\":[{\"type\":\"row\",\"children\":[{\"type\":\"column\",\"props\":{\"image_position\":\"center-center\",\"media_overlay_gradient\":\"\",\"position_sticky_breakpoint\":\"m\"},\"children\":[{\"type\":\"headline\",\"props\":{\"title_element\":\"h1\",\"content\":\"Newsletter-Archiv\",\"text_align\":\"center\",\"title_decoration\":\"bullet\"}},{\"type\":\"text\",\"props\":{\"margin\":\"medium\",\"column_breakpoint\":\"m\",\"content\":\"\n\n<p>Unterhaltsam, aktuell und viel Hintergrund-Wissen: Mit unseren Newslettern bleiben Sie informiert. Haben Sie etwas verpasst, m\\u00f6chten Sie nochmals etwas nachlesen? Hier finden Sie die letzten Ausgaben, fein s\\u00e4uberlich geordnet und \\u00fcbersichtlich pr\\u00e4sentiert.<\\\/p>\",\"text_style\":\"lead\",\"text_align\":\"center\"}},{\"type\":\"grid\",\"props\":{\"show_title\":true,\"show_meta\":true,\"show_content\":true,\"show_image\":true,\"show_link\":true,\"grid_default\":\"1\",\"grid_medium\":\"3\",\"filter_style\":\"tab\",\"filter_all\":true,\"filter_position\":\"top\",\"filter_align\":\"left\",\"filter_grid_width\":\"auto\",\"filter_grid_breakpoint\":\"m\",\"title_hover_style\":\"reset\",\"title_element\":\"h3\",\"title_align\":\"top\",\"title_grid_width\":\"1-2\",\"title_grid_breakpoint\":\"m\",\"meta_style\":\"meta\",\"meta_align\":\"below-title\",\"meta_element\":\"div\",\"content_column_breakpoint\":\"m\",\"icon_width\":80,\"image_align\":\"top\",\"image_grid_width\":\"1-2\",\"image_grid_breakpoint\":\"m\",\"image_svg_color\":\"emphasis\",\"link_text\":\"Read more\",\"link_style\":\"secondary\",\"margin\":\"default\",\"item_animation\":true,\"grid_small\":\"2\",\"panel_link\":false,\"panel_padding\":\"small\",\"text_align\":\"center\",\"content_style\":\"lead\",\"content_margin\":\"small\",\"link_target\":true,\"image_width\":\"150\",\"image_link\":true},\"children\":[{\"type\":\"grid_item\",\"props\":{\"link_text\":\"Download\",\"panel_style\":\"card-primary\"},\"source\":{\"query\":{\"name\":\"newsletters.customNewsletters\",\"arguments\":{\"users\":[],\"users_operator\":\"IN\",\"offset\":0,\"limit\":9,\"order\":\"date\",\"order_direction\":\"DESC\"}},\"props\":{\"title\":{\"filters\":{\"search\":\"\"},\"name\":\"title\"},\"content\":{\"filters\":{\"search\":\"\"},\"arguments\":{\"show_intro_text\":true},\"name\":\"content\"},\"image\":{\"filters\":{\"search\":\"\"},\"name\":\"featuredImage.url\"},\"image_alt\":{\"filters\":{\"search\":\"\"},\"name\":\"title\"},\"link\":{\"filters\":{\"search\":\"\"},\"name\":\"field.pdf_datei.url\"}}}}]}]}]}],\"name\":\"Archiv\"}],\"version\":\"2.7.16\",\"yooessentialsVersion\":\"1.5.12\"} --><\/p>\n","protected":false},"excerpt":{"rendered":"<p>Newsletter-Archiv Unterhaltsam, aktuell und viel Hintergrund-Wissen: Mit unseren Newslettern bleiben Sie informiert. Haben Sie etwas verpasst, m\u00f6chten Sie nochmals etwas nachlesen? Hier finden Sie die letzten Ausgaben, fein s\u00e4uberlich geordnet und \u00fcbersichtlich pr\u00e4sentiert.<\/p>\n","protected":false},"author":2,"featured_media":0,"parent":0,"menu_order":0,"comment_status":"closed","ping_status":"closed","template":"","meta":{"_acf_changed":false,"footnotes":""},"class_list":["post-402","page","type-page","status-publish","hentry"],"acf":[],"_links":{"self":[{"href":"https:\/\/betriebsunterhalt.ch\/zurich\/wp-json\/wp\/v2\/pages\/402","targetHints":{"allow":["GET"]}}],"collection":[{"href":"https:\/\/betriebsunterhalt.ch\/zurich\/wp-json\/wp\/v2\/pages"}],"about":[{"href":"https:\/\/betriebsunterhalt.ch\/zurich\/wp-json\/wp\/v2\/types\/page"}],"author":[{"embeddable":true,"href":"https:\/\/betriebsunterhalt.ch\/zurich\/wp-json\/wp\/v2\/users\/2"}],"replies":[{"embeddable":true,"href":"https:\/\/betriebsunterhalt.ch\/zurich\/wp-json\/wp\/v2\/comments?post=402"}],"version-history":[{"count":0,"href":"https:\/\/betriebsunterhalt.ch\/zurich\/wp-json\/wp\/v2\/pages\/402\/revisions"}],"wp:attachment":[{"href":"https:\/\/betriebsunterhalt.ch\/zurich\/wp-json\/wp\/v2\/media?parent=402"}],"curies":[{"name":"wp","href":"https:\/\/api.w.org\/{rel}","templated":true}]}}